{"id":149151,"date":"2021-01-15T10:58:57","date_gmt":"2021-01-15T10:58:57","guid":{"rendered":"https:\/\/codengine3.ch\/?product=import-placeholder-for-208237"},"modified":"2021-02-03T16:19:05","modified_gmt":"2021-02-03T15:19:05","slug":"slacklinefuehrer-der-schweiz","status":"publish","type":"product","link":"https:\/\/pizbube.ch\/en\/shop\/slacklinefuehrer-der-schweiz\/","title":{"rendered":"Slacklinef\u00fchrer der Schweiz"},"content":{"rendered":"<p>Slacklinen kann man ja Grunds\u00e4tzlich \u00fcberall, doch wo ist \u00fcberall denn<br \/>\neigentlich? Wohin lohnt es sich zu fahren und seine Slackline hin zu tragen,<br \/>\nwo m\u00f6glich \u00fcber mehrere Stunden? Diese Fragen werden hier beantwortet.<\/p>\n<p>Im Slacklinef\u00fchrer der Schweiz sind ausgew\u00e4hlte Pl\u00e4tz beschrieben, welche fix<br \/>\nund fertig eingerichtet sind. Hier lohnt es sich die Slackline hin zu tragen.<br \/>\nDer Slacklinef\u00fchrer soll den Familien einen geeigneten Platz zum Slacken<br \/>\nzeigen, sowie dem ambitionierten Slacker eine herausfordernde Line bieten.<\/p>","protected":false},"excerpt":{"rendered":"<p>Slacklinen kann man ja Grunds\u00e4tzlich \u00fcberall, doch wo ist \u00fcberall denn eigentlich? Wohin lohnt es sich zu fahren und seine Slackline hin zu tragen, wo m\u00f6glich \u00fcber mehrere Stunden? Diese Fragen werden hier beantwortet. Im Slacklinef\u00fchrer der Schweiz sind ausgew\u00e4hlte Pl\u00e4tz beschrieben, welche fix und fertig eingerichtet sind. Hier lohnt es sich die Slackline hin [&#8230;]\n","protected":false},"featured_media":39728,"template":"","meta":[],"product_brand":[],"product_cat":[21544],"product_tag":[],"class_list":{"0":"post-149151","1":"product","2":"type-product","3":"status-publish","4":"has-post-thumbnail","6":"product_cat-fuehrerliteratur-alpin-sommer","7":"pa_autor-marti","8":"pa_erscheinungsjahr-21597","9":"pa_region-schweiz","10":"pa_sprache-de","12":"first","13":"instock","14":"taxable","15":"shipping-taxable","16":"purchasable","17":"product-type-simple"},"_links":{"self":[{"href":"https:\/\/pizbube.ch\/en\/wp-json\/wp\/v2\/product\/149151","targetHints":{"allow":["GET"]}}],"collection":[{"href":"https:\/\/pizbube.ch\/en\/wp-json\/wp\/v2\/product"}],"about":[{"href":"https:\/\/pizbube.ch\/en\/wp-json\/wp\/v2\/types\/product"}],"wp:featuredmedia":[{"embeddable":true,"href":"https:\/\/pizbube.ch\/en\/wp-json\/wp\/v2\/media\/39728"}],"wp:attachment":[{"href":"https:\/\/pizbube.ch\/en\/wp-json\/wp\/v2\/media?parent=149151"}],"wp:term":[{"taxonomy":"product_brand","embeddable":true,"href":"https:\/\/pizbube.ch\/en\/wp-json\/wp\/v2\/product_brand?post=149151"},{"taxonomy":"product_cat","embeddable":true,"href":"https:\/\/pizbube.ch\/en\/wp-json\/wp\/v2\/product_cat?post=149151"},{"taxonomy":"product_tag","embeddable":true,"href":"https:\/\/pizbube.ch\/en\/wp-json\/wp\/v2\/product_tag?post=149151"}],"curies":[{"name":"wp","href":"https:\/\/api.w.org\/{rel}","templated":true}]}}