{"id":149152,"date":"2021-01-15T10:58:57","date_gmt":"2021-01-15T10:58:57","guid":{"rendered":"https:\/\/codengine3.ch\/?product=import-placeholder-for-206001"},"modified":"2021-01-15T14:45:34","modified_gmt":"2021-01-15T14:45:34","slug":"zu-fuss-eine-kurze-geschichte-des-wanderns","status":"publish","type":"product","link":"https:\/\/pizbube.ch\/en\/shop\/zu-fuss-eine-kurze-geschichte-des-wanderns\/","title":{"rendered":"Zu Fuss &#8211; Eine kurze Geschichte des Wanderns"},"content":{"rendered":"<p>Eine kurze Geschichte des Wanderns  <\/p>\n<p>Wandern boomt wie nie zuvor: Fundiert und launig erz\u00e4hlt der begeisterte<br \/>\nFu\u00dfg\u00e4nger Dirk Sch\u00fcmer von der Renaissance der archaischsten aller<br \/>\nFortbewegungsarten, die mindestens so gut f\u00fcr Kopf und Seele wie f\u00fcr die Beine<br \/>\nist.<br \/>\nDirk Sch\u00fcmer ist sein Leben lang mit Hingabe gewandert. Heute ordnet sich der<br \/>\nbekennende Teilzeitnomade im soliden Mittelfeld ein, zwischen simplem<br \/>\nSpaziergang und hoch ausger\u00fcsteter Expedition. Er durchquert keine Urw\u00e4lder,<br \/>\nbew\u00e4ltigt keine hohen Berge; aber ein Tag, an dem er nicht zu Fu\u00df gegangen<br \/>\nist, ist f\u00fcr ihn ein verlorener Tag. Er sch\u00e4tzt die Spontaneit\u00e4t, aber auch<br \/>\nein gewisses Ma\u00df an Vorbereitung und Systematik: Klar, man kann auch in<br \/>\nklatschnassen Jeans drauflosstreifen; Funktionskleidung und Landkarte aber<br \/>\nerh\u00f6hen den Spa\u00df enorm &#8230; Kundig, mit Witz und reich an pers\u00f6nlichen<br \/>\nErfahrungen beleuchtet der renommierte Autor Evolution und Kulturgeschichte<br \/>\ndes Wanderns &#8211; und wie es bei Jungen wie Alten zum neuen Breitensport wurde.<\/p>","protected":false},"excerpt":{"rendered":"<p>Eine kurze Geschichte des Wanderns Wandern boomt wie nie zuvor: Fundiert und launig erz\u00e4hlt der begeisterte Fu\u00dfg\u00e4nger Dirk Sch\u00fcmer von der Renaissance der archaischsten aller Fortbewegungsarten, die mindestens so gut f\u00fcr Kopf und Seele wie f\u00fcr die Beine ist. Dirk Sch\u00fcmer ist sein Leben lang mit Hingabe gewandert. Heute ordnet sich der bekennende Teilzeitnomade im [&#8230;]\n","protected":false},"featured_media":34883,"template":"","meta":[],"product_brand":[],"product_cat":[21542],"product_tag":[],"class_list":{"0":"post-149152","1":"product","2":"type-product","3":"status-publish","4":"has-post-thumbnail","6":"product_cat-sachbuecher-dokumentationen","7":"pa_autor-schuemer","8":"pa_erscheinungsjahr-21830","9":"pa_region-deutschland","10":"pa_sprache-de","12":"first","13":"instock","14":"taxable","15":"shipping-taxable","16":"purchasable","17":"product-type-simple"},"_links":{"self":[{"href":"https:\/\/pizbube.ch\/en\/wp-json\/wp\/v2\/product\/149152","targetHints":{"allow":["GET"]}}],"collection":[{"href":"https:\/\/pizbube.ch\/en\/wp-json\/wp\/v2\/product"}],"about":[{"href":"https:\/\/pizbube.ch\/en\/wp-json\/wp\/v2\/types\/product"}],"wp:featuredmedia":[{"embeddable":true,"href":"https:\/\/pizbube.ch\/en\/wp-json\/wp\/v2\/media\/34883"}],"wp:attachment":[{"href":"https:\/\/pizbube.ch\/en\/wp-json\/wp\/v2\/media?parent=149152"}],"wp:term":[{"taxonomy":"product_brand","embeddable":true,"href":"https:\/\/pizbube.ch\/en\/wp-json\/wp\/v2\/product_brand?post=149152"},{"taxonomy":"product_cat","embeddable":true,"href":"https:\/\/pizbube.ch\/en\/wp-json\/wp\/v2\/product_cat?post=149152"},{"taxonomy":"product_tag","embeddable":true,"href":"https:\/\/pizbube.ch\/en\/wp-json\/wp\/v2\/product_tag?post=149152"}],"curies":[{"name":"wp","href":"https:\/\/api.w.org\/{rel}","templated":true}]}}