{"id":149153,"date":"2021-01-15T10:58:57","date_gmt":"2021-01-15T10:58:57","guid":{"rendered":"https:\/\/codengine3.ch\/?product=import-placeholder-for-204662"},"modified":"2021-01-15T14:35:16","modified_gmt":"2021-01-15T14:35:16","slug":"wer-wandert-braucht-nur-was-er-tragen-kann","status":"publish","type":"product","link":"https:\/\/pizbube.ch\/en\/shop\/wer-wandert-braucht-nur-was-er-tragen-kann\/","title":{"rendered":"Wer wandert, braucht nur, was er tragen kann"},"content":{"rendered":"<p>Bericht \u00fcber ein einfaches Leben<\/p>\n<p>Eine schlichte H\u00fctte in einer wilden Wiese hinter einer hohen Haselnusshecke:<br \/>\nDas ist Anne Donaths Zuhause. \u00dcber zwanzig Jahre ist es nun her, dass sie nach<br \/>\nvielen ausgedehnten Reisen in die Sahara ihre Stadtwohnung verlie\u00df, kaum dass<br \/>\ndie T\u00f6chter fl\u00fcgge waren, und sich in einem oberschw\u00e4bischen Dorf ein kleines<br \/>\nBlockhaus bauen lie\u00df.<\/p>\n<p>Ihre Experimentierfreude trieb sie dazu, mitten im technisch hochger\u00fcsteten<br \/>\nEuropa einen Alltag ohne Strom, Telefon, Computer und Auto zu versuchen. Auch<br \/>\njetzt noch, mit fast siebzig, hat sie jeden Morgen Spa\u00df daran, das Experiment<br \/>\nzu verl\u00e4ngern.  <\/p>","protected":false},"excerpt":{"rendered":"<p>Bericht \u00fcber ein einfaches Leben Eine schlichte H\u00fctte in einer wilden Wiese hinter einer hohen Haselnusshecke: Das ist Anne Donaths Zuhause. \u00dcber zwanzig Jahre ist es nun her, dass sie nach vielen ausgedehnten Reisen in die Sahara ihre Stadtwohnung verlie\u00df, kaum dass die T\u00f6chter fl\u00fcgge waren, und sich in einem oberschw\u00e4bischen Dorf ein kleines Blockhaus [&#8230;]\n","protected":false},"featured_media":32928,"template":"","meta":[],"product_brand":[],"product_cat":[21542],"product_tag":[],"class_list":{"0":"post-149153","1":"product","2":"type-product","3":"status-publish","4":"has-post-thumbnail","6":"product_cat-sachbuecher-dokumentationen","7":"pa_autor-donath","8":"pa_erscheinungsjahr-21574","9":"pa_region-deutschland","10":"pa_sprache-de","12":"first","13":"instock","14":"taxable","15":"shipping-taxable","16":"purchasable","17":"product-type-simple"},"_links":{"self":[{"href":"https:\/\/pizbube.ch\/en\/wp-json\/wp\/v2\/product\/149153","targetHints":{"allow":["GET"]}}],"collection":[{"href":"https:\/\/pizbube.ch\/en\/wp-json\/wp\/v2\/product"}],"about":[{"href":"https:\/\/pizbube.ch\/en\/wp-json\/wp\/v2\/types\/product"}],"wp:featuredmedia":[{"embeddable":true,"href":"https:\/\/pizbube.ch\/en\/wp-json\/wp\/v2\/media\/32928"}],"wp:attachment":[{"href":"https:\/\/pizbube.ch\/en\/wp-json\/wp\/v2\/media?parent=149153"}],"wp:term":[{"taxonomy":"product_brand","embeddable":true,"href":"https:\/\/pizbube.ch\/en\/wp-json\/wp\/v2\/product_brand?post=149153"},{"taxonomy":"product_cat","embeddable":true,"href":"https:\/\/pizbube.ch\/en\/wp-json\/wp\/v2\/product_cat?post=149153"},{"taxonomy":"product_tag","embeddable":true,"href":"https:\/\/pizbube.ch\/en\/wp-json\/wp\/v2\/product_tag?post=149153"}],"curies":[{"name":"wp","href":"https:\/\/api.w.org\/{rel}","templated":true}]}}