{"id":149154,"date":"2021-01-15T10:58:57","date_gmt":"2021-01-15T10:58:57","guid":{"rendered":"https:\/\/codengine3.ch\/?product=import-placeholder-for-208101"},"modified":"2022-01-06T12:05:44","modified_gmt":"2022-01-06T11:05:44","slug":"fussgang","status":"publish","type":"product","link":"https:\/\/pizbube.ch\/en\/shop\/fussgang\/","title":{"rendered":"Fussgang"},"content":{"rendered":"<p>Von zu Hause \u00fcber alle Berge bis ans Ende der Schweiz<\/p>\n<p>In einem Tagebuch halten Markus Maeder und Regula Jaeger in Texten und Bildern<br \/>\nfest, was sie auf einem Fussgang \u00fcber alle Berge von Z\u00fcrich bis nach Genf in<br \/>\nsieben Etappen und vier Jahreszeiten erleben.<\/p>\n<p>Das B\u00fcndel packen und gehen. Wohin auch immer, jeden Tag ein St\u00fcck. In einem<br \/>\nTagebuch halten Markus Maeder und Regula Jaeger in Texten und Bildern fest,<br \/>\nwas sie auf einem Fussgang \u00fcber alle Berge in sieben Etappen und vier<br \/>\nJahreszeiten erleben. Dem n\u00f6rdlichen Alpenkamm entlang \u00fcberqueren sie auf<br \/>\nAlpwegen und Saumpfaden rund ein Dutzend P\u00e4sse von Z\u00fcrich bis nach Genf.<\/p>\n<p>Die zwei Fussg\u00e4nger bewegen sich durch eine Welt, die man leicht \u00fcbersieht,<br \/>\nweil sie so nahe liegt. Sie erkunden, wie die Leute abseits der St\u00e4dte ihren<br \/>\nAlltag erleben und warum die Bergkantone oft so anders ticken. Aus beil\u00e4ufigen<br \/>\nGespr\u00e4chen und Beobachtungen am Wegrand ergibt sich eine Momentaufnahme der<br \/>\nSchweiz, wie sie in keinem Wanderbuch und in keiner Zeitung steht &#8211; und die<br \/>\ndoch so bestimmend ist f\u00fcr unser Lebensgef\u00fchl.<\/p>\n<p>2. Auflage 2018<\/p>","protected":false},"excerpt":{"rendered":"<p>Von zu Hause \u00fcber alle Berge bis ans Ende der Schweiz In einem Tagebuch halten Markus Maeder und Regula Jaeger in Texten und Bildern fest, was sie auf einem Fussgang \u00fcber alle Berge von Z\u00fcrich bis nach Genf in sieben Etappen und vier Jahreszeiten erleben. Das B\u00fcndel packen und gehen. Wohin auch immer, jeden Tag [&#8230;]\n","protected":false},"featured_media":39345,"template":"","meta":[],"product_brand":[],"product_cat":[21629],"product_tag":[],"class_list":{"0":"post-149154","1":"product","2":"type-product","3":"status-publish","4":"has-post-thumbnail","6":"product_cat-belletristik","7":"pa_autor-maeder-jaeger","8":"pa_erscheinungsjahr-21546","9":"pa_region-schweiz","10":"pa_sprache-de","12":"first","13":"instock","14":"taxable","15":"shipping-taxable","16":"purchasable","17":"product-type-simple"},"_links":{"self":[{"href":"https:\/\/pizbube.ch\/en\/wp-json\/wp\/v2\/product\/149154","targetHints":{"allow":["GET"]}}],"collection":[{"href":"https:\/\/pizbube.ch\/en\/wp-json\/wp\/v2\/product"}],"about":[{"href":"https:\/\/pizbube.ch\/en\/wp-json\/wp\/v2\/types\/product"}],"wp:featuredmedia":[{"embeddable":true,"href":"https:\/\/pizbube.ch\/en\/wp-json\/wp\/v2\/media\/39345"}],"wp:attachment":[{"href":"https:\/\/pizbube.ch\/en\/wp-json\/wp\/v2\/media?parent=149154"}],"wp:term":[{"taxonomy":"product_brand","embeddable":true,"href":"https:\/\/pizbube.ch\/en\/wp-json\/wp\/v2\/product_brand?post=149154"},{"taxonomy":"product_cat","embeddable":true,"href":"https:\/\/pizbube.ch\/en\/wp-json\/wp\/v2\/product_cat?post=149154"},{"taxonomy":"product_tag","embeddable":true,"href":"https:\/\/pizbube.ch\/en\/wp-json\/wp\/v2\/product_tag?post=149154"}],"curies":[{"name":"wp","href":"https:\/\/api.w.org\/{rel}","templated":true}]}}