{"id":149161,"date":"2021-01-15T10:59:02","date_gmt":"2021-01-15T10:59:02","guid":{"rendered":"https:\/\/codengine3.ch\/?product=import-placeholder-for-201517"},"modified":"2021-01-15T12:02:17","modified_gmt":"2021-01-15T12:02:17","slug":"die-grossen-waende-mit-cd","status":"publish","type":"product","link":"https:\/\/pizbube.ch\/en\/shop\/die-grossen-waende-mit-cd\/","title":{"rendered":"Die grossen W\u00e4nde (mit CD)"},"content":{"rendered":"<p>Von der Eiger Nordwand bis zur Dhaulagiri S\u00fcdwand: umfassende Dokumentation in<br \/>\nWort und Bild \u00fcber die grossen W\u00e4nde der Berge der Welt (CD mit Erz\u00e4hlungen<br \/>\ndes Autors \u00fcber seine Erlebnisse in grossen W\u00e4nden).  <\/p>\n<p>Kernst\u00fcck des Buches aber sind 50 Portr\u00e4ts der gr\u00f6\u00dften W\u00e4nde weltweit &#8211; von<br \/>\nder Monte-Rosa Ostwand \u00fcber die Aconcagua-S\u00fcdwand, die Dych-Tau-Nordostwand<br \/>\nbis zur S\u00fcdwand des K2. Messner zollt denen Respekt, die mit ihren Ideen und<br \/>\nihren Tr\u00e4umen wieder und wieder den Blick auf neue Horizonte er\u00f6ffnet haben &#8211;<br \/>\nheute wie vor 135 Jahren.  <\/p>","protected":false},"excerpt":{"rendered":"<p>Von der Eiger Nordwand bis zur Dhaulagiri S\u00fcdwand: umfassende Dokumentation in Wort und Bild \u00fcber die grossen W\u00e4nde der Berge der Welt (CD mit Erz\u00e4hlungen des Autors \u00fcber seine Erlebnisse in grossen W\u00e4nden). Kernst\u00fcck des Buches aber sind 50 Portr\u00e4ts der gr\u00f6\u00dften W\u00e4nde weltweit &#8211; von der Monte-Rosa Ostwand \u00fcber die Aconcagua-S\u00fcdwand, die Dych-Tau-Nordostwand bis [&#8230;]\n","protected":false},"featured_media":28874,"template":"","meta":[],"product_brand":[],"product_cat":[21542],"product_tag":[],"class_list":{"0":"post-149161","1":"product","2":"type-product","3":"status-publish","4":"has-post-thumbnail","6":"product_cat-sachbuecher-dokumentationen","7":"pa_autor-messner","8":"pa_erscheinungsjahr-21750","9":"pa_region-asien","10":"pa_sprache-de","12":"first","13":"outofstock","14":"taxable","15":"shipping-taxable","16":"purchasable","17":"product-type-simple"},"_links":{"self":[{"href":"https:\/\/pizbube.ch\/en\/wp-json\/wp\/v2\/product\/149161","targetHints":{"allow":["GET"]}}],"collection":[{"href":"https:\/\/pizbube.ch\/en\/wp-json\/wp\/v2\/product"}],"about":[{"href":"https:\/\/pizbube.ch\/en\/wp-json\/wp\/v2\/types\/product"}],"wp:featuredmedia":[{"embeddable":true,"href":"https:\/\/pizbube.ch\/en\/wp-json\/wp\/v2\/media\/28874"}],"wp:attachment":[{"href":"https:\/\/pizbube.ch\/en\/wp-json\/wp\/v2\/media?parent=149161"}],"wp:term":[{"taxonomy":"product_brand","embeddable":true,"href":"https:\/\/pizbube.ch\/en\/wp-json\/wp\/v2\/product_brand?post=149161"},{"taxonomy":"product_cat","embeddable":true,"href":"https:\/\/pizbube.ch\/en\/wp-json\/wp\/v2\/product_cat?post=149161"},{"taxonomy":"product_tag","embeddable":true,"href":"https:\/\/pizbube.ch\/en\/wp-json\/wp\/v2\/product_tag?post=149161"}],"curies":[{"name":"wp","href":"https:\/\/api.w.org\/{rel}","templated":true}]}}