{"id":149162,"date":"2021-01-15T10:59:02","date_gmt":"2021-01-15T10:59:02","guid":{"rendered":"https:\/\/codengine3.ch\/?product=import-placeholder-for-201526"},"modified":"2021-01-15T12:02:23","modified_gmt":"2021-01-15T12:02:23","slug":"die-eroberung-der-giganten","status":"publish","type":"product","link":"https:\/\/pizbube.ch\/en\/shop\/die-eroberung-der-giganten\/","title":{"rendered":"Die Eroberung der Giganten"},"content":{"rendered":"<p>Von der Erstbesteigung des Montblanc bis zum Freeclimbing: grossformatige,<br \/>\nreich bebilderte Dokumentation \u00fcber den Alpinismus.  <\/p>\n<p>Seit Jahrtausenden haben Menschen die gewaltigen Gebirge aus Fels und Eis f\u00fcr<br \/>\nTreppen gehalten, die zu den G\u00f6ttern f\u00fchren. Mount Everest oder Montblanc,<br \/>\nMatterhorn oder K2 &#8211; stets haben die h\u00f6chsten und eindrucksvollsten Gipfel die<br \/>\nMenschen herausgefordert. Thema dieses mit \u00fcber 500 Farb- und s\/w-Abbildungen<br \/>\nillustrierten Bandes sind die Giganten der Erde sowie die Triumphe und<br \/>\nTrag\u00f6dien, die sich an ihnen abgespielt haben. Von der Erstbesteigung des<br \/>\nMontblanc Ende des 18. Jahrhunderts bis zu den heutigen modernen Kletterrouten<br \/>\nwerden die Geschehnisse wie die Hauptakteure und ihr \u00dcberlebenskampf lebendig.  <\/p>","protected":false},"excerpt":{"rendered":"<p>Von der Erstbesteigung des Montblanc bis zum Freeclimbing: grossformatige, reich bebilderte Dokumentation \u00fcber den Alpinismus. Seit Jahrtausenden haben Menschen die gewaltigen Gebirge aus Fels und Eis f\u00fcr Treppen gehalten, die zu den G\u00f6ttern f\u00fchren. Mount Everest oder Montblanc, Matterhorn oder K2 &#8211; stets haben die h\u00f6chsten und eindrucksvollsten Gipfel die Menschen herausgefordert. Thema dieses mit [&#8230;]\n","protected":false},"featured_media":28883,"template":"","meta":[],"product_brand":[],"product_cat":[21542],"product_tag":[],"class_list":{"0":"post-149162","1":"product","2":"type-product","3":"status-publish","4":"has-post-thumbnail","6":"product_cat-sachbuecher-dokumentationen","7":"pa_autor-ardito","8":"pa_erscheinungsjahr-21610","9":"pa_region-uebrigers-europa","10":"pa_sprache-de","12":"first","13":"instock","14":"taxable","15":"shipping-taxable","16":"purchasable","17":"product-type-simple"},"_links":{"self":[{"href":"https:\/\/pizbube.ch\/en\/wp-json\/wp\/v2\/product\/149162","targetHints":{"allow":["GET"]}}],"collection":[{"href":"https:\/\/pizbube.ch\/en\/wp-json\/wp\/v2\/product"}],"about":[{"href":"https:\/\/pizbube.ch\/en\/wp-json\/wp\/v2\/types\/product"}],"wp:featuredmedia":[{"embeddable":true,"href":"https:\/\/pizbube.ch\/en\/wp-json\/wp\/v2\/media\/28883"}],"wp:attachment":[{"href":"https:\/\/pizbube.ch\/en\/wp-json\/wp\/v2\/media?parent=149162"}],"wp:term":[{"taxonomy":"product_brand","embeddable":true,"href":"https:\/\/pizbube.ch\/en\/wp-json\/wp\/v2\/product_brand?post=149162"},{"taxonomy":"product_cat","embeddable":true,"href":"https:\/\/pizbube.ch\/en\/wp-json\/wp\/v2\/product_cat?post=149162"},{"taxonomy":"product_tag","embeddable":true,"href":"https:\/\/pizbube.ch\/en\/wp-json\/wp\/v2\/product_tag?post=149162"}],"curies":[{"name":"wp","href":"https:\/\/api.w.org\/{rel}","templated":true}]}}