{"id":149163,"date":"2021-01-15T10:59:02","date_gmt":"2021-01-15T10:59:02","guid":{"rendered":"https:\/\/codengine3.ch\/?product=import-placeholder-for-200591"},"modified":"2021-01-15T10:59:06","modified_gmt":"2021-01-15T10:59:06","slug":"der-everest-ist-ueberall","status":"publish","type":"product","link":"https:\/\/pizbube.ch\/en\/shop\/der-everest-ist-ueberall\/","title":{"rendered":"Der Everest ist \u00fcberall"},"content":{"rendered":"<p>15 neue Kletterstories von Roeper, Rauch, Jourdan und anderen:<br \/>\n1978 bestieg Reinhard Karl den Mount Everest und schrieb: Wirklich oben bist<br \/>\ndu nie! In Anbetracht der Tatsache, da\u00df es sich beim Gipfel des Everest um den<br \/>\nh\u00f6chsten Punkt der Erde handelt, war es ein bemerkenswerter Zeitpunkt, dies zu<br \/>\nformulieren. Und deswegen eine der kl\u00fcgsten Bemerkungen, die je einer \u00fcber<br \/>\nBergsteigen gemacht hat.<br \/>\nKeine der Geschichten in diesem Buch spielt sich am Everest ab. Warum auch.<br \/>\nNicht wirklich oben sein &#8211; also genauso hoch wie auf dem Mount Everest -, das<br \/>\nkann man fast \u00fcberall.<\/p>","protected":false},"excerpt":{"rendered":"<p>15 neue Kletterstories von Roeper, Rauch, Jourdan und anderen: 1978 bestieg Reinhard Karl den Mount Everest und schrieb: Wirklich oben bist du nie! In Anbetracht der Tatsache, da\u00df es sich beim Gipfel des Everest um den h\u00f6chsten Punkt der Erde handelt, war es ein bemerkenswerter Zeitpunkt, dies zu formulieren. Und deswegen eine der kl\u00fcgsten Bemerkungen, [&#8230;]\n","protected":false},"featured_media":27378,"template":"","meta":[],"product_brand":[],"product_cat":[21629],"product_tag":[],"class_list":{"0":"post-149163","1":"product","2":"type-product","3":"status-publish","4":"has-post-thumbnail","6":"product_cat-belletristik","7":"pa_autor-div","8":"pa_erscheinungsjahr-22060","9":"pa_region-deutschland","10":"pa_sprache-de","12":"first","13":"outofstock","14":"taxable","15":"shipping-taxable","16":"purchasable","17":"product-type-simple"},"_links":{"self":[{"href":"https:\/\/pizbube.ch\/en\/wp-json\/wp\/v2\/product\/149163","targetHints":{"allow":["GET"]}}],"collection":[{"href":"https:\/\/pizbube.ch\/en\/wp-json\/wp\/v2\/product"}],"about":[{"href":"https:\/\/pizbube.ch\/en\/wp-json\/wp\/v2\/types\/product"}],"wp:featuredmedia":[{"embeddable":true,"href":"https:\/\/pizbube.ch\/en\/wp-json\/wp\/v2\/media\/27378"}],"wp:attachment":[{"href":"https:\/\/pizbube.ch\/en\/wp-json\/wp\/v2\/media?parent=149163"}],"wp:term":[{"taxonomy":"product_brand","embeddable":true,"href":"https:\/\/pizbube.ch\/en\/wp-json\/wp\/v2\/product_brand?post=149163"},{"taxonomy":"product_cat","embeddable":true,"href":"https:\/\/pizbube.ch\/en\/wp-json\/wp\/v2\/product_cat?post=149163"},{"taxonomy":"product_tag","embeddable":true,"href":"https:\/\/pizbube.ch\/en\/wp-json\/wp\/v2\/product_tag?post=149163"}],"curies":[{"name":"wp","href":"https:\/\/api.w.org\/{rel}","templated":true}]}}