{"id":149164,"date":"2021-01-15T10:59:02","date_gmt":"2021-01-15T10:59:02","guid":{"rendered":"https:\/\/codengine3.ch\/?product=import-placeholder-for-203196"},"modified":"2025-07-21T14:21:04","modified_gmt":"2025-07-21T12:21:04","slug":"schwarze-steine","status":"publish","type":"product","link":"https:\/\/pizbube.ch\/en\/shop\/schwarze-steine\/","title":{"rendered":"Schwarze Steine"},"content":{"rendered":"<p>Warum ist ein Biwak dem Monowak vorzuziehen? Wussten Sie, dass der biblische<br \/>\nJakob debil war?<\/p>\n<p>Dieses Bergsteigergeschichtenbuch gibt auch dem Nicht-Bergsteiger Antworten<br \/>\nauf all die Fragen, die er nie stellen w\u00fcrde!<\/p>\n<p>Hautnah und sehr pers\u00f6nlich und gleichzeitig analytisch distanziert beschreibt<br \/>\nHarald Wei\u00df in poetisch-philosophischer Sprache die Erlebniswelt des<br \/>\nBergsteigers zwischen kalter Todesn\u00e4he und schwarzem Humor.<br \/>\nHarald Wei\u00df begeistert in seinem Debut mit dunkel-d\u00fcsteren Geschichten vom<br \/>\nBergsteigen und Klettern.<\/p>\n<p>190 Seiten, engl. Broschur mit Klappen.<\/p>","protected":false},"excerpt":{"rendered":"<p>Warum ist ein Biwak dem Monowak vorzuziehen? Wussten Sie, dass der biblische Jakob debil war? Dieses Bergsteigergeschichtenbuch gibt auch dem Nicht-Bergsteiger Antworten auf all die Fragen, die er nie stellen w\u00fcrde! Hautnah und sehr pers\u00f6nlich und gleichzeitig analytisch distanziert beschreibt Harald Wei\u00df in poetisch-philosophischer Sprache die Erlebniswelt des Bergsteigers zwischen kalter Todesn\u00e4he und schwarzem Humor. [&#8230;]\n","protected":false},"featured_media":30743,"template":"","meta":[],"product_brand":[],"product_cat":[21629],"product_tag":[],"class_list":{"0":"post-149164","1":"product","2":"type-product","3":"status-publish","4":"has-post-thumbnail","6":"product_cat-belletristik","7":"pa_autor-weiss","8":"pa_erscheinungsjahr-22292","9":"pa_region-deutschland","10":"pa_sprache-de","12":"first","13":"outofstock","14":"taxable","15":"shipping-taxable","16":"purchasable","17":"product-type-simple"},"_links":{"self":[{"href":"https:\/\/pizbube.ch\/en\/wp-json\/wp\/v2\/product\/149164","targetHints":{"allow":["GET"]}}],"collection":[{"href":"https:\/\/pizbube.ch\/en\/wp-json\/wp\/v2\/product"}],"about":[{"href":"https:\/\/pizbube.ch\/en\/wp-json\/wp\/v2\/types\/product"}],"wp:featuredmedia":[{"embeddable":true,"href":"https:\/\/pizbube.ch\/en\/wp-json\/wp\/v2\/media\/30743"}],"wp:attachment":[{"href":"https:\/\/pizbube.ch\/en\/wp-json\/wp\/v2\/media?parent=149164"}],"wp:term":[{"taxonomy":"product_brand","embeddable":true,"href":"https:\/\/pizbube.ch\/en\/wp-json\/wp\/v2\/product_brand?post=149164"},{"taxonomy":"product_cat","embeddable":true,"href":"https:\/\/pizbube.ch\/en\/wp-json\/wp\/v2\/product_cat?post=149164"},{"taxonomy":"product_tag","embeddable":true,"href":"https:\/\/pizbube.ch\/en\/wp-json\/wp\/v2\/product_tag?post=149164"}],"curies":[{"name":"wp","href":"https:\/\/api.w.org\/{rel}","templated":true}]}}