{"id":149165,"date":"2021-01-15T10:59:02","date_gmt":"2021-01-15T10:59:02","guid":{"rendered":"https:\/\/codengine3.ch\/?product=import-placeholder-for-200987"},"modified":"2021-01-15T11:02:39","modified_gmt":"2021-01-15T11:02:39","slug":"auf-abwegen","status":"publish","type":"product","link":"https:\/\/pizbube.ch\/en\/shop\/auf-abwegen\/","title":{"rendered":"Auf Abwegen"},"content":{"rendered":"<p>Malte Roepers &#8218;Auf Abwegen&#8216; ist ein Klassiker der alpinen Literatur. Die<br \/>\nkurzweiligen Geschichten sind voll ungeb\u00e4ndigtem Lebenshunger &#8211; sie erz\u00e4hlen<br \/>\nvon extremen Abenteuern und ungew\u00f6hnlichen Erlebnissen, von den H\u00f6hen und<br \/>\nUntiefen des Lebens: Eiger-Nordwand solo, Direttissima an der Dru, Reisen per<br \/>\nAnhalter und mit G\u00fcterz\u00fcgen, Jobs im Hamburger Hafen und Br\u00fcckenspringen&#8230;  <\/p>\n<p>Diese Geschichten vom t\u00e4glichen \u00dcbermut und anderen Zwischenf\u00e4llen verkn\u00fcpft<br \/>\ner gekonnt mit Reflexionen \u00fcber Zeit und Zeitgeist. Selbstironisch stellt er<br \/>\nimmer wieder die Frage nach dem Sinn und Unsinn seines Handelns, denn<br \/>\n&#8218;Bergsteigen&#8216;, so Malte Roeper, &#8218;ist eine Form des Freizeitverhaltens in der<br \/>\nIndustriegesellschaft. Bergsteigen ist anstrengend und besitzt gleichzeitig<br \/>\neinen gewissen Unterhaltungswert, ist dabei aber weder produktiv noch in<br \/>\nirgendeiner Weise effizient. Die arbeitsteilige Gesellschaft produziert<br \/>\nFreizeit, der \u00dcberfluss den \u00dcbermut. Bergsteigen ist, wie die meisten sch\u00f6nen<br \/>\nDinge im Leben, eigentlich \u00fcberfl\u00fcssig.&#8216;  <\/p>\n<p>Auf Abwegen, das sind 16 packende Stories von senkrecht bis waagrecht. Es geht<br \/>\nnicht um die sportliche Leistung, sondern stets um das pr\u00e4zise, spannend und<br \/>\nhumorvoll geschilderte Erlebnis an sich. Das Abenteuer des Denkens bleibt dem<br \/>\nAbenteuer einer extremen Tausendmeterwand jederzeit gleichwertig, das macht<br \/>\ndiese 1995 zum ersten Mal erschienenen Erlebnisberichte f\u00fcr den Laien genauso<br \/>\nlesenswert wie f\u00fcr den Experten.<br \/>\n4. Auflg 2009<\/p>","protected":false},"excerpt":{"rendered":"<p>Malte Roepers &#8218;Auf Abwegen&#8216; ist ein Klassiker der alpinen Literatur. Die kurzweiligen Geschichten sind voll ungeb\u00e4ndigtem Lebenshunger &#8211; sie erz\u00e4hlen von extremen Abenteuern und ungew\u00f6hnlichen Erlebnissen, von den H\u00f6hen und Untiefen des Lebens: Eiger-Nordwand solo, Direttissima an der Dru, Reisen per Anhalter und mit G\u00fcterz\u00fcgen, Jobs im Hamburger Hafen und Br\u00fcckenspringen&#8230; Diese Geschichten vom t\u00e4glichen [&#8230;]\n","protected":false},"featured_media":28134,"template":"","meta":[],"product_brand":[],"product_cat":[21629],"product_tag":[],"class_list":{"0":"post-149165","1":"product","2":"type-product","3":"status-publish","4":"has-post-thumbnail","6":"product_cat-belletristik","7":"pa_autor-roeper","8":"pa_erscheinungsjahr-21693","9":"pa_region-deutschland","10":"pa_sprache-de","12":"first","13":"instock","14":"taxable","15":"shipping-taxable","16":"purchasable","17":"product-type-simple"},"_links":{"self":[{"href":"https:\/\/pizbube.ch\/en\/wp-json\/wp\/v2\/product\/149165","targetHints":{"allow":["GET"]}}],"collection":[{"href":"https:\/\/pizbube.ch\/en\/wp-json\/wp\/v2\/product"}],"about":[{"href":"https:\/\/pizbube.ch\/en\/wp-json\/wp\/v2\/types\/product"}],"wp:featuredmedia":[{"embeddable":true,"href":"https:\/\/pizbube.ch\/en\/wp-json\/wp\/v2\/media\/28134"}],"wp:attachment":[{"href":"https:\/\/pizbube.ch\/en\/wp-json\/wp\/v2\/media?parent=149165"}],"wp:term":[{"taxonomy":"product_brand","embeddable":true,"href":"https:\/\/pizbube.ch\/en\/wp-json\/wp\/v2\/product_brand?post=149165"},{"taxonomy":"product_cat","embeddable":true,"href":"https:\/\/pizbube.ch\/en\/wp-json\/wp\/v2\/product_cat?post=149165"},{"taxonomy":"product_tag","embeddable":true,"href":"https:\/\/pizbube.ch\/en\/wp-json\/wp\/v2\/product_tag?post=149165"}],"curies":[{"name":"wp","href":"https:\/\/api.w.org\/{rel}","templated":true}]}}