{"id":149168,"date":"2021-01-15T10:59:03","date_gmt":"2021-01-15T10:59:03","guid":{"rendered":"https:\/\/codengine3.ch\/?product=import-placeholder-for-206678"},"modified":"2021-01-15T14:50:44","modified_gmt":"2021-01-15T14:50:44","slug":"berg-2016-alpenvereinsjahrbuch-2016","status":"publish","type":"product","link":"https:\/\/pizbube.ch\/en\/shop\/berg-2016-alpenvereinsjahrbuch-2016\/","title":{"rendered":"BERG 2016 &#8211; Alpenvereinsjahrbuch 2016"},"content":{"rendered":"<p>Ein Evergreen, der Standards setzt: das neue Alpenvereinsjahrbuch BERG 2016<br \/>\nmit BergWelten-Schwerpunkt Karwendel<\/p>\n<p>Das Alpenvereinsjahrbuch BERG bietet allj\u00e4hrlich einen unverzichtbaren<br \/>\n\u00dcberblick \u00fcber die wichtigsten Themen und Trends aus der Welt der Berge und<br \/>\ndes Bergsports \u2013 diesmal mit besonders attraktiven Schwerpunktthemen: Das<br \/>\nKarwendel steht im Mittelpunkt des Gebietsschwerpunkts BergWelten. Packende<br \/>\nGeschichten und gro\u00dfartige Bilder lassen Sie das wohl urspr\u00fcnglichste Gebirge<br \/>\nder N\u00f6rdlichen Kalkalpen umfassend aus ganz unterschiedlichen Perspektiven<br \/>\nkennenlernen.  <\/p>\n<p>H\u00fctten im Gebirge, so das Fokusthema, geh\u00f6ren zum Alpenverein wie die Welle<br \/>\nzum Meer. Selbstverst\u00e4ndlich sind sie trotzdem nicht. Welche Rolle und<br \/>\nBedeutung haben unsere H\u00fctten \u2013 gestern, heute, morgen? Welchen Fragen m\u00fcssen<br \/>\nsie sich stellen? Und wie schaut die zeitgem\u00e4\u00dfe H\u00fctte aus? \u2013 Diesen Fragen<br \/>\ngeht BergFokus auf den Grund. In welcher Rubrik auch immer und egal, ob es um<br \/>\nharte Fakten, wichtige Entwicklungen oder gro\u00dfe Momente geht: BERG bringt mit<br \/>\nSachverstand, Engagement und Weitblick alpine Themen zur Sprache, die uns<br \/>\nwichtig sind.<\/p>","protected":false},"excerpt":{"rendered":"<ul>\n<li><a href=\"https:\/\/pizbube.ch\/wp-content\/uploads\/attachments\/a_021\/688225E70386FC85D49FDA2A2168F956.pdf\" target=\"_blank\" rel=\"noopener\">PDF: BERG 2016_Karwendel_Leseprobe.pdf<\/a><\/li>\n<li><a href=\"https:\/\/pizbube.ch\/wp-content\/uploads\/attachments\/a_021\/689834BE014FAB5720B109C62C2C6EC5.pdf\" target=\"_blank\" rel=\"noopener\">PDF: BERG_2016_H\u00fcttenarchitektur_Leseprobe.pdf<\/a><\/li>\n<\/ul>","protected":false},"featured_media":35826,"template":"","meta":[],"product_brand":[],"product_cat":[21542],"product_tag":[],"class_list":{"0":"post-149168","1":"product","2":"type-product","3":"status-publish","4":"has-post-thumbnail","6":"product_cat-sachbuecher-dokumentationen","7":"pa_autor-kohler","8":"pa_erscheinungsjahr-21597","9":"pa_region-deutschland","10":"pa_sprache-de","12":"first","13":"instock","14":"taxable","15":"shipping-taxable","16":"purchasable","17":"product-type-simple"},"_links":{"self":[{"href":"https:\/\/pizbube.ch\/en\/wp-json\/wp\/v2\/product\/149168","targetHints":{"allow":["GET"]}}],"collection":[{"href":"https:\/\/pizbube.ch\/en\/wp-json\/wp\/v2\/product"}],"about":[{"href":"https:\/\/pizbube.ch\/en\/wp-json\/wp\/v2\/types\/product"}],"wp:featuredmedia":[{"embeddable":true,"href":"https:\/\/pizbube.ch\/en\/wp-json\/wp\/v2\/media\/35826"}],"wp:attachment":[{"href":"https:\/\/pizbube.ch\/en\/wp-json\/wp\/v2\/media?parent=149168"}],"wp:term":[{"taxonomy":"product_brand","embeddable":true,"href":"https:\/\/pizbube.ch\/en\/wp-json\/wp\/v2\/product_brand?post=149168"},{"taxonomy":"product_cat","embeddable":true,"href":"https:\/\/pizbube.ch\/en\/wp-json\/wp\/v2\/product_cat?post=149168"},{"taxonomy":"product_tag","embeddable":true,"href":"https:\/\/pizbube.ch\/en\/wp-json\/wp\/v2\/product_tag?post=149168"}],"curies":[{"name":"wp","href":"https:\/\/api.w.org\/{rel}","templated":true}]}}