{"id":149169,"date":"2021-01-15T10:59:03","date_gmt":"2021-01-15T10:59:03","guid":{"rendered":"https:\/\/codengine3.ch\/?product=import-placeholder-for-204467"},"modified":"2021-01-15T14:33:28","modified_gmt":"2021-01-15T14:33:28","slug":"up-2017-annuario-di-alpinismo-europeo-2016","status":"publish","type":"product","link":"https:\/\/pizbube.ch\/en\/shop\/up-2017-annuario-di-alpinismo-europeo-2016\/","title":{"rendered":"UP 2017 &#8211; Annuario di alpinismo europeo 2016"},"content":{"rendered":"<p>VIE MITICHE:<br \/>\nFANTASIA Marmolada d\u2019Ombretta \u2013 di Maurizio Giordani<br \/>\n\u201cRacconter\u00f2 di alcune mie realizzazioni del passato, del loro come e perch\u00e9, e<br \/>\ncercher\u00f2 di fare una veloce e attenta analisi di altre cose successe dopo,<br \/>\nfino ad arrivare all\u2019estate del 2016, da poco sfumata in un inverno che ben<br \/>\npoco di inverno ha avuto (\u2026)\u201d  <\/p>\n<p>DELTA MINOX Pilastro del Scingino, Val Masino \u2013 di Eugenio Pesci<br \/>\n\u201cD\u2019altra parte il granito ci mette poco a vendicarsi per questo eventuale<br \/>\nsopruso tecnico e motorio: lo fa con poco sforzo attraverso il fascino della<br \/>\nquota, del ghiaccio, degli ambienti grandiosi e remoti, e soprattutto della<br \/>\nsua diffusa presenza nelle grandi pareti delle montagne pi\u00f9 famose di tutti i<br \/>\ncontinenti, dallo Yosemite, alla Groenlandia sino alle Torri di Trango, ove si<br \/>\ntrova l\u2019itinerario su granito pi\u00f9 impegnativo e famoso fra quelli esistenti:<br \/>\nEternal flame di Wolfgang Gu\u0308llich e Kurt Albert (\u2026)\u201d  <\/p>\n<p>PERSONAGGI:<br \/>\nALEXANDER MEGOS \u2013 di Lorenzo Frusteri<br \/>\n\u201cIntervistare Alex Megos \u00e8 un po\u2019 come cercare di commentare la Gioconda di<br \/>\nLeonardo dicendo qualcosa di nuovo, o anche solo di interessante: non facile.<br \/>\nAlex Megos ha toccato roccia ancora piccolissimo, e ha bruciato le tappe in un<br \/>\nmodo sconcertante, passando dalla montagna alle gare, dalla falesia al boulder<br \/>\ncon disarmante facilit\u00e0. Arriva al 9a a soli diciannove anni, sale 8b+ boulder<br \/>\ne in breve (\u2026)\u201d<\/p>\n<p>PIETRO DAL PR\u00c0 \u2013 di Matteo Pavana<br \/>\n\u201cSono un uomo complesso e pieno di contraddizioni, che ha attraversato<br \/>\nmomenti belli e altri meno piacevoli, sempre ai margini dell\u2019arrampicata<br \/>\nlibera italiana, ma mai con malumore, anzi, con un certo orgoglio. Per un<br \/>\nmotivo o per l\u2019altro, non ho mai scalato per periodi di tempo troppo<br \/>\nprolungati, alternando la mia attivit\u00e0 di alpinista con quella di guida alpina<br \/>\ne di sciatore. Ora mi rendo conto che questa \u00e8 stata una grande fortuna (\u2026)\u201d  <\/p>\n<p>REPORT 2016<br \/>\na cura di Alberto Milani<br \/>\nTOP ALPINISMO E GHIACCIO<br \/>\nTOP FALESIA<br \/>\nTOP BOULDER<\/p>","protected":false},"excerpt":{"rendered":"<p>VIE MITICHE: FANTASIA Marmolada d\u2019Ombretta \u2013 di Maurizio Giordani \u201cRacconter\u00f2 di alcune mie realizzazioni del passato, del loro come e perch\u00e9, e cercher\u00f2 di fare una veloce e attenta analisi di altre cose successe dopo, fino ad arrivare all\u2019estate del 2016, da poco sfumata in un inverno che ben poco di inverno ha avuto (\u2026)\u201d [&#8230;]\n","protected":false},"featured_media":32376,"template":"","meta":[],"product_brand":[],"product_cat":[21541],"product_tag":[],"class_list":{"0":"post-149169","1":"product","2":"type-product","3":"status-publish","4":"has-post-thumbnail","6":"product_cat-zeitschriften","7":"pa_autor-bacciocchi-et-alt","8":"pa_erscheinungsjahr-21574","9":"pa_region-italien","10":"pa_sprache-it","12":"first","13":"instock","14":"taxable","15":"shipping-taxable","16":"purchasable","17":"product-type-simple"},"_links":{"self":[{"href":"https:\/\/pizbube.ch\/en\/wp-json\/wp\/v2\/product\/149169","targetHints":{"allow":["GET"]}}],"collection":[{"href":"https:\/\/pizbube.ch\/en\/wp-json\/wp\/v2\/product"}],"about":[{"href":"https:\/\/pizbube.ch\/en\/wp-json\/wp\/v2\/types\/product"}],"wp:featuredmedia":[{"embeddable":true,"href":"https:\/\/pizbube.ch\/en\/wp-json\/wp\/v2\/media\/32376"}],"wp:attachment":[{"href":"https:\/\/pizbube.ch\/en\/wp-json\/wp\/v2\/media?parent=149169"}],"wp:term":[{"taxonomy":"product_brand","embeddable":true,"href":"https:\/\/pizbube.ch\/en\/wp-json\/wp\/v2\/product_brand?post=149169"},{"taxonomy":"product_cat","embeddable":true,"href":"https:\/\/pizbube.ch\/en\/wp-json\/wp\/v2\/product_cat?post=149169"},{"taxonomy":"product_tag","embeddable":true,"href":"https:\/\/pizbube.ch\/en\/wp-json\/wp\/v2\/product_tag?post=149169"}],"curies":[{"name":"wp","href":"https:\/\/api.w.org\/{rel}","templated":true}]}}