{"id":149172,"date":"2021-01-15T10:59:03","date_gmt":"2021-01-15T10:59:03","guid":{"rendered":"https:\/\/codengine3.ch\/?product=import-placeholder-for-208098"},"modified":"2022-01-26T09:24:50","modified_gmt":"2022-01-26T08:24:50","slug":"stumme-rache","status":"publish","type":"product","link":"https:\/\/pizbube.ch\/en\/shop\/stumme-rache\/","title":{"rendered":"Stumme Rache"},"content":{"rendered":"<p>Tobs Thanners zweiter Fall. Bergkrimi<\/p>\n<p>Tobs Thanner, sympathischer, aber bisher wenig erfolgreicher Privatdetektiv,<br \/>\nermittelt wieder. Ein Kletterpartner ist bei einer schwierigen Tour auf<br \/>\nmysteri\u00f6se Weise in den Tod gest\u00fcrzt.<\/p>\n<p>Seine Angeh\u00f6rigen glauben, dass es sich nicht um einen Unfall handelt und bitten Tobs, der Sache nachzugehen. W\u00e4hrend<br \/>\nTobs bei seinen Ermittlungen auf ein tragisches Geflecht von Liebe, Verrat und<br \/>\nEifersucht st\u00f6\u00dft, ereignet sich noch mehr Schreckliches, das ihn ganz<br \/>\npers\u00f6nlich betrifft: Der H\u00fcttenwirt Jakob Brunner macht sich auf, um Rache zu<br \/>\nnehmen an den Vergewaltigern seiner Tochter.<\/p>\n<p>Ein Horrortrip f\u00fcr J\u00e4ger und Gejagte. Und Thanner wird einmal mehr mit den Abgr\u00fcnden der menschlichen Seele<br \/>\nkonfrontiert.<\/p>","protected":false},"excerpt":{"rendered":"<ul>\n<li><a href=\"https:\/\/pizbube.ch\/wp-content\/uploads\/attachments\/a_028\/C474B1D3A9B0F39DF11A8183E15C29AD.pdf\" target=\"_blank\" rel=\"noopener\">PDF: stumme rache_leseprobe<\/a><\/li>\n<\/ul>","protected":false},"featured_media":39344,"template":"","meta":[],"product_brand":[],"product_cat":[21629],"product_tag":[],"class_list":{"0":"post-149172","1":"product","2":"type-product","3":"status-publish","4":"has-post-thumbnail","6":"product_cat-belletristik","7":"pa_autor-koenig","8":"pa_erscheinungsjahr-21550","9":"pa_region-deutschland","10":"pa_sprache-de","12":"first","13":"onbackorder","14":"taxable","15":"shipping-taxable","16":"purchasable","17":"product-type-simple"},"_links":{"self":[{"href":"https:\/\/pizbube.ch\/en\/wp-json\/wp\/v2\/product\/149172","targetHints":{"allow":["GET"]}}],"collection":[{"href":"https:\/\/pizbube.ch\/en\/wp-json\/wp\/v2\/product"}],"about":[{"href":"https:\/\/pizbube.ch\/en\/wp-json\/wp\/v2\/types\/product"}],"wp:featuredmedia":[{"embeddable":true,"href":"https:\/\/pizbube.ch\/en\/wp-json\/wp\/v2\/media\/39344"}],"wp:attachment":[{"href":"https:\/\/pizbube.ch\/en\/wp-json\/wp\/v2\/media?parent=149172"}],"wp:term":[{"taxonomy":"product_brand","embeddable":true,"href":"https:\/\/pizbube.ch\/en\/wp-json\/wp\/v2\/product_brand?post=149172"},{"taxonomy":"product_cat","embeddable":true,"href":"https:\/\/pizbube.ch\/en\/wp-json\/wp\/v2\/product_cat?post=149172"},{"taxonomy":"product_tag","embeddable":true,"href":"https:\/\/pizbube.ch\/en\/wp-json\/wp\/v2\/product_tag?post=149172"}],"curies":[{"name":"wp","href":"https:\/\/api.w.org\/{rel}","templated":true}]}}