{"id":149174,"date":"2021-01-15T10:59:03","date_gmt":"2021-01-15T10:59:03","guid":{"rendered":"https:\/\/codengine3.ch\/?product=import-placeholder-for-203621"},"modified":"2023-01-13T08:44:19","modified_gmt":"2023-01-13T07:44:19","slug":"genusskletter-atlas-oesterreich-ost-niederoesterreich","status":"publish","type":"product","link":"https:\/\/pizbube.ch\/en\/shop\/genusskletter-atlas-oesterreich-ost-niederoesterreich\/","title":{"rendered":"GENUSSKLETTER-ATLAS \u00d6sterreich Ost Nieder\u00f6sterreich"},"content":{"rendered":"<p>Band Nieder\u00f6sterreich;<\/p>\n<p>\u00dcber 1.000 der sch\u00f6nsten Genuss- und Plaisirrouten vom 2. bis zum 7.<br \/>\nSchwierigkeitsgrad<br \/>\nMit vielen neuen Touren, gro\u00dfen Klassikern, den sch\u00f6nsten Kletterg\u00e4rten.<\/p>\n<p>Gebiete:<br \/>\nPeilstein und Thalhofergrat (kl. Auswahl), Wachau, Bucklige Welt, Hohe Wand, Flatzer Wand, Adlitzgr\u00e4ben, Gr\u00fcnbacher Hausstein, Rax, Schneeberg<\/p>\n<p>Nebst vielen in den letzten Jahren neu er\u00f6ffneten, gut abgesicherten und geputzten Genusskletterrouten (vor allem im s\u00fcdlichen Nieder\u00f6sterreich), die hier (tw. erstmalig) vorgestellt werden, hat sich auch an vielen altklassischen Kletterwegen Neues getan: Zahlreiche Routen wurden saniert (manche &#8211; bis vor kurzem kaum noch begangene &#8211; gar aus einer Art Dornr\u00f6schenschlaf geweckt), in anderen wiederum kamen neue Varianten, direkte Einstiege usw. hinzu, die diese \u201ealten Hadern\u201c nun noch attraktiver im neuen Glanz erscheinen lassen. Bei manchen Gebieten wiederum haben sich Zu- oder Abstiege ver\u00e4ndert usw.<\/p>\n<ul>\n<li>2. Aufl. Oktober 2012, 368 Seiten, ca. 800 Abbildungen<\/li>\n<li>Softcover mit stabiler Fadenheftung, durchgehend farbig<\/li>\n<\/ul>","protected":false},"excerpt":{"rendered":"<p>Band Nieder\u00f6sterreich; \u00dcber 1.000 der sch\u00f6nsten Genuss- und Plaisirrouten vom 2. bis zum 7. Schwierigkeitsgrad Mit vielen neuen Touren, gro\u00dfen Klassikern, den sch\u00f6nsten Kletterg\u00e4rten. Gebiete: Peilstein und Thalhofergrat (kl. Auswahl), Wachau, Bucklige Welt, Hohe Wand, Flatzer Wand, Adlitzgr\u00e4ben, Gr\u00fcnbacher Hausstein, Rax, Schneeberg Nebst vielen in den letzten Jahren neu er\u00f6ffneten, gut abgesicherten und geputzten Genusskletterrouten [&#8230;]\n","protected":false},"featured_media":157726,"template":"","meta":[],"product_brand":[],"product_cat":[21539],"product_tag":[],"class_list":{"0":"post-149174","1":"product","2":"type-product","3":"status-publish","4":"has-post-thumbnail","6":"product_cat-fuehrerliteratur-sportklettern-bouldern","7":"pa_autor-schall-behm","8":"pa_erscheinungsjahr-21621","9":"pa_region-oesterreich","10":"pa_sprache-de","12":"first","13":"onbackorder","14":"taxable","15":"shipping-taxable","16":"purchasable","17":"product-type-simple"},"_links":{"self":[{"href":"https:\/\/pizbube.ch\/en\/wp-json\/wp\/v2\/product\/149174","targetHints":{"allow":["GET"]}}],"collection":[{"href":"https:\/\/pizbube.ch\/en\/wp-json\/wp\/v2\/product"}],"about":[{"href":"https:\/\/pizbube.ch\/en\/wp-json\/wp\/v2\/types\/product"}],"wp:featuredmedia":[{"embeddable":true,"href":"https:\/\/pizbube.ch\/en\/wp-json\/wp\/v2\/media\/157726"}],"wp:attachment":[{"href":"https:\/\/pizbube.ch\/en\/wp-json\/wp\/v2\/media?parent=149174"}],"wp:term":[{"taxonomy":"product_brand","embeddable":true,"href":"https:\/\/pizbube.ch\/en\/wp-json\/wp\/v2\/product_brand?post=149174"},{"taxonomy":"product_cat","embeddable":true,"href":"https:\/\/pizbube.ch\/en\/wp-json\/wp\/v2\/product_cat?post=149174"},{"taxonomy":"product_tag","embeddable":true,"href":"https:\/\/pizbube.ch\/en\/wp-json\/wp\/v2\/product_tag?post=149174"}],"curies":[{"name":"wp","href":"https:\/\/api.w.org\/{rel}","templated":true}]}}