{"id":149175,"date":"2021-01-15T10:59:03","date_gmt":"2021-01-15T10:59:03","guid":{"rendered":"https:\/\/codengine3.ch\/?product=import-placeholder-for-200630"},"modified":"2021-01-15T10:59:24","modified_gmt":"2021-01-15T10:59:24","slug":"kletterfuehrer-hoellenthal-rax-und-schneeberg","status":"publish","type":"product","link":"https:\/\/pizbube.ch\/en\/shop\/kletterfuehrer-hoellenthal-rax-und-schneeberg\/","title":{"rendered":"Kletterf\u00fchrer H\u00f6llenthal, Rax und Schneeberg"},"content":{"rendered":"<p>\n2000 Routen von 2 bis 11  <\/p>\n<p>Seit der letzten, nunmehr vergriffenen 6ten Auflage des Jahres 2006 ist viel<br \/>\nWasser die Schwarza hinabgeflossen\u2026das Thal hat sich zu einem der<br \/>\nbedeutendsten Klettergebiete \u00d6sterreichs etabliert! Das Neue Buch pr\u00e4sentiert<br \/>\nsich im bew\u00e4hrten Stil, aber weit mehr als doppeltem Umfang:  <\/p>\n<p>Komplett neu gezeichnet stellt der F\u00fchrer ein \u00fcppiges Gesamtwerk von<br \/>\nRax\/Schneeberg und Umgebung dar \u2013 das gesamte Kletter-Spektrum des riesigen<br \/>\nGebietes wird anschaulich dargestellt: Von den Topklassikern des 2.-5.<br \/>\nSchwierigkeitsgrades (v\u00f6llig neue, exakte Topos!) zu vielen \u201eklassischen\u201c<br \/>\nNeutouren dieser Grade in bislang unbekannten Wandzonen; von den sehr<br \/>\nzahlreichen neuen Mehrseill\u00e4ngentouren im Genuss\/Plaisier\/Sportkletterbereich<br \/>\nbis auch zu etlichen neuen Top-Kletterg\u00e4rten! In bestehenden Klettergebieten<br \/>\nkamen viele Neutouren hinzu, unz\u00e4hlige Anstiege wurden saniert\u2026  <\/p>\n<p>\u2026somit pr\u00e4sentiert sich die neue \u201eH\u00f6llenthalbibel\u201c mit \u00fcber 2000 Routen!<br \/>\nEine Vielzahl an Kletter-, Wand- und \u00dcbersichtsfotos, mehrere Farbteile sowie<br \/>\nhistorische Einsprengsel runden das Ganze ab und versuchen, dem Anspruch, ein<br \/>\nw\u00fcrdiges \u201eMonument\u201c \u00fcber Rax und Schneeberg (den \u00f6stlichsten Zweitausendern<br \/>\nder Alpen) zu hinterlassen, gerecht.  <\/p>\n<p>370 Seiten, \u00dcbersichtskarte, Fotos;Toposkizzen  <\/p>","protected":false},"excerpt":{"rendered":"<p>2000 Routen von 2 bis 11 Seit der letzten, nunmehr vergriffenen 6ten Auflage des Jahres 2006 ist viel Wasser die Schwarza hinabgeflossen\u2026das Thal hat sich zu einem der bedeutendsten Klettergebiete \u00d6sterreichs etabliert! Das Neue Buch pr\u00e4sentiert sich im bew\u00e4hrten Stil, aber weit mehr als doppeltem Umfang: Komplett neu gezeichnet stellt der F\u00fchrer ein \u00fcppiges Gesamtwerk [&#8230;]\n","protected":false},"featured_media":27446,"template":"","meta":[],"product_brand":[],"product_cat":[21539],"product_tag":[],"class_list":{"0":"post-149175","1":"product","2":"type-product","3":"status-publish","4":"has-post-thumbnail","6":"product_cat-fuehrerliteratur-sportklettern-bouldern","7":"pa_autor-behm","8":"pa_erscheinungsjahr-21568","9":"pa_region-oesterreich","10":"pa_sprache-de","12":"first","13":"instock","14":"taxable","15":"shipping-taxable","16":"purchasable","17":"product-type-simple"},"_links":{"self":[{"href":"https:\/\/pizbube.ch\/en\/wp-json\/wp\/v2\/product\/149175","targetHints":{"allow":["GET"]}}],"collection":[{"href":"https:\/\/pizbube.ch\/en\/wp-json\/wp\/v2\/product"}],"about":[{"href":"https:\/\/pizbube.ch\/en\/wp-json\/wp\/v2\/types\/product"}],"wp:featuredmedia":[{"embeddable":true,"href":"https:\/\/pizbube.ch\/en\/wp-json\/wp\/v2\/media\/27446"}],"wp:attachment":[{"href":"https:\/\/pizbube.ch\/en\/wp-json\/wp\/v2\/media?parent=149175"}],"wp:term":[{"taxonomy":"product_brand","embeddable":true,"href":"https:\/\/pizbube.ch\/en\/wp-json\/wp\/v2\/product_brand?post=149175"},{"taxonomy":"product_cat","embeddable":true,"href":"https:\/\/pizbube.ch\/en\/wp-json\/wp\/v2\/product_cat?post=149175"},{"taxonomy":"product_tag","embeddable":true,"href":"https:\/\/pizbube.ch\/en\/wp-json\/wp\/v2\/product_tag?post=149175"}],"curies":[{"name":"wp","href":"https:\/\/api.w.org\/{rel}","templated":true}]}}