{"id":149176,"date":"2021-01-15T10:59:03","date_gmt":"2021-01-15T10:59:03","guid":{"rendered":"https:\/\/codengine3.ch\/?product=import-placeholder-for-200641"},"modified":"2022-07-20T09:11:42","modified_gmt":"2022-07-20T07:11:42","slug":"hochschwab-kletterfuehrer-climbing-guidebook","status":"publish","type":"product","link":"https:\/\/pizbube.ch\/en\/shop\/hochschwab-kletterfuehrer-climbing-guidebook\/","title":{"rendered":"Hochschwab Kletterf\u00fchrer \/ Climbing Guidebook"},"content":{"rendered":"<p>Ausgew\u00e4hlte Kletterrouten und Kletterg\u00e4rten im Steirischen Gebrig&#8216;<\/p>\n<p>Nach 30 Jahren Wartezeit erscheint der neue Hochschwab Kletterf\u00fchrer. Viel hat<br \/>\nsich in der Zwischenzeit am \u201eSchwobn\u201c, wie er von den Locals genannt wird,<br \/>\ngetan.<\/p>\n<p>In diesem umfangreichen Gebietsf\u00fchrer wird das Autorenteam nach mehr als drei<br \/>\nJahren Recherchearbeit, 380 Mehrseill\u00e4ngenrouten mit detaillierten<br \/>\nAnstiegsskizzen, aussagekr\u00e4ftigen Wandfotos und allen wichtigen Routen- und<br \/>\nGebietsinfos pr\u00e4sentieren.<\/p>\n<p>Neben den schon bekannten Klassikern und beliebten Plaisirtouren werden<br \/>\nerstmals unz\u00e4hlige, bislang unver\u00f6ffentlichte Erstbegehungen und Sanierungen<br \/>\nvorgestellt, sowie zahlreiche alte, nur selten wiederholte Hochschwabperlen<br \/>\nerstmals detailliert beschrieben. Auch die Sportkletter-Fans kommen mit Infos<br \/>\nzu rund 25 Kletterg\u00e4rten auf ihre Rechnung.<\/p>\n<p>\u00dcber 520 Seiten im Format A4, durchgehend 4-farbig; 2.5 kg.; Deutschsprachig,<br \/>\nmit allen wichtigen Infos auch auf Englisch<br \/>\nHandgezeichnete, detailreiche Topos; Aussagekr\u00e4ftige Wandfotos<\/p>","protected":false},"excerpt":{"rendered":"<p>Ausgew\u00e4hlte Kletterrouten und Kletterg\u00e4rten im Steirischen Gebrig&#8216; Nach 30 Jahren Wartezeit erscheint der neue Hochschwab Kletterf\u00fchrer. Viel hat sich in der Zwischenzeit am \u201eSchwobn\u201c, wie er von den Locals genannt wird, getan. In diesem umfangreichen Gebietsf\u00fchrer wird das Autorenteam nach mehr als drei Jahren Recherchearbeit, 380 Mehrseill\u00e4ngenrouten mit detaillierten Anstiegsskizzen, aussagekr\u00e4ftigen Wandfotos und allen wichtigen [&#8230;]\n","protected":false},"featured_media":162801,"template":"","meta":[],"product_brand":[],"product_cat":[21539],"product_tag":[],"class_list":{"0":"post-149176","1":"product","2":"type-product","3":"status-publish","4":"has-post-thumbnail","6":"product_cat-fuehrerliteratur-sportklettern-bouldern","7":"pa_autor-gumpold-leitinger-behm","8":"pa_erscheinungsjahr-21558","9":"pa_region-oesterreich","10":"pa_sprache-de-en","12":"first","13":"instock","14":"taxable","15":"shipping-taxable","16":"purchasable","17":"product-type-simple"},"_links":{"self":[{"href":"https:\/\/pizbube.ch\/en\/wp-json\/wp\/v2\/product\/149176","targetHints":{"allow":["GET"]}}],"collection":[{"href":"https:\/\/pizbube.ch\/en\/wp-json\/wp\/v2\/product"}],"about":[{"href":"https:\/\/pizbube.ch\/en\/wp-json\/wp\/v2\/types\/product"}],"wp:featuredmedia":[{"embeddable":true,"href":"https:\/\/pizbube.ch\/en\/wp-json\/wp\/v2\/media\/162801"}],"wp:attachment":[{"href":"https:\/\/pizbube.ch\/en\/wp-json\/wp\/v2\/media?parent=149176"}],"wp:term":[{"taxonomy":"product_brand","embeddable":true,"href":"https:\/\/pizbube.ch\/en\/wp-json\/wp\/v2\/product_brand?post=149176"},{"taxonomy":"product_cat","embeddable":true,"href":"https:\/\/pizbube.ch\/en\/wp-json\/wp\/v2\/product_cat?post=149176"},{"taxonomy":"product_tag","embeddable":true,"href":"https:\/\/pizbube.ch\/en\/wp-json\/wp\/v2\/product_tag?post=149176"}],"curies":[{"name":"wp","href":"https:\/\/api.w.org\/{rel}","templated":true}]}}