{"id":149178,"date":"2021-01-15T10:59:03","date_gmt":"2021-01-15T10:59:03","guid":{"rendered":"https:\/\/codengine3.ch\/?product=import-placeholder-for-202206"},"modified":"2021-11-06T13:37:10","modified_gmt":"2021-11-06T12:37:10","slug":"auf-den-gipfeln-der-welt-tb","status":"publish","type":"product","link":"https:\/\/pizbube.ch\/en\/shop\/auf-den-gipfeln-der-welt-tb\/","title":{"rendered":"Auf den Gipfeln der Welt (TB)"},"content":{"rendered":"<p>Die Eiger-Nordwand und andere Tr\u00e4ume.<\/p>\n<p>Der Autor des Weltbestellers &#8218;In eisige<br \/>\nH\u00f6hen&#8216; berichtet in zw\u00f6lf brillanten Reportagen von seinen gef\u00e4hrlichen<br \/>\nLeidenschaften: dem Mount Everest und dem K2, dem Montblanc und der<br \/>\nber\u00fcchtigten Eiger-Nordwand, vom Canyoning in wilden Schluchten und von seiner<br \/>\nerfolgreichen Solobesteigung des Devils Thumb in Alaska.<\/p>\n<p>Er erz\u00e4hlt von<br \/>\nber\u00fchmten Bergsteigern, die f\u00fcr ihre Passion ihr Leben aufs Spiel setzen, und<br \/>\nmacht verst\u00e4ndlich, worin die Faszination der Berge besteht.<\/p>\n<div class=\"biblioProductCode\"><span class=\"value\">Taschenbuch<\/span><\/div>\n<div class=\"biblioEdition\"><span class=\"value\">13. <\/span><span class=\"key\">Auflage <\/span><span class=\"value\">2000<\/span><\/div>\n<div class=\"biblioPages\"><span class=\"value\">304 Seiten<\/span><\/div>","protected":false},"excerpt":{"rendered":"<p>Die Eiger-Nordwand und andere Tr\u00e4ume. Der Autor des Weltbestellers &#8218;In eisige H\u00f6hen&#8216; berichtet in zw\u00f6lf brillanten Reportagen von seinen gef\u00e4hrlichen Leidenschaften: dem Mount Everest und dem K2, dem Montblanc und der ber\u00fcchtigten Eiger-Nordwand, vom Canyoning in wilden Schluchten und von seiner erfolgreichen Solobesteigung des Devils Thumb in Alaska. Er erz\u00e4hlt von ber\u00fchmten Bergsteigern, die f\u00fcr [&#8230;]\n","protected":false},"featured_media":29594,"template":"","meta":[],"product_brand":[],"product_cat":[21629],"product_tag":[],"class_list":{"0":"post-149178","1":"product","2":"type-product","3":"status-publish","4":"has-post-thumbnail","6":"product_cat-belletristik","7":"pa_autor-krakauer","8":"pa_erscheinungsjahr-21693","9":"pa_region-amerika-nord","10":"pa_sprache-de","12":"first","13":"instock","14":"taxable","15":"shipping-taxable","16":"purchasable","17":"product-type-simple"},"_links":{"self":[{"href":"https:\/\/pizbube.ch\/en\/wp-json\/wp\/v2\/product\/149178","targetHints":{"allow":["GET"]}}],"collection":[{"href":"https:\/\/pizbube.ch\/en\/wp-json\/wp\/v2\/product"}],"about":[{"href":"https:\/\/pizbube.ch\/en\/wp-json\/wp\/v2\/types\/product"}],"wp:featuredmedia":[{"embeddable":true,"href":"https:\/\/pizbube.ch\/en\/wp-json\/wp\/v2\/media\/29594"}],"wp:attachment":[{"href":"https:\/\/pizbube.ch\/en\/wp-json\/wp\/v2\/media?parent=149178"}],"wp:term":[{"taxonomy":"product_brand","embeddable":true,"href":"https:\/\/pizbube.ch\/en\/wp-json\/wp\/v2\/product_brand?post=149178"},{"taxonomy":"product_cat","embeddable":true,"href":"https:\/\/pizbube.ch\/en\/wp-json\/wp\/v2\/product_cat?post=149178"},{"taxonomy":"product_tag","embeddable":true,"href":"https:\/\/pizbube.ch\/en\/wp-json\/wp\/v2\/product_tag?post=149178"}],"curies":[{"name":"wp","href":"https:\/\/api.w.org\/{rel}","templated":true}]}}