{"id":149179,"date":"2021-01-15T10:59:03","date_gmt":"2021-01-15T10:59:03","guid":{"rendered":"https:\/\/codengine3.ch\/?product=import-placeholder-for-203421"},"modified":"2021-01-15T14:23:06","modified_gmt":"2021-01-15T14:23:06","slug":"auf-dem-gipfel","status":"publish","type":"product","link":"https:\/\/pizbube.ch\/en\/shop\/auf-dem-gipfel\/","title":{"rendered":"Auf dem Gipfel"},"content":{"rendered":"<p>\nGedanken vom h\u00f6chsten Punkt der Erde.<\/p>\n<p>Es ist der gr\u00f6\u00dfte Traum eines jeden Bergsteigers, einmal den Berg aller Berge,<br \/>\nden Mount Everest, zu bezwingen. Aber warum wollen sie alle diesen<br \/>\nanstrengenden Weg auf sich nehmen? Was erwarten sie davon? Was denken sie,<br \/>\nwenn sie dann endlich dort oben stehen, und welche Auswirkungen hat dieses<br \/>\nErlebnis auf ihr Leben?  <\/p>\n<p>Ber\u00fchmte Bergsteiger wie Reinhold Messner, Chris Bonington, Conrad Anker oder<br \/>\nDoug Scott und auch die Sherpas, allen voran Tenzing Norgay, haben<br \/>\naufgeschrieben, was der Everest f\u00fcr sie bedeutet. Dieser Berg, der<br \/>\nunberechenbar, gef\u00e4hrlich, aber auch wundersch\u00f6n und mystisch sein kann und<br \/>\nder die Sehnsucht eines jeden Abenteurers weckt. Philosophische,<br \/>\nnachdenkliche, auch praktische Beitr\u00e4ge sind dabei entstanden, welche die<br \/>\nMagie, die dieser Berg ausstrahlt, sp\u00fcren lassen.<\/p>\n<p>35 s\/w. Fotos, Vignetten. 169 S.  <\/p>","protected":false},"excerpt":{"rendered":"<p>Gedanken vom h\u00f6chsten Punkt der Erde. Es ist der gr\u00f6\u00dfte Traum eines jeden Bergsteigers, einmal den Berg aller Berge, den Mount Everest, zu bezwingen. Aber warum wollen sie alle diesen anstrengenden Weg auf sich nehmen? Was erwarten sie davon? Was denken sie, wenn sie dann endlich dort oben stehen, und welche Auswirkungen hat dieses Erlebnis [&#8230;]\n","protected":false},"featured_media":31028,"template":"","meta":[],"product_brand":[],"product_cat":[21629],"product_tag":[],"class_list":{"0":"post-149179","1":"product","2":"type-product","3":"status-publish","4":"has-post-thumbnail","6":"product_cat-belletristik","7":"pa_autor-gee","8":"pa_erscheinungsjahr-21920","9":"pa_region-deutschland","10":"pa_sprache-de","12":"first","13":"instock","14":"taxable","15":"shipping-taxable","16":"purchasable","17":"product-type-simple"},"_links":{"self":[{"href":"https:\/\/pizbube.ch\/en\/wp-json\/wp\/v2\/product\/149179","targetHints":{"allow":["GET"]}}],"collection":[{"href":"https:\/\/pizbube.ch\/en\/wp-json\/wp\/v2\/product"}],"about":[{"href":"https:\/\/pizbube.ch\/en\/wp-json\/wp\/v2\/types\/product"}],"wp:featuredmedia":[{"embeddable":true,"href":"https:\/\/pizbube.ch\/en\/wp-json\/wp\/v2\/media\/31028"}],"wp:attachment":[{"href":"https:\/\/pizbube.ch\/en\/wp-json\/wp\/v2\/media?parent=149179"}],"wp:term":[{"taxonomy":"product_brand","embeddable":true,"href":"https:\/\/pizbube.ch\/en\/wp-json\/wp\/v2\/product_brand?post=149179"},{"taxonomy":"product_cat","embeddable":true,"href":"https:\/\/pizbube.ch\/en\/wp-json\/wp\/v2\/product_cat?post=149179"},{"taxonomy":"product_tag","embeddable":true,"href":"https:\/\/pizbube.ch\/en\/wp-json\/wp\/v2\/product_tag?post=149179"}],"curies":[{"name":"wp","href":"https:\/\/api.w.org\/{rel}","templated":true}]}}