{"id":149180,"date":"2021-01-15T10:59:03","date_gmt":"2021-01-15T10:59:03","guid":{"rendered":"https:\/\/codengine3.ch\/?product=import-placeholder-for-203501"},"modified":"2021-01-15T14:23:55","modified_gmt":"2021-01-15T14:23:55","slug":"lesespuren-im-gebirge","status":"publish","type":"product","link":"https:\/\/pizbube.ch\/en\/shop\/lesespuren-im-gebirge\/","title":{"rendered":"Lesespuren im Gebirge"},"content":{"rendered":"<p>Die Berge und die Dichter.<br \/>\nBerge sind ganz besondere Orte- diese Erfahrung macht jeder, der sie aus der<br \/>\nFerne betrachtet oder sich aufmacht, sie zu besteigen. Im Rucksack tr\u00e4gt jeder<br \/>\nseine ganz eigenen Erfahrungen, seine eigenen Perspektiven in die Berge;<br \/>\nPetrarca ersteigt den Mont Ventoux und Goethe feiert ein Bergfest. Nietsche<br \/>\n\u00fcberwindet sich selbst und Hesses verungl\u00fcckter Gipfelst\u00fcrmer findet im<br \/>\nSterben endlich seinen Frieden. Und Robert Walser? Im Schneegest\u00f6ber st\u00f6bert<br \/>\ner nach Worten und die Berge beginnen zu wanken.<br \/>\nDie Poesie l\u00e4sst dem Leser Raum f\u00fcr eigene Entdeckungen &#8211; wie das Gebirge<br \/>\nselbst. Mit 12 Abb. 192 S.  <\/p>","protected":false},"excerpt":{"rendered":"<p>Die Berge und die Dichter. Berge sind ganz besondere Orte- diese Erfahrung macht jeder, der sie aus der Ferne betrachtet oder sich aufmacht, sie zu besteigen. Im Rucksack tr\u00e4gt jeder seine ganz eigenen Erfahrungen, seine eigenen Perspektiven in die Berge; Petrarca ersteigt den Mont Ventoux und Goethe feiert ein Bergfest. Nietsche \u00fcberwindet sich selbst und [&#8230;]\n","protected":false},"featured_media":31119,"template":"","meta":[],"product_brand":[],"product_cat":[21542],"product_tag":[],"class_list":{"0":"post-149180","1":"product","2":"type-product","3":"status-publish","4":"has-post-thumbnail","6":"product_cat-sachbuecher-dokumentationen","7":"pa_autor-bayerle","8":"pa_erscheinungsjahr-22292","9":"pa_region-deutschland","10":"pa_sprache-de","12":"first","13":"outofstock","14":"taxable","15":"shipping-taxable","16":"purchasable","17":"product-type-simple"},"_links":{"self":[{"href":"https:\/\/pizbube.ch\/en\/wp-json\/wp\/v2\/product\/149180","targetHints":{"allow":["GET"]}}],"collection":[{"href":"https:\/\/pizbube.ch\/en\/wp-json\/wp\/v2\/product"}],"about":[{"href":"https:\/\/pizbube.ch\/en\/wp-json\/wp\/v2\/types\/product"}],"wp:featuredmedia":[{"embeddable":true,"href":"https:\/\/pizbube.ch\/en\/wp-json\/wp\/v2\/media\/31119"}],"wp:attachment":[{"href":"https:\/\/pizbube.ch\/en\/wp-json\/wp\/v2\/media?parent=149180"}],"wp:term":[{"taxonomy":"product_brand","embeddable":true,"href":"https:\/\/pizbube.ch\/en\/wp-json\/wp\/v2\/product_brand?post=149180"},{"taxonomy":"product_cat","embeddable":true,"href":"https:\/\/pizbube.ch\/en\/wp-json\/wp\/v2\/product_cat?post=149180"},{"taxonomy":"product_tag","embeddable":true,"href":"https:\/\/pizbube.ch\/en\/wp-json\/wp\/v2\/product_tag?post=149180"}],"curies":[{"name":"wp","href":"https:\/\/api.w.org\/{rel}","templated":true}]}}