{"id":149181,"date":"2021-01-15T10:59:03","date_gmt":"2021-01-15T10:59:03","guid":{"rendered":"https:\/\/codengine3.ch\/?product=import-placeholder-for-204878"},"modified":"2024-07-09T11:21:56","modified_gmt":"2024-07-09T09:21:56","slug":"ein-pyrenaeenbuch","status":"publish","type":"product","link":"https:\/\/pizbube.ch\/en\/shop\/ein-pyrenaeenbuch\/","title":{"rendered":"Ein Pyren\u00e4enbuch"},"content":{"rendered":"<p>Mehr noch als die bizarre Sch\u00f6nheit der Pyren\u00e4en faszinierten Tucholsky ihre Bewohner und ihre Kultur. Seine Aufzeichnungen sind lebendige und humorvolle Impressionen seiner Begegnungen und Erlebnisse, geistreiche Reflexionen \u00fcber Alltagssituationen \u2013 auch f\u00fcr heutige Leser und Reisende ein besonderer Begleiter.<\/p>\n<p>Mit ebenso am\u00fcsanter wie satirischer Feder entdeckt Tucholsky f\u00fcr uns eine Landschaft mit ihren Menschen, schildert Stierk\u00e4mpfe und Kl\u00f6ster, den touristischen Cirque de Gavarnie, das triste Cauterets, Lourdes und Andorra, Hotelbesucher und Bauern.<\/p>\n<p>Und unversehens nimmt er uns mit auf eine `Reise durch sich selbst`. Ein echtes Gegenst\u00fcck zu den `Reisebildern` Heines und der `Empfindsamen Reise`<\/p>\n<p>Der am 9. Januar 1890 in Berlin geborene Kurt Tucholsky war einer der bedeutendsten deutschen Satiriker und Gesellschaftskritiker des vorigen Jahrhunderts. Er gewann als radikaler Pazifist und geradezu best\u00fcrzend fr\u00fchzeitiger, prophetischer Warner vor dem militanten deutschen Nationalismus politische Bedeutung.<\/p>\n<p>Broschur, 249 Seiten<br \/>\n4. Auflg. 2023<\/p>","protected":false},"excerpt":{"rendered":"<p>Mehr noch als die bizarre Sch\u00f6nheit der Pyren\u00e4en faszinierten Tucholsky ihre Bewohner und ihre Kultur. Seine Aufzeichnungen sind lebendige und humorvolle Impressionen seiner Begegnungen und Erlebnisse, geistreiche Reflexionen \u00fcber Alltagssituationen \u2013 auch f\u00fcr heutige Leser und Reisende ein besonderer Begleiter. Mit ebenso am\u00fcsanter wie satirischer Feder entdeckt Tucholsky f\u00fcr uns eine Landschaft mit ihren Menschen, [&#8230;]\n","protected":false},"featured_media":171442,"template":"","meta":[],"product_brand":[],"product_cat":[21629],"product_tag":[],"class_list":{"0":"post-149181","1":"product","2":"type-product","3":"status-publish","4":"has-post-thumbnail","6":"product_cat-belletristik","7":"pa_autor-tucholsky","8":"pa_erscheinungsjahr-21574","9":"pa_region-deutschland","10":"pa_sprache-de","12":"first","13":"instock","14":"taxable","15":"shipping-taxable","16":"purchasable","17":"product-type-simple"},"_links":{"self":[{"href":"https:\/\/pizbube.ch\/en\/wp-json\/wp\/v2\/product\/149181","targetHints":{"allow":["GET"]}}],"collection":[{"href":"https:\/\/pizbube.ch\/en\/wp-json\/wp\/v2\/product"}],"about":[{"href":"https:\/\/pizbube.ch\/en\/wp-json\/wp\/v2\/types\/product"}],"wp:featuredmedia":[{"embeddable":true,"href":"https:\/\/pizbube.ch\/en\/wp-json\/wp\/v2\/media\/171442"}],"wp:attachment":[{"href":"https:\/\/pizbube.ch\/en\/wp-json\/wp\/v2\/media?parent=149181"}],"wp:term":[{"taxonomy":"product_brand","embeddable":true,"href":"https:\/\/pizbube.ch\/en\/wp-json\/wp\/v2\/product_brand?post=149181"},{"taxonomy":"product_cat","embeddable":true,"href":"https:\/\/pizbube.ch\/en\/wp-json\/wp\/v2\/product_cat?post=149181"},{"taxonomy":"product_tag","embeddable":true,"href":"https:\/\/pizbube.ch\/en\/wp-json\/wp\/v2\/product_tag?post=149181"}],"curies":[{"name":"wp","href":"https:\/\/api.w.org\/{rel}","templated":true}]}}