{"id":149182,"date":"2021-01-15T10:59:03","date_gmt":"2021-01-15T10:59:03","guid":{"rendered":"https:\/\/codengine3.ch\/?product=import-placeholder-for-206207"},"modified":"2025-08-05T14:40:31","modified_gmt":"2025-08-05T12:40:31","slug":"ueber-alle-berge","status":"publish","type":"product","link":"https:\/\/pizbube.ch\/en\/shop\/ueber-alle-berge\/","title":{"rendered":"\u00dcber alle Berge"},"content":{"rendered":"<p>Geschichten vom Wandern &#8211; Vom Gl\u00fcck in Wanderschuhen<\/p>\n<p>Wer kennt sie nicht, die seelenreinigende Wirkung des Wanderns in der<br \/>\nH\u00f6henluft? Hier erz\u00e4hlen Autorinnen und Autoren vom \u00dcberqueren der Alpen, vom<br \/>\nAufstieg auf kleine und gro\u00dfe Gipfel, von funkelnder Sonne und wogendem Nebel<br \/>\n\u2013 und von den inneren Regungen, die jeder versp\u00fcrt, wenn er sich \u00fcber das<br \/>\nTiefland erhebt.<\/p>\n<p>Max Frisch \u00fcberquert die Alpen in acht Tagen<br \/>\nHermann Hesse genie\u00dft die Gipfel in Wolken- und Regenschleiern<br \/>\nMeinrad Inglin stellt drei M\u00e4nner im Schneesturm vor eine gro\u00dfe Entscheidung<br \/>\nJohann Wolfgang von Goethe stapft \u00fcber die verschneite Furka<\/p>\n<p>Alfred Graber w\u00e4hlt den Berg statt die Liebe<br \/>\nMark Twain verschl\u00e4ft auf der Rigi den Sonnenaufgang<br \/>\nThomas Mann l\u00e4sst Hans Castorp am Gie\u00dfbach in Tr\u00e4ume versinken<br \/>\nMarlen Haushofer findet Frieden auf der mondbeschienenen Lichtung<br \/>\n\u00d6d\u00f6n von Horv\u00e1th belauscht die Verschw\u00f6rung von Rucksack, Windjacke und<br \/>\nBergschuhen<\/p>\n<p>Franz Hohler l\u00e4uft sich Blasen an die Fersen<br \/>\nEmil Zopfi kommt unterm Hochspannungsmast ins Sinnieren<br \/>\nJ\u00fcrg Weiss erkundet einen Gipfelgarten, der Geschichte gemacht hat<br \/>\nC. F. Ramuz trauert um das zerst\u00f6rte Tal von Derborence<br \/>\nAnnemarie Schwarzenbach geht am Seil \u00fcber die Zermatter Gletscher<br \/>\nCarl Zuckmayer sieht ungeheuer, gewaltig und atemberaubend die Sonne aufgehen<\/p>\n<div class=\"\">Herausgegeben von Emil Zopfi<\/div>\n<div class=\"\">Hardcover<\/div>\n<div>224 Seiten<\/div>\n<p>2. Auflage 2021<\/p>","protected":false},"excerpt":{"rendered":"<p>Geschichten vom Wandern &#8211; Vom Gl\u00fcck in Wanderschuhen Wer kennt sie nicht, die seelenreinigende Wirkung des Wanderns in der H\u00f6henluft? Hier erz\u00e4hlen Autorinnen und Autoren vom \u00dcberqueren der Alpen, vom Aufstieg auf kleine und gro\u00dfe Gipfel, von funkelnder Sonne und wogendem Nebel \u2013 und von den inneren Regungen, die jeder versp\u00fcrt, wenn er sich \u00fcber [&#8230;]\n","protected":false},"featured_media":161567,"template":"","meta":[],"product_brand":[],"product_cat":[21629],"product_tag":[],"class_list":{"0":"post-149182","1":"product","2":"type-product","3":"status-publish","4":"has-post-thumbnail","6":"product_cat-belletristik","7":"pa_autor-zopfi-hrsg","8":"pa_erscheinungsjahr-25440","9":"pa_region-schweiz","10":"pa_sprache-de","12":"first","13":"outofstock","14":"taxable","15":"shipping-taxable","16":"purchasable","17":"product-type-simple"},"_links":{"self":[{"href":"https:\/\/pizbube.ch\/en\/wp-json\/wp\/v2\/product\/149182","targetHints":{"allow":["GET"]}}],"collection":[{"href":"https:\/\/pizbube.ch\/en\/wp-json\/wp\/v2\/product"}],"about":[{"href":"https:\/\/pizbube.ch\/en\/wp-json\/wp\/v2\/types\/product"}],"wp:featuredmedia":[{"embeddable":true,"href":"https:\/\/pizbube.ch\/en\/wp-json\/wp\/v2\/media\/161567"}],"wp:attachment":[{"href":"https:\/\/pizbube.ch\/en\/wp-json\/wp\/v2\/media?parent=149182"}],"wp:term":[{"taxonomy":"product_brand","embeddable":true,"href":"https:\/\/pizbube.ch\/en\/wp-json\/wp\/v2\/product_brand?post=149182"},{"taxonomy":"product_cat","embeddable":true,"href":"https:\/\/pizbube.ch\/en\/wp-json\/wp\/v2\/product_cat?post=149182"},{"taxonomy":"product_tag","embeddable":true,"href":"https:\/\/pizbube.ch\/en\/wp-json\/wp\/v2\/product_tag?post=149182"}],"curies":[{"name":"wp","href":"https:\/\/api.w.org\/{rel}","templated":true}]}}