{"id":149183,"date":"2021-01-15T10:59:03","date_gmt":"2021-01-15T10:59:03","guid":{"rendered":"https:\/\/codengine3.ch\/?product=import-placeholder-for-200990"},"modified":"2025-09-24T11:10:23","modified_gmt":"2025-09-24T09:10:23","slug":"der-mensch-erscheint-im-holozaen","status":"publish","type":"product","link":"https:\/\/pizbube.ch\/en\/shop\/der-mensch-erscheint-im-holozaen\/","title":{"rendered":"Der Mensch erscheint im Holoz\u00e4n"},"content":{"rendered":"<p>Max Frisch`s Erinnerungen an eine Matterhornbesteigung. Die Erz\u00e4hlungen Der<br \/>\nMensch erscheint im Holoz\u00e4n hat in ihrer Luzidit\u00e4t und formalen Eleganz etwas<br \/>\nKlassisches an sich. Diese brillante Parabel von unauslotbarer Bedeutung ist<br \/>\nein Meisterwerk. New York Times Book Rewiew, die diese Erz\u00e4hlungen zur<br \/>\ninteressantesten und wichtigsten des Jahres 1980 w\u00e4hlte.<\/p>\n<p>Mit der phantastischen Wachheit des Einsamen registriert Herr Geiser die<br \/>\nkleinen Anzeichen einer denkbaren Katastrophe. Das Tessiner Tal ist durch<br \/>\nUnwetter von der Umwelt abgeschnitten. Gefa\u00dft darauf, da\u00df eines Tages der<br \/>\nganze Berg ins Rutschen kommt und das Dorf versch\u00fcttet f\u00fcr alle Zeit, liest<br \/>\nHerr Geiser im Lexikon, in der Bibel, in Geschichtsb\u00fcchern und schreib ab, was<br \/>\nnicht vergessen werden soll.<\/p>\n<p>23. Auflage<\/p>","protected":false},"excerpt":{"rendered":"<p>Max Frisch`s Erinnerungen an eine Matterhornbesteigung. Die Erz\u00e4hlungen Der Mensch erscheint im Holoz\u00e4n hat in ihrer Luzidit\u00e4t und formalen Eleganz etwas Klassisches an sich. Diese brillante Parabel von unauslotbarer Bedeutung ist ein Meisterwerk. New York Times Book Rewiew, die diese Erz\u00e4hlungen zur interessantesten und wichtigsten des Jahres 1980 w\u00e4hlte. Mit der phantastischen Wachheit des Einsamen [&#8230;]\n","protected":false},"featured_media":181420,"template":"","meta":[],"product_brand":[],"product_cat":[21629],"product_tag":[],"class_list":{"0":"post-149183","1":"product","2":"type-product","3":"status-publish","4":"has-post-thumbnail","6":"product_cat-belletristik","7":"pa_autor-frisch","8":"pa_erscheinungsjahr-21550","9":"pa_region-schweiz","10":"pa_sprache-de","12":"first","13":"instock","14":"taxable","15":"shipping-taxable","16":"purchasable","17":"product-type-simple"},"_links":{"self":[{"href":"https:\/\/pizbube.ch\/en\/wp-json\/wp\/v2\/product\/149183","targetHints":{"allow":["GET"]}}],"collection":[{"href":"https:\/\/pizbube.ch\/en\/wp-json\/wp\/v2\/product"}],"about":[{"href":"https:\/\/pizbube.ch\/en\/wp-json\/wp\/v2\/types\/product"}],"wp:featuredmedia":[{"embeddable":true,"href":"https:\/\/pizbube.ch\/en\/wp-json\/wp\/v2\/media\/181420"}],"wp:attachment":[{"href":"https:\/\/pizbube.ch\/en\/wp-json\/wp\/v2\/media?parent=149183"}],"wp:term":[{"taxonomy":"product_brand","embeddable":true,"href":"https:\/\/pizbube.ch\/en\/wp-json\/wp\/v2\/product_brand?post=149183"},{"taxonomy":"product_cat","embeddable":true,"href":"https:\/\/pizbube.ch\/en\/wp-json\/wp\/v2\/product_cat?post=149183"},{"taxonomy":"product_tag","embeddable":true,"href":"https:\/\/pizbube.ch\/en\/wp-json\/wp\/v2\/product_tag?post=149183"}],"curies":[{"name":"wp","href":"https:\/\/api.w.org\/{rel}","templated":true}]}}