{"id":149185,"date":"2021-01-15T10:59:03","date_gmt":"2021-01-15T10:59:03","guid":{"rendered":"https:\/\/codengine3.ch\/?product=import-placeholder-for-205307"},"modified":"2021-01-15T14:40:15","modified_gmt":"2021-01-15T14:40:15","slug":"bergwelten-ein-reiselesebuch","status":"publish","type":"product","link":"https:\/\/pizbube.ch\/en\/shop\/bergwelten-ein-reiselesebuch\/","title":{"rendered":"BergWelten Ein Reiselesebuch"},"content":{"rendered":"<p>&#8218;Armchair travelling&#8216; nennen die Engl\u00e4nder Reiseliteratur, und dieses Lesebuch<br \/>\nl\u00e4dt Sie auf eine sehr vergn\u00fcgliche &#8218;Lesereise&#8216; in die weite Welt der Berge<br \/>\nein. Ihre Begleiter sind dabei deutschsprachige Top-JournalistInnen, deren<br \/>\nReportagen in renommierten Zeitungen und Magazinen erstmals ver\u00f6ffentlicht und<br \/>\nin den letzten f\u00fcnf Jahren f\u00fcr den begehrten Reiseliteraturpreis &#8218;BergWelten&#8216;<br \/>\nnominiert bzw. damit ausgezeichnet wurden.<\/p>\n<p>Ob Sie nun mit Wolfram Siebeck &#8218;Kn\u00f6del H\u00e4rte 5&#8216; testen oder mit Freddy Langer<br \/>\nauf dem Meraner H\u00f6henweg der Ersch\u00f6pfung davon laufen, mit Timm Klotzek das<br \/>\nMillionendorf Ischgl oder mit Renate Just die Stadt Salzburg auf literarischen<br \/>\nH\u00f6hen besuchen, in den Schweizer Bergen Bollywood entdecken oder gar, wie<br \/>\nAndreas Lesti, nach Dubai in die W\u00fcste fliegen, um in einem Winterwunderland<br \/>\nder Extraklasse zu landen: Die Texte bilden auf sehr vielf\u00e4ltige und<br \/>\noriginelle Art und Weise das Spektrum dessen ab, was Reisen ins Gebirge im<br \/>\nZeitalter der Globalisierung bedeuten kann. Kurzweiliges Lesevergn\u00fcgen ist<br \/>\ngarantiert!  <\/p>\n<p>Mit Beitr\u00e4gen von Wolfgang Bauer, Tom Dauer, Heike Faller, Hans Gasser,<br \/>\nBartholom\u00e4us Grill, Renate Just, Timm Klotzek, Freddy Langer, Andreas Lesti,<br \/>\nG\u00fcnther Mack, Volker Mehnert, Susanne Schaber, Wolfram Siebeck, J\u00f6rg Spaniol,<br \/>\nRainer Stadler, Jakob Strobel y Serra, Andreas Weber.<\/p>","protected":false},"excerpt":{"rendered":"<p>&#8218;Armchair travelling&#8216; nennen die Engl\u00e4nder Reiseliteratur, und dieses Lesebuch l\u00e4dt Sie auf eine sehr vergn\u00fcgliche &#8218;Lesereise&#8216; in die weite Welt der Berge ein. Ihre Begleiter sind dabei deutschsprachige Top-JournalistInnen, deren Reportagen in renommierten Zeitungen und Magazinen erstmals ver\u00f6ffentlicht und in den letzten f\u00fcnf Jahren f\u00fcr den begehrten Reiseliteraturpreis &#8218;BergWelten&#8216; nominiert bzw. damit ausgezeichnet wurden. Ob [&#8230;]\n","protected":false},"featured_media":33976,"template":"","meta":[],"product_brand":[],"product_cat":[21629],"product_tag":[],"class_list":{"0":"post-149185","1":"product","2":"type-product","3":"status-publish","4":"has-post-thumbnail","6":"product_cat-belletristik","7":"pa_autor-div","8":"pa_erscheinungsjahr-21591","9":"pa_region-oesterreich","10":"pa_sprache-de","12":"first","13":"instock","14":"taxable","15":"shipping-taxable","16":"purchasable","17":"product-type-simple"},"_links":{"self":[{"href":"https:\/\/pizbube.ch\/en\/wp-json\/wp\/v2\/product\/149185","targetHints":{"allow":["GET"]}}],"collection":[{"href":"https:\/\/pizbube.ch\/en\/wp-json\/wp\/v2\/product"}],"about":[{"href":"https:\/\/pizbube.ch\/en\/wp-json\/wp\/v2\/types\/product"}],"wp:featuredmedia":[{"embeddable":true,"href":"https:\/\/pizbube.ch\/en\/wp-json\/wp\/v2\/media\/33976"}],"wp:attachment":[{"href":"https:\/\/pizbube.ch\/en\/wp-json\/wp\/v2\/media?parent=149185"}],"wp:term":[{"taxonomy":"product_brand","embeddable":true,"href":"https:\/\/pizbube.ch\/en\/wp-json\/wp\/v2\/product_brand?post=149185"},{"taxonomy":"product_cat","embeddable":true,"href":"https:\/\/pizbube.ch\/en\/wp-json\/wp\/v2\/product_cat?post=149185"},{"taxonomy":"product_tag","embeddable":true,"href":"https:\/\/pizbube.ch\/en\/wp-json\/wp\/v2\/product_tag?post=149185"}],"curies":[{"name":"wp","href":"https:\/\/api.w.org\/{rel}","templated":true}]}}