{"id":149187,"date":"2021-01-15T10:59:03","date_gmt":"2021-01-15T10:59:03","guid":{"rendered":"https:\/\/codengine3.ch\/?product=import-placeholder-for-200790"},"modified":"2021-08-25T09:10:18","modified_gmt":"2021-08-25T07:10:18","slug":"wetterstein-nord-alpinkletterfuehrer","status":"publish","type":"product","link":"https:\/\/pizbube.ch\/en\/shop\/wetterstein-nord-alpinkletterfuehrer\/","title":{"rendered":"Wetterstein Nord Alpinkletterf\u00fchrer"},"content":{"rendered":"<p>Der erste &#171;Wetterstein Nord&#187; von Panico bestand noch aus einem 64 seitigen<br \/>\nHeft und 47 Topokarten \u2013 inzwischen sind wir bei 360 Seiten und 72 Topokarten<br \/>\nangelangt. Und die sind beileibe nicht zeitgeistig dem Breitwalzen von<br \/>\nNebens\u00e4chlichkeiten geschuldet, sondern prall voll mit handfester Information.<br \/>\nDas Autorenteam hat sich f\u00fcr die 4.Auflage etwas ver\u00e4ndert. F\u00fcrs Oberreintal &#8211;<br \/>\nwo sich jede Menge getan hat &#8211; sind nun die aktuellen Locals Rolf Gemza und<br \/>\nMartin Oswald federf\u00fchrend mit an Bord. Und auch die anderen Teilgebiete<br \/>\n(Musterstein, Alpspitzgebiet, Waxensteinkamm) wurden von Insidern komplett<br \/>\n\u00fcberarbeitet. Fazit: auch Gutes kann noch besser werden.<\/p>\n<p>4. Auflage 2014, 115 x 185 mm, 360 Seiten, Topokarten, Softcover, komplett 4 Farbig, Schutzh\u00fclle<\/p>\n<p><strong>SONDERPREIS 4. AUFLAGE: CHF 25.00 STATT 51.70<\/strong><\/p>","protected":false},"excerpt":{"rendered":"<ul>\n<li><a href=\"https:\/\/pizbube.ch\/wp-content\/uploads\/attachments\/a_031\/EB60B74AE314E43B9B36AFD44A69B659.pdf\" target=\"_blank\" rel=\"noopener\">PDF: Leseprobe-Kletterfuehrer-WettersteinNord.pdf<\/a><\/li>\n<\/ul>","protected":false},"featured_media":40665,"template":"","meta":[],"product_brand":[],"product_cat":[21539],"product_tag":[],"class_list":{"0":"post-149187","1":"product","2":"type-product","3":"status-publish","4":"has-post-thumbnail","6":"product_cat-fuehrerliteratur-sportklettern-bouldern","7":"pa_autor-pfanzelt-buchwieser-gemza","8":"pa_erscheinungsjahr-21550","9":"pa_region-deutschland","10":"pa_sprache-de","12":"first","13":"instock","14":"sale","15":"taxable","16":"shipping-taxable","17":"purchasable","18":"product-type-simple"},"_links":{"self":[{"href":"https:\/\/pizbube.ch\/en\/wp-json\/wp\/v2\/product\/149187","targetHints":{"allow":["GET"]}}],"collection":[{"href":"https:\/\/pizbube.ch\/en\/wp-json\/wp\/v2\/product"}],"about":[{"href":"https:\/\/pizbube.ch\/en\/wp-json\/wp\/v2\/types\/product"}],"wp:featuredmedia":[{"embeddable":true,"href":"https:\/\/pizbube.ch\/en\/wp-json\/wp\/v2\/media\/40665"}],"wp:attachment":[{"href":"https:\/\/pizbube.ch\/en\/wp-json\/wp\/v2\/media?parent=149187"}],"wp:term":[{"taxonomy":"product_brand","embeddable":true,"href":"https:\/\/pizbube.ch\/en\/wp-json\/wp\/v2\/product_brand?post=149187"},{"taxonomy":"product_cat","embeddable":true,"href":"https:\/\/pizbube.ch\/en\/wp-json\/wp\/v2\/product_cat?post=149187"},{"taxonomy":"product_tag","embeddable":true,"href":"https:\/\/pizbube.ch\/en\/wp-json\/wp\/v2\/product_tag?post=149187"}],"curies":[{"name":"wp","href":"https:\/\/api.w.org\/{rel}","templated":true}]}}