{"id":149188,"date":"2021-01-15T10:59:03","date_gmt":"2021-01-15T10:59:03","guid":{"rendered":"https:\/\/codengine3.ch\/?product=import-placeholder-for-202741"},"modified":"2021-01-15T12:38:56","modified_gmt":"2021-01-15T12:38:56","slug":"das-reintal","status":"publish","type":"product","link":"https:\/\/pizbube.ch\/en\/shop\/das-reintal\/","title":{"rendered":"Das Reintal"},"content":{"rendered":"<p>Durch das Reintal f\u00fchrte der alte Weg auf die Zugspitze. \u00dcber den einst<br \/>\npr\u00e4chtigen Reintaler Hof oder durch die wild tosende Partnachklamm, an der<br \/>\nBockh\u00fctte vorbei und an der blauen Gumpe, \u00fcber der sich drohend die d\u00fcstere<br \/>\nNordwand des Hochwanners aufbaut.<br \/>\nNach dem Wasserfall \u00f6ffnet sich der idyllische Reintalanger mit seiner<br \/>\nheimeligen Schutzh\u00fctte, bevor der Weg an der Knorrh\u00fctte, der \u00e4ltesten<br \/>\nAlpenvereinsh\u00fctte, vorbei auf den Schneeferner f\u00fchrt. Jetzt ist es nicht mehr<br \/>\nweit. 240 Seiten<br \/>\nEin Weg voll von landschaftlichem Reiz und still verborgenen Geschichten aus<br \/>\nlang vergangenen Zeiten, von alpinistischen Herausforderungen und geologischen<br \/>\nBesonderheiten ges\u00e4umt. Ein abwechslungsreicher &#8211; ein spannender Weg.  <\/p>","protected":false},"excerpt":{"rendered":"<p>Durch das Reintal f\u00fchrte der alte Weg auf die Zugspitze. \u00dcber den einst pr\u00e4chtigen Reintaler Hof oder durch die wild tosende Partnachklamm, an der Bockh\u00fctte vorbei und an der blauen Gumpe, \u00fcber der sich drohend die d\u00fcstere Nordwand des Hochwanners aufbaut. Nach dem Wasserfall \u00f6ffnet sich der idyllische Reintalanger mit seiner heimeligen Schutzh\u00fctte, bevor der [&#8230;]\n","protected":false},"featured_media":30184,"template":"","meta":[],"product_brand":[],"product_cat":[21542],"product_tag":[],"class_list":{"0":"post-149188","1":"product","2":"type-product","3":"status-publish","4":"has-post-thumbnail","6":"product_cat-sachbuecher-dokumentationen","7":"pa_autor-wehrle","8":"pa_erscheinungsjahr-22144","9":"pa_region-deutschland","10":"pa_sprache-de","12":"first","13":"instock","14":"taxable","15":"shipping-taxable","16":"purchasable","17":"product-type-simple"},"_links":{"self":[{"href":"https:\/\/pizbube.ch\/en\/wp-json\/wp\/v2\/product\/149188","targetHints":{"allow":["GET"]}}],"collection":[{"href":"https:\/\/pizbube.ch\/en\/wp-json\/wp\/v2\/product"}],"about":[{"href":"https:\/\/pizbube.ch\/en\/wp-json\/wp\/v2\/types\/product"}],"wp:featuredmedia":[{"embeddable":true,"href":"https:\/\/pizbube.ch\/en\/wp-json\/wp\/v2\/media\/30184"}],"wp:attachment":[{"href":"https:\/\/pizbube.ch\/en\/wp-json\/wp\/v2\/media?parent=149188"}],"wp:term":[{"taxonomy":"product_brand","embeddable":true,"href":"https:\/\/pizbube.ch\/en\/wp-json\/wp\/v2\/product_brand?post=149188"},{"taxonomy":"product_cat","embeddable":true,"href":"https:\/\/pizbube.ch\/en\/wp-json\/wp\/v2\/product_cat?post=149188"},{"taxonomy":"product_tag","embeddable":true,"href":"https:\/\/pizbube.ch\/en\/wp-json\/wp\/v2\/product_tag?post=149188"}],"curies":[{"name":"wp","href":"https:\/\/api.w.org\/{rel}","templated":true}]}}