{"id":149189,"date":"2021-01-15T10:59:03","date_gmt":"2021-01-15T10:59:03","guid":{"rendered":"https:\/\/codengine3.ch\/?product=import-placeholder-for-200597"},"modified":"2025-07-08T14:02:19","modified_gmt":"2025-07-08T12:02:19","slug":"verwegen-dynamisch-erfolglos","status":"publish","type":"product","link":"https:\/\/pizbube.ch\/en\/shop\/verwegen-dynamisch-erfolglos\/","title":{"rendered":"Verwegen, dynamisch, erfolglos"},"content":{"rendered":"<p>Er geh\u00f6rt zu jenen extremen Bergsteigern, die in der \u00d6ffentlichkeit nie<br \/>\nSchlagzeilen gemacht haben und deren Namen in der Alpin-Szene nur ganz wenige<br \/>\nkennen: Robert Rauch. Der Mittenwalder war in seiner Sturm-und-Drangperiode<br \/>\ndas, was man allgemein einen &#8218;Wuiden Hund&#8216; nennt, ein Bergvagabund im Stil der<br \/>\n20er und 30er Jahre.<\/p>\n<p>Egal ob im Karwendel, im Wetterstein, in Thailand oder in den Anden, seine<br \/>\nTourenliste w\u00fcrde manchen Vorzeigealpinisten ins Schwitzen bringen. Und<br \/>\ndennoch stimmt der Titel seines Buches: &#8218;verwegen, dynamisch, erfolglos&#8216;. In<br \/>\nvielen einzelnen Geschichten beschreibt Robert Rauch seinen alpinen Werdegang,<br \/>\nseine oft haarstr\u00e4ubenden Solobegehungen, seine Andenabenteuer und sein<br \/>\nScheitern, wenn es darum ging, die Gipfelslage in wirtschaftlichen oder<br \/>\ngesellschaftlichen Erfolg umzum\u00fcnzen. Manchmal hat er einfach Pech, doch oft<br \/>\nsteht er sich auch selbst im Weg.<\/p>\n<p>&#8218;Verwegen, dynamisch, erfolglos&#8216; ist ein besonderes Buch. Nicht die<br \/>\nSelbstdarstellung eines strahlenden Siegers und nicht die tiefenpsychologische<br \/>\nErforschung des Bergsteigens an sich. Es ist die Geschichte eines Menschen,<br \/>\nder verr\u00fcckt nach den Bergen ist und deshalb von vielen f\u00fcr verr\u00fcckt gehalten<br \/>\nwird. in Buch f\u00fcr Bergsteiger, die vom Alpin-Buch-Einerlei die Nase voll<br \/>\nhaben.<\/p>\n<p>5. Auflg. 2009<br \/>\n260 Seiten, 120 x 185 mm, Softcover<\/p>","protected":false},"excerpt":{"rendered":"<ul>\n<li><strong><a href=\"https:\/\/pizbube.ch\/wp-content\/uploads\/attachments\/a_004\/3E7CF6F8C44BCE98DA69D0EA99F12408.pdf\" target=\"_blank\" rel=\"noopener\">PDF: Leseprobe Verwegen dynamisch erfolglos<\/a><\/strong><\/li>\n<\/ul>","protected":false},"featured_media":27391,"template":"","meta":[],"product_brand":[],"product_cat":[21629],"product_tag":[],"class_list":{"0":"post-149189","1":"product","2":"type-product","3":"status-publish","4":"has-post-thumbnail","6":"product_cat-belletristik","7":"pa_autor-rauch","8":"pa_erscheinungsjahr-21693","9":"pa_region-deutschland","10":"pa_sprache-de","12":"first","13":"onbackorder","14":"taxable","15":"shipping-taxable","16":"purchasable","17":"product-type-simple"},"_links":{"self":[{"href":"https:\/\/pizbube.ch\/en\/wp-json\/wp\/v2\/product\/149189","targetHints":{"allow":["GET"]}}],"collection":[{"href":"https:\/\/pizbube.ch\/en\/wp-json\/wp\/v2\/product"}],"about":[{"href":"https:\/\/pizbube.ch\/en\/wp-json\/wp\/v2\/types\/product"}],"wp:featuredmedia":[{"embeddable":true,"href":"https:\/\/pizbube.ch\/en\/wp-json\/wp\/v2\/media\/27391"}],"wp:attachment":[{"href":"https:\/\/pizbube.ch\/en\/wp-json\/wp\/v2\/media?parent=149189"}],"wp:term":[{"taxonomy":"product_brand","embeddable":true,"href":"https:\/\/pizbube.ch\/en\/wp-json\/wp\/v2\/product_brand?post=149189"},{"taxonomy":"product_cat","embeddable":true,"href":"https:\/\/pizbube.ch\/en\/wp-json\/wp\/v2\/product_cat?post=149189"},{"taxonomy":"product_tag","embeddable":true,"href":"https:\/\/pizbube.ch\/en\/wp-json\/wp\/v2\/product_tag?post=149189"}],"curies":[{"name":"wp","href":"https:\/\/api.w.org\/{rel}","templated":true}]}}