{"id":149191,"date":"2021-01-15T10:59:04","date_gmt":"2021-01-15T10:59:04","guid":{"rendered":"https:\/\/codengine3.ch\/?product=import-placeholder-for-200682"},"modified":"2023-02-28T11:56:30","modified_gmt":"2023-02-28T10:56:30","slug":"flugangst","status":"publish","type":"product","link":"https:\/\/pizbube.ch\/en\/shop\/flugangst\/","title":{"rendered":"Flugangst"},"content":{"rendered":"<p>Autobiographische Erz\u00e4hlung eines etwas anderen Bergsteigerlebens in den<br \/>\nexotischen Weiten Boliviens.<\/p>\n<p>Was Robert Rauch in seinem unfreiwilligen Exil in Bolivien erlebt, ist f\u00fcr den<br \/>\nwestlichen Zivilisationsb\u00fcrger kaum nachvollziehbar. Zun\u00e4chst:<br \/>\nAbenteuerlichste Erstbegehungen an eisgepanzerten Anden- 6000ern, harte<br \/>\nUnternehmungen, die an die Grenzen des Ertrag baren gehen, von der<br \/>\n\u00d6ffentlichkeit kaum gew\u00fcrdigte alpinistische Meisterleistungen. Aber auch:<br \/>\nBetrug und Entt\u00e4uschung, der Kampf mit dem korrupten Irrsinn der<br \/>\nbolivianischen B\u00fcrokratie, Verwicklungen in b\u00fcrgerkriegs\u00e4hnliche Zust\u00e4nde,<br \/>\nLynchjustiz und Todesangst.<\/p>\n<p>Flugangst ist ein packendes, anr\u00fchrendes Buch \u2013 und nur f\u00fcr diejenigen<br \/>\ngeeignet, die sich nicht vor dem Blick in den Abgrund scheuen.<\/p>","protected":false},"excerpt":{"rendered":"<p>Autobiographische Erz\u00e4hlung eines etwas anderen Bergsteigerlebens in den exotischen Weiten Boliviens. Was Robert Rauch in seinem unfreiwilligen Exil in Bolivien erlebt, ist f\u00fcr den westlichen Zivilisationsb\u00fcrger kaum nachvollziehbar. Zun\u00e4chst: Abenteuerlichste Erstbegehungen an eisgepanzerten Anden- 6000ern, harte Unternehmungen, die an die Grenzen des Ertrag baren gehen, von der \u00d6ffentlichkeit kaum gew\u00fcrdigte alpinistische Meisterleistungen. Aber auch: Betrug [&#8230;]\n","protected":false},"featured_media":27594,"template":"","meta":[],"product_brand":[],"product_cat":[21629],"product_tag":[],"class_list":{"0":"post-149191","1":"product","2":"type-product","3":"status-publish","4":"has-post-thumbnail","6":"product_cat-belletristik","7":"pa_autor-rauch","8":"pa_erscheinungsjahr-21597","9":"pa_region-amerika-sued","10":"pa_sprache-de","12":"first","13":"outofstock","14":"taxable","15":"shipping-taxable","16":"purchasable","17":"product-type-simple"},"_links":{"self":[{"href":"https:\/\/pizbube.ch\/en\/wp-json\/wp\/v2\/product\/149191","targetHints":{"allow":["GET"]}}],"collection":[{"href":"https:\/\/pizbube.ch\/en\/wp-json\/wp\/v2\/product"}],"about":[{"href":"https:\/\/pizbube.ch\/en\/wp-json\/wp\/v2\/types\/product"}],"wp:featuredmedia":[{"embeddable":true,"href":"https:\/\/pizbube.ch\/en\/wp-json\/wp\/v2\/media\/27594"}],"wp:attachment":[{"href":"https:\/\/pizbube.ch\/en\/wp-json\/wp\/v2\/media?parent=149191"}],"wp:term":[{"taxonomy":"product_brand","embeddable":true,"href":"https:\/\/pizbube.ch\/en\/wp-json\/wp\/v2\/product_brand?post=149191"},{"taxonomy":"product_cat","embeddable":true,"href":"https:\/\/pizbube.ch\/en\/wp-json\/wp\/v2\/product_cat?post=149191"},{"taxonomy":"product_tag","embeddable":true,"href":"https:\/\/pizbube.ch\/en\/wp-json\/wp\/v2\/product_tag?post=149191"}],"curies":[{"name":"wp","href":"https:\/\/api.w.org\/{rel}","templated":true}]}}