{"id":149193,"date":"2021-01-15T10:59:04","date_gmt":"2021-01-15T10:59:04","guid":{"rendered":"https:\/\/codengine3.ch\/?product=import-placeholder-for-202787"},"modified":"2021-01-15T12:39:19","modified_gmt":"2021-01-15T12:39:19","slug":"wohin-einer-kommt-wenn-er-geht","status":"publish","type":"product","link":"https:\/\/pizbube.ch\/en\/shop\/wohin-einer-kommt-wenn-er-geht\/","title":{"rendered":"Wohin einer kommt, wenn er geht"},"content":{"rendered":"<p>Der zweite Teil von Robert Rauchs Autobiographie ist im Gegensatz zu<br \/>\n&#8218;Verwegen, dynamisch, erfolglos&#8216; nur in wenigen Episoden bergsteigerischen<br \/>\nThemen gewidmet. Vielmehr geht es um den Versuch Robbis, sein Schicksal in die<br \/>\neigene Hand zu nehmen. Dies kann seiner Meinung nach nur in einer weniger<br \/>\ntechnisierten Welt gelingen. Dazu flieht er in seine zweite Heimat &#8211; Bolivien.<br \/>\nOhne die ihn belastenden Zw\u00e4nge unserer Gesellschaft versucht er sich dort<br \/>\neine zweite Existenz aufzubauen. Dies ist, wie man sich vorstellen kann,<br \/>\nnat\u00fcrlich mit mannigfaltigen Schwierigkeiten und R\u00fcckschl\u00e4gen, jedoch auch<br \/>\neinzigartigen Momenten des Gl\u00fccks, verbunden.  <\/p>","protected":false},"excerpt":{"rendered":"<p>Der zweite Teil von Robert Rauchs Autobiographie ist im Gegensatz zu &#8218;Verwegen, dynamisch, erfolglos&#8216; nur in wenigen Episoden bergsteigerischen Themen gewidmet. Vielmehr geht es um den Versuch Robbis, sein Schicksal in die eigene Hand zu nehmen. Dies kann seiner Meinung nach nur in einer weniger technisierten Welt gelingen. Dazu flieht er in seine zweite Heimat [&#8230;]\n","protected":false},"featured_media":30237,"template":"","meta":[],"product_brand":[],"product_cat":[21629],"product_tag":[],"class_list":{"0":"post-149193","1":"product","2":"type-product","3":"status-publish","4":"has-post-thumbnail","6":"product_cat-belletristik","7":"pa_autor-rauch","8":"pa_erscheinungsjahr-22144","9":"pa_region-deutschland","10":"pa_sprache-de","12":"first","13":"outofstock","14":"taxable","15":"shipping-taxable","16":"purchasable","17":"product-type-simple"},"_links":{"self":[{"href":"https:\/\/pizbube.ch\/en\/wp-json\/wp\/v2\/product\/149193","targetHints":{"allow":["GET"]}}],"collection":[{"href":"https:\/\/pizbube.ch\/en\/wp-json\/wp\/v2\/product"}],"about":[{"href":"https:\/\/pizbube.ch\/en\/wp-json\/wp\/v2\/types\/product"}],"wp:featuredmedia":[{"embeddable":true,"href":"https:\/\/pizbube.ch\/en\/wp-json\/wp\/v2\/media\/30237"}],"wp:attachment":[{"href":"https:\/\/pizbube.ch\/en\/wp-json\/wp\/v2\/media?parent=149193"}],"wp:term":[{"taxonomy":"product_brand","embeddable":true,"href":"https:\/\/pizbube.ch\/en\/wp-json\/wp\/v2\/product_brand?post=149193"},{"taxonomy":"product_cat","embeddable":true,"href":"https:\/\/pizbube.ch\/en\/wp-json\/wp\/v2\/product_cat?post=149193"},{"taxonomy":"product_tag","embeddable":true,"href":"https:\/\/pizbube.ch\/en\/wp-json\/wp\/v2\/product_tag?post=149193"}],"curies":[{"name":"wp","href":"https:\/\/api.w.org\/{rel}","templated":true}]}}