{"id":149195,"date":"2021-01-15T10:59:04","date_gmt":"2021-01-15T10:59:04","guid":{"rendered":"https:\/\/codengine3.ch\/?product=import-placeholder-for-203821"},"modified":"2022-01-08T15:50:48","modified_gmt":"2022-01-08T14:50:48","slug":"hoch-hinaus-2","status":"publish","type":"product","link":"https:\/\/pizbube.ch\/en\/shop\/hoch-hinaus-2\/","title":{"rendered":"Hoch hinaus"},"content":{"rendered":"<p>Der Katalog hoch hinaus begleitet die Ausstellung im Kunstmuseum Thun, f\u00fchrt<br \/>\naber \u00fcber die Kunst hinaus. Die einzelnen Arbeiten in der Ausstellung werden<br \/>\nerl\u00e4utert, das Thema Berg aber auch anderweitig beleuchtet. Die H\u00fcttenwartin<br \/>\nder Fr\u00fcndenh\u00fctte ob Kandersteg, eine Bergsteigerin des Mount Everest sowie<br \/>\neine Aussteigerin aus dem Tessin geben Auskunft \u00fcber ihren sehr pers\u00f6nlichen<br \/>\nZugang zur Bergwelt.<\/p>","protected":false},"excerpt":{"rendered":"<p>Der Katalog hoch hinaus begleitet die Ausstellung im Kunstmuseum Thun, f\u00fchrt aber \u00fcber die Kunst hinaus. Die einzelnen Arbeiten in der Ausstellung werden erl\u00e4utert, das Thema Berg aber auch anderweitig beleuchtet. Die H\u00fcttenwartin der Fr\u00fcndenh\u00fctte ob Kandersteg, eine Bergsteigerin des Mount Everest sowie eine Aussteigerin aus dem Tessin geben Auskunft \u00fcber ihren sehr pers\u00f6nlichen Zugang [&#8230;]\n","protected":false},"featured_media":31513,"template":"","meta":[],"product_brand":[],"product_cat":[21580],"product_tag":[],"class_list":{"0":"post-149195","1":"product","2":"type-product","3":"status-publish","4":"has-post-thumbnail","6":"product_cat-kunst-kultur","7":"pa_autor-kunstmuseum-thun","8":"pa_erscheinungsjahr-21776","9":"pa_region-schweiz","10":"pa_sprache-de","12":"first","13":"outofstock","14":"taxable","15":"shipping-taxable","16":"purchasable","17":"product-type-simple"},"_links":{"self":[{"href":"https:\/\/pizbube.ch\/en\/wp-json\/wp\/v2\/product\/149195","targetHints":{"allow":["GET"]}}],"collection":[{"href":"https:\/\/pizbube.ch\/en\/wp-json\/wp\/v2\/product"}],"about":[{"href":"https:\/\/pizbube.ch\/en\/wp-json\/wp\/v2\/types\/product"}],"wp:featuredmedia":[{"embeddable":true,"href":"https:\/\/pizbube.ch\/en\/wp-json\/wp\/v2\/media\/31513"}],"wp:attachment":[{"href":"https:\/\/pizbube.ch\/en\/wp-json\/wp\/v2\/media?parent=149195"}],"wp:term":[{"taxonomy":"product_brand","embeddable":true,"href":"https:\/\/pizbube.ch\/en\/wp-json\/wp\/v2\/product_brand?post=149195"},{"taxonomy":"product_cat","embeddable":true,"href":"https:\/\/pizbube.ch\/en\/wp-json\/wp\/v2\/product_cat?post=149195"},{"taxonomy":"product_tag","embeddable":true,"href":"https:\/\/pizbube.ch\/en\/wp-json\/wp\/v2\/product_tag?post=149195"}],"curies":[{"name":"wp","href":"https:\/\/api.w.org\/{rel}","templated":true}]}}