{"id":149196,"date":"2021-01-15T10:59:04","date_gmt":"2021-01-15T10:59:04","guid":{"rendered":"https:\/\/codengine3.ch\/?product=import-placeholder-for-203984"},"modified":"2022-10-03T13:51:29","modified_gmt":"2022-10-03T11:51:29","slug":"hoch-oben-in-der-guten-luft-die-literarische-boheme-in-davos","status":"publish","type":"product","link":"https:\/\/pizbube.ch\/en\/shop\/hoch-oben-in-der-guten-luft-die-literarische-boheme-in-davos\/","title":{"rendered":"Hoch oben in der guten Luft, Die literarische Boh\u00e8me in Davos"},"content":{"rendered":"<p>Als Luftkurort f\u00fcr Lungenkranke war Davos schon seit Mitte des 19.<br \/>\nJahrhunderts en vogue. Die Patienten &#8211; vom h\u00fcstelnden Hypochonder bis zum<br \/>\ntats\u00e4chlich Todkranken &#8211; kamen aus aller Herren L\u00e4nder angereist. Nicht nur<br \/>\nThomas Mann lie\u00df sich von der elegant-morbiden Atmosph\u00e4re in den<br \/>\nLungensanatorien inspirieren.<\/p>\n<p>Der tuberkulosekranke Dichter Klabund schrieb in<br \/>\nDavos Gedichte \u00fcber skurrile Schwinds\u00fcchtige und seine atemlose Erz\u00e4hlung Die<br \/>\nKrankheit. Der Pariser Surrealist Paul \u00c9luard wurde hier zum Dichter: In der<br \/>\nSchweiz begegnete er der Liebe seines Lebens, der Russin Gala, die seine Muse<br \/>\nauch dann noch bleiben wird, als sie l\u00e4ngst Dal\u00eds Gala geworden ist.<\/p>\n<p>\u00c9luards ebenfalls an Tb leidender franz\u00f6sischer Surrealistenkollege Ren\u00e9 Crevel legte<br \/>\nin Briefen an seine Freundin Mopsa Sternheim Zeugnis von seiner Kur ab und<br \/>\npublizierte 1929 den Davos-Roman &#8218;Seid ihr verr\u00fcckt?&#8216; Hier schlie\u00dft sich der<br \/>\nKreis: Klaus Mann besucht den Zauberberg seines Vaters, um den geliebten Ren\u00e9<br \/>\nzu besuchen.<\/p>","protected":false},"excerpt":{"rendered":"<p>Als Luftkurort f\u00fcr Lungenkranke war Davos schon seit Mitte des 19. Jahrhunderts en vogue. Die Patienten &#8211; vom h\u00fcstelnden Hypochonder bis zum tats\u00e4chlich Todkranken &#8211; kamen aus aller Herren L\u00e4nder angereist. Nicht nur Thomas Mann lie\u00df sich von der elegant-morbiden Atmosph\u00e4re in den Lungensanatorien inspirieren. Der tuberkulosekranke Dichter Klabund schrieb in Davos Gedichte \u00fcber skurrile [&#8230;]\n","protected":false},"featured_media":31711,"template":"","meta":[],"product_brand":[],"product_cat":[21542],"product_tag":[],"class_list":{"0":"post-149196","1":"product","2":"type-product","3":"status-publish","4":"has-post-thumbnail","6":"product_cat-sachbuecher-dokumentationen","7":"pa_autor-hoerner","8":"pa_erscheinungsjahr-21776","9":"pa_region-schweiz","10":"pa_sprache-de","12":"first","13":"outofstock","14":"taxable","15":"shipping-taxable","16":"purchasable","17":"product-type-simple"},"_links":{"self":[{"href":"https:\/\/pizbube.ch\/en\/wp-json\/wp\/v2\/product\/149196","targetHints":{"allow":["GET"]}}],"collection":[{"href":"https:\/\/pizbube.ch\/en\/wp-json\/wp\/v2\/product"}],"about":[{"href":"https:\/\/pizbube.ch\/en\/wp-json\/wp\/v2\/types\/product"}],"wp:featuredmedia":[{"embeddable":true,"href":"https:\/\/pizbube.ch\/en\/wp-json\/wp\/v2\/media\/31711"}],"wp:attachment":[{"href":"https:\/\/pizbube.ch\/en\/wp-json\/wp\/v2\/media?parent=149196"}],"wp:term":[{"taxonomy":"product_brand","embeddable":true,"href":"https:\/\/pizbube.ch\/en\/wp-json\/wp\/v2\/product_brand?post=149196"},{"taxonomy":"product_cat","embeddable":true,"href":"https:\/\/pizbube.ch\/en\/wp-json\/wp\/v2\/product_cat?post=149196"},{"taxonomy":"product_tag","embeddable":true,"href":"https:\/\/pizbube.ch\/en\/wp-json\/wp\/v2\/product_tag?post=149196"}],"curies":[{"name":"wp","href":"https:\/\/api.w.org\/{rel}","templated":true}]}}