{"id":149197,"date":"2021-01-15T10:59:04","date_gmt":"2021-01-15T10:59:04","guid":{"rendered":"https:\/\/codengine3.ch\/?product=import-placeholder-for-204846"},"modified":"2021-01-15T14:36:43","modified_gmt":"2021-01-15T14:36:43","slug":"expressionismus-aus-den-bergen","status":"publish","type":"product","link":"https:\/\/pizbube.ch\/en\/shop\/expressionismus-aus-den-bergen\/","title":{"rendered":"Expressionismus aus den Bergen"},"content":{"rendered":"<p>Ernst Ludwig Kirchner (1880-1938) l\u00e4sst sich 1918 in Davos nieder, wo er in<br \/>\nder ersten H\u00e4lfte der 1920er Jahre von verschiedenen j\u00fcngeren K\u00fcnstlern<br \/>\naufgesucht wird. Die Auseinandersetzungen mit dem bedeutenden Expressionisten<br \/>\nin den Bergen sind pr\u00e4gend f\u00fcr den Deutschen Philipp Bauknecht (1884-1933),<br \/>\nden Holl\u00e4nder Jan Wiegers (1893-1959) und die K\u00fcnstler der Basler Gruppe Rot-<br \/>\nBlau, Paul Camenisch (1893-1970), Albert M\u00fcller (1897-1926), Hermann Scherer<br \/>\n(1893-1927). Die tiefen Freundschaften und heftigen Zerw\u00fcrfnisse in der Gruppe<br \/>\num Kirchner hinterlassen deutliche Spuren in ihren Werken.  <\/p>\n<p>Zum ersten Mal wird in diesem Buch der Dialog zwischen dem Mentor Kirchner und<br \/>\nseinen Anh\u00e4ngern systematisch untersucht. Die thematische Gliederung der Werke<br \/>\nin Berglandschaften, Portr\u00e4ts, Skulpturen, Akte veranschaulicht die intensive<br \/>\nAuseinandersetzung der K\u00fcnstlerfreunde mit Kirchners Formensprache und Motivik<br \/>\nund seinen Einfluss. Sie zeigt aber auch deutlich die jedem dieser K\u00fcnstler<br \/>\neigene Schaffenskraft und ihre autonome Werkentwicklung als Maler, Bildhauer<br \/>\nund Druckgrafiker.<\/p>","protected":false},"excerpt":{"rendered":"<p>Ernst Ludwig Kirchner (1880-1938) l\u00e4sst sich 1918 in Davos nieder, wo er in der ersten H\u00e4lfte der 1920er Jahre von verschiedenen j\u00fcngeren K\u00fcnstlern aufgesucht wird. Die Auseinandersetzungen mit dem bedeutenden Expressionisten in den Bergen sind pr\u00e4gend f\u00fcr den Deutschen Philipp Bauknecht (1884-1933), den Holl\u00e4nder Jan Wiegers (1893-1959) und die K\u00fcnstler der Basler Gruppe Rot- Blau, [&#8230;]\n","protected":false},"featured_media":33378,"template":"","meta":[],"product_brand":[],"product_cat":[21580],"product_tag":[],"class_list":{"0":"post-149197","1":"product","2":"type-product","3":"status-publish","4":"has-post-thumbnail","6":"product_cat-kunst-kultur","7":"pa_autor-vitali-hrsg","8":"pa_erscheinungsjahr-21842","9":"pa_region-schweiz","10":"pa_sprache-de","12":"first","13":"outofstock","14":"taxable","15":"shipping-taxable","16":"purchasable","17":"product-type-simple"},"_links":{"self":[{"href":"https:\/\/pizbube.ch\/en\/wp-json\/wp\/v2\/product\/149197","targetHints":{"allow":["GET"]}}],"collection":[{"href":"https:\/\/pizbube.ch\/en\/wp-json\/wp\/v2\/product"}],"about":[{"href":"https:\/\/pizbube.ch\/en\/wp-json\/wp\/v2\/types\/product"}],"wp:featuredmedia":[{"embeddable":true,"href":"https:\/\/pizbube.ch\/en\/wp-json\/wp\/v2\/media\/33378"}],"wp:attachment":[{"href":"https:\/\/pizbube.ch\/en\/wp-json\/wp\/v2\/media?parent=149197"}],"wp:term":[{"taxonomy":"product_brand","embeddable":true,"href":"https:\/\/pizbube.ch\/en\/wp-json\/wp\/v2\/product_brand?post=149197"},{"taxonomy":"product_cat","embeddable":true,"href":"https:\/\/pizbube.ch\/en\/wp-json\/wp\/v2\/product_cat?post=149197"},{"taxonomy":"product_tag","embeddable":true,"href":"https:\/\/pizbube.ch\/en\/wp-json\/wp\/v2\/product_tag?post=149197"}],"curies":[{"name":"wp","href":"https:\/\/api.w.org\/{rel}","templated":true}]}}