{"id":149198,"date":"2021-01-15T10:59:04","date_gmt":"2021-01-15T10:59:04","guid":{"rendered":"https:\/\/codengine3.ch\/?product=import-placeholder-for-202705"},"modified":"2021-01-15T12:38:38","modified_gmt":"2021-01-15T12:38:38","slug":"schluechttal-kletterfuehrer","status":"publish","type":"product","link":"https:\/\/pizbube.ch\/en\/shop\/schluechttal-kletterfuehrer\/","title":{"rendered":"Schl\u00fcchttal Kletterf\u00fchrer"},"content":{"rendered":"<p>Das Schl\u00fcchttal ist neben den Gef\u00e4llfelsen bei Oberried eines der gr\u00f6\u00dften und<br \/>\ntraditionsreichsten Klettergebiete des S\u00fcdschwarzwaldes. Bereits Anfang des<br \/>\n20. Jahrhunderts wurde hier geklettert. Der &#8218;Schwedenfels&#8216; und die imposante<br \/>\n&#8218;Tannholzwald&#8216; waren damals das Ziel und sind es heute noch. Die Kletterei im<br \/>\nSchl\u00fcchttal gestaltet sich abwechslungsreich und interessant. Gerade in den<br \/>\nunteren und mittleren Schwierigkeitsgraden gibt es hier jede Menge lohnende<br \/>\nRouten.<br \/>\nUmfassendster und bester F\u00fchrer f\u00fcr das Schl\u00fcchttal! (2. \u00fcberarbeitete u.<br \/>\nerweiterte Auflg. 2006)  <\/p>","protected":false},"excerpt":{"rendered":"<p>Das Schl\u00fcchttal ist neben den Gef\u00e4llfelsen bei Oberried eines der gr\u00f6\u00dften und traditionsreichsten Klettergebiete des S\u00fcdschwarzwaldes. Bereits Anfang des 20. Jahrhunderts wurde hier geklettert. Der &#8218;Schwedenfels&#8216; und die imposante &#8218;Tannholzwald&#8216; waren damals das Ziel und sind es heute noch. Die Kletterei im Schl\u00fcchttal gestaltet sich abwechslungsreich und interessant. Gerade in den unteren und mittleren Schwierigkeitsgraden [&#8230;]\n","protected":false},"featured_media":30141,"template":"","meta":[],"product_brand":[],"product_cat":[21539],"product_tag":[],"class_list":{"0":"post-149198","1":"product","2":"type-product","3":"status-publish","4":"has-post-thumbnail","6":"product_cat-fuehrerliteratur-sportklettern-bouldern","7":"pa_autor-liebich","8":"pa_erscheinungsjahr-21842","9":"pa_region-deutschland","10":"pa_sprache-de","12":"first","13":"outofstock","14":"taxable","15":"shipping-taxable","16":"purchasable","17":"product-type-simple"},"_links":{"self":[{"href":"https:\/\/pizbube.ch\/en\/wp-json\/wp\/v2\/product\/149198","targetHints":{"allow":["GET"]}}],"collection":[{"href":"https:\/\/pizbube.ch\/en\/wp-json\/wp\/v2\/product"}],"about":[{"href":"https:\/\/pizbube.ch\/en\/wp-json\/wp\/v2\/types\/product"}],"wp:featuredmedia":[{"embeddable":true,"href":"https:\/\/pizbube.ch\/en\/wp-json\/wp\/v2\/media\/30141"}],"wp:attachment":[{"href":"https:\/\/pizbube.ch\/en\/wp-json\/wp\/v2\/media?parent=149198"}],"wp:term":[{"taxonomy":"product_brand","embeddable":true,"href":"https:\/\/pizbube.ch\/en\/wp-json\/wp\/v2\/product_brand?post=149198"},{"taxonomy":"product_cat","embeddable":true,"href":"https:\/\/pizbube.ch\/en\/wp-json\/wp\/v2\/product_cat?post=149198"},{"taxonomy":"product_tag","embeddable":true,"href":"https:\/\/pizbube.ch\/en\/wp-json\/wp\/v2\/product_tag?post=149198"}],"curies":[{"name":"wp","href":"https:\/\/api.w.org\/{rel}","templated":true}]}}