{"id":149201,"date":"2021-01-15T10:59:04","date_gmt":"2021-01-15T10:59:04","guid":{"rendered":"https:\/\/codengine3.ch\/?product=import-placeholder-for-204199"},"modified":"2023-06-30T10:10:25","modified_gmt":"2023-06-30T08:10:25","slug":"kletterfuehrer-rhein-main-gebiet","status":"publish","type":"product","link":"https:\/\/pizbube.ch\/en\/shop\/kletterfuehrer-rhein-main-gebiet\/","title":{"rendered":"Kletterf\u00fchrer Rhein-Main-Gebiet"},"content":{"rendered":"<p>Kletterf\u00fchrer f\u00fcr die weit verstreuten Kletterziele im Taunus und Hunsr\u00fcck<br \/>\n(Koblenz, Mainz, Frankfurt a. M., Limburg, Asschaffenburg).<\/p>\n<p>Nur in wenigen Klettergebieten Deutschlands findet man ein so reiches<br \/>\nPotenzial an leichten und mittelschweren Wegen in herrlicher landschaftlicher<br \/>\nUmgebung. Ein gewaltiger Kontrast zum lieblichen Genussteigen im Morgenbachtal<br \/>\nbietet nur ein paar Kilometer weiter die mit 180 Meter h\u00f6chste au\u00dferalpine<br \/>\nFelswand Deutschlands, der Rotenfels. Hoch \u00fcber der Nahe kommen hier<br \/>\nAbenteuer- und Bruchspezialisten voll auf ihre Kosten \u2013 ganz klar: Einsteiger<br \/>\nund Hallenmigranten haben am Rotenfels nichts verloren.<\/p>\n<p>Neben diesen beiden Highlights findet der Felssuchende in Hunsr\u00fcck, Taunus und<br \/>\nSpessart noch viele versteckte Kletterperlen: der bizarre Nikolausfelsen hoch<br \/>\n\u00fcber den Rheingau-Weinbergen mit seinen Riss-Sezialit\u00e4ten, die netten Kirner<br \/>\nDolomiten, die weit weniger gewaltig als ihre Namensgeber daherkommen, die<br \/>\nLorsbacher Wand, an der sich einst die Frankfurter Szene die Finger lang zog,<br \/>\ndie spielzeugartigen Eschbacher Klippen und viele, viele andere mehr.<\/p>\n<p>Und wem das alles zu nat\u00fcrlich ist: Frankfurt kann auch Buildering! Die<br \/>\nKaimauer an der Ruhrorter Werft ist ein ziemlich spezieller Ort f\u00fcr furchtlose<br \/>\nMainwater-Solo-Spezialisten. Also: Es gibt keine Ausreden mehr.<\/p>\n<p>Inklusive Vertical-Life App (digitale, personalisierte Fassung des<br \/>\nKletterf\u00fchrers f\u00fcr Smartphone und Tablet. Plattformen: Android und iOS)<br \/>\n6. Aufl. 2017, 424 Seiten 148 x 185 mm, Softcover, komplett 4 Farbig<\/p>","protected":false},"excerpt":{"rendered":"<p>Kletterf\u00fchrer f\u00fcr die weit verstreuten Kletterziele im Taunus und Hunsr\u00fcck (Koblenz, Mainz, Frankfurt a. M., Limburg, Asschaffenburg). Nur in wenigen Klettergebieten Deutschlands findet man ein so reiches Potenzial an leichten und mittelschweren Wegen in herrlicher landschaftlicher Umgebung. Ein gewaltiger Kontrast zum lieblichen Genussteigen im Morgenbachtal bietet nur ein paar Kilometer weiter die mit 180 Meter [&#8230;]\n","protected":false},"featured_media":168334,"template":"","meta":[],"product_brand":[],"product_cat":[21539],"product_tag":[],"class_list":{"0":"post-149201","1":"product","2":"type-product","3":"status-publish","4":"has-post-thumbnail","6":"product_cat-fuehrerliteratur-sportklettern-bouldern","7":"pa_autor-deinet","8":"pa_erscheinungsjahr-21574","9":"pa_region-deutschland","10":"pa_sprache-de","12":"first","13":"instock","14":"taxable","15":"shipping-taxable","16":"purchasable","17":"product-type-simple"},"_links":{"self":[{"href":"https:\/\/pizbube.ch\/en\/wp-json\/wp\/v2\/product\/149201","targetHints":{"allow":["GET"]}}],"collection":[{"href":"https:\/\/pizbube.ch\/en\/wp-json\/wp\/v2\/product"}],"about":[{"href":"https:\/\/pizbube.ch\/en\/wp-json\/wp\/v2\/types\/product"}],"wp:featuredmedia":[{"embeddable":true,"href":"https:\/\/pizbube.ch\/en\/wp-json\/wp\/v2\/media\/168334"}],"wp:attachment":[{"href":"https:\/\/pizbube.ch\/en\/wp-json\/wp\/v2\/media?parent=149201"}],"wp:term":[{"taxonomy":"product_brand","embeddable":true,"href":"https:\/\/pizbube.ch\/en\/wp-json\/wp\/v2\/product_brand?post=149201"},{"taxonomy":"product_cat","embeddable":true,"href":"https:\/\/pizbube.ch\/en\/wp-json\/wp\/v2\/product_cat?post=149201"},{"taxonomy":"product_tag","embeddable":true,"href":"https:\/\/pizbube.ch\/en\/wp-json\/wp\/v2\/product_tag?post=149201"}],"curies":[{"name":"wp","href":"https:\/\/api.w.org\/{rel}","templated":true}]}}