{"id":149202,"date":"2021-01-15T10:59:04","date_gmt":"2021-01-15T10:59:04","guid":{"rendered":"https:\/\/codengine3.ch\/?product=import-placeholder-for-205132"},"modified":"2021-01-15T14:38:55","modified_gmt":"2021-01-15T14:38:55","slug":"klettergarten-stetten-im-remstal","status":"publish","type":"product","link":"https:\/\/pizbube.ch\/en\/shop\/klettergarten-stetten-im-remstal\/","title":{"rendered":"Klettergarten Stetten im Remstal"},"content":{"rendered":"<p>Dieser kleine aber feine Sandsteinklettergarten in der N\u00e4he von Stuttgart<br \/>\nbietet Genuss und Herausforderungen f\u00fcr jedermann\/frau. Vom ganz einfachen<br \/>\nGel\u00e4nde f\u00fcr Anf\u00e4nger bis hin zur knallharten 10- Route ist alles geboten.  <\/p>\n<p>In gem\u00fctlicher Atmosph\u00e4re kann man sich hier in freier Natur am Klettern<br \/>\nerfreuen.<br \/>\nSo auch das Autorenduo, das hier das Klettern gelernt hat und dem<br \/>\nKlettergarten seit nunmehr 30 Jahren treu geblieben ist.  <\/p>\n<p>Erstmalig werden in einem Spezialteil nahezu s\u00e4mtliche Varianten, die der<br \/>\nKlettergarten bietet, detailliert beschrieben!  <\/p>","protected":false},"excerpt":{"rendered":"<p>Dieser kleine aber feine Sandsteinklettergarten in der N\u00e4he von Stuttgart bietet Genuss und Herausforderungen f\u00fcr jedermann\/frau. Vom ganz einfachen Gel\u00e4nde f\u00fcr Anf\u00e4nger bis hin zur knallharten 10- Route ist alles geboten. In gem\u00fctlicher Atmosph\u00e4re kann man sich hier in freier Natur am Klettern erfreuen. So auch das Autorenduo, das hier das Klettern gelernt hat und [&#8230;]\n","protected":false},"featured_media":33749,"template":"","meta":[],"product_brand":[],"product_cat":[21539],"product_tag":[],"class_list":{"0":"post-149202","1":"product","2":"type-product","3":"status-publish","4":"has-post-thumbnail","6":"product_cat-fuehrerliteratur-sportklettern-bouldern","7":"pa_autor-roeker","8":"pa_erscheinungsjahr-21842","9":"pa_region-deutschland","10":"pa_sprache-de","12":"first","13":"instock","14":"taxable","15":"shipping-taxable","16":"purchasable","17":"product-type-simple"},"_links":{"self":[{"href":"https:\/\/pizbube.ch\/en\/wp-json\/wp\/v2\/product\/149202","targetHints":{"allow":["GET"]}}],"collection":[{"href":"https:\/\/pizbube.ch\/en\/wp-json\/wp\/v2\/product"}],"about":[{"href":"https:\/\/pizbube.ch\/en\/wp-json\/wp\/v2\/types\/product"}],"wp:featuredmedia":[{"embeddable":true,"href":"https:\/\/pizbube.ch\/en\/wp-json\/wp\/v2\/media\/33749"}],"wp:attachment":[{"href":"https:\/\/pizbube.ch\/en\/wp-json\/wp\/v2\/media?parent=149202"}],"wp:term":[{"taxonomy":"product_brand","embeddable":true,"href":"https:\/\/pizbube.ch\/en\/wp-json\/wp\/v2\/product_brand?post=149202"},{"taxonomy":"product_cat","embeddable":true,"href":"https:\/\/pizbube.ch\/en\/wp-json\/wp\/v2\/product_cat?post=149202"},{"taxonomy":"product_tag","embeddable":true,"href":"https:\/\/pizbube.ch\/en\/wp-json\/wp\/v2\/product_tag?post=149202"}],"curies":[{"name":"wp","href":"https:\/\/api.w.org\/{rel}","templated":true}]}}