{"id":149203,"date":"2021-01-15T10:59:04","date_gmt":"2021-01-15T10:59:04","guid":{"rendered":"https:\/\/codengine3.ch\/?product=import-placeholder-for-203836"},"modified":"2023-06-30T10:07:48","modified_gmt":"2023-06-30T08:07:48","slug":"deutsch-rock-sportklettergebiete-deutschlands","status":"publish","type":"product","link":"https:\/\/pizbube.ch\/en\/shop\/deutsch-rock-sportklettergebiete-deutschlands\/","title":{"rendered":"Deutsch Rock Sportklettergebiete Deutschlands"},"content":{"rendered":"<p>Alle Klettergebiete Deutschlands- vom Elbsandstein bis zur Pfalz, vom Harz bis<br \/>\nzum Donautal- in einem F\u00fchrer und dazu noch eine gro\u00dfe Landkarte, auf der die<br \/>\nGebiete eingezeichnet sind: Beides zusammen ergibt einen noch nie dagewesenen<br \/>\n\u00dcberblick \u00fcber die deutsche Felsenlandschaft.<\/p>\n<p>Symbole lassen die wichtigsten Infos auf einen Blick erkennen.<br \/>\nBuch und Karte sind in Kooperation mit dem DAV entstanden.<\/p>\n<p>343 S.<\/p>","protected":false},"excerpt":{"rendered":"<p>Alle Klettergebiete Deutschlands- vom Elbsandstein bis zur Pfalz, vom Harz bis zum Donautal- in einem F\u00fchrer und dazu noch eine gro\u00dfe Landkarte, auf der die Gebiete eingezeichnet sind: Beides zusammen ergibt einen noch nie dagewesenen \u00dcberblick \u00fcber die deutsche Felsenlandschaft. Symbole lassen die wichtigsten Infos auf einen Blick erkennen. Buch und Karte sind in Kooperation [&#8230;]\n","protected":false},"featured_media":168332,"template":"","meta":[],"product_brand":[],"product_cat":[21539],"product_tag":[],"class_list":{"0":"post-149203","1":"product","2":"type-product","3":"status-publish","4":"has-post-thumbnail","6":"product_cat-fuehrerliteratur-sportklettern-bouldern","7":"pa_autor-dav-marschner-schepers","8":"pa_erscheinungsjahr-21776","9":"pa_region-deutschland","10":"pa_sprache-de","12":"first","13":"instock","14":"taxable","15":"shipping-taxable","16":"purchasable","17":"product-type-simple"},"_links":{"self":[{"href":"https:\/\/pizbube.ch\/en\/wp-json\/wp\/v2\/product\/149203","targetHints":{"allow":["GET"]}}],"collection":[{"href":"https:\/\/pizbube.ch\/en\/wp-json\/wp\/v2\/product"}],"about":[{"href":"https:\/\/pizbube.ch\/en\/wp-json\/wp\/v2\/types\/product"}],"wp:featuredmedia":[{"embeddable":true,"href":"https:\/\/pizbube.ch\/en\/wp-json\/wp\/v2\/media\/168332"}],"wp:attachment":[{"href":"https:\/\/pizbube.ch\/en\/wp-json\/wp\/v2\/media?parent=149203"}],"wp:term":[{"taxonomy":"product_brand","embeddable":true,"href":"https:\/\/pizbube.ch\/en\/wp-json\/wp\/v2\/product_brand?post=149203"},{"taxonomy":"product_cat","embeddable":true,"href":"https:\/\/pizbube.ch\/en\/wp-json\/wp\/v2\/product_cat?post=149203"},{"taxonomy":"product_tag","embeddable":true,"href":"https:\/\/pizbube.ch\/en\/wp-json\/wp\/v2\/product_tag?post=149203"}],"curies":[{"name":"wp","href":"https:\/\/api.w.org\/{rel}","templated":true}]}}