{"id":149206,"date":"2021-01-15T10:59:04","date_gmt":"2021-01-15T10:59:04","guid":{"rendered":"https:\/\/codengine3.ch\/?product=import-placeholder-for-203893"},"modified":"2021-01-15T14:27:39","modified_gmt":"2021-01-15T14:27:39","slug":"stromausfall","status":"publish","type":"product","link":"https:\/\/pizbube.ch\/en\/shop\/stromausfall\/","title":{"rendered":"STROMAUSFALL"},"content":{"rendered":"<p>Gute Nachrichten von der Comic-Front: der 5. Band von Erbses Klettercomics &#8211;<br \/>\nmit dem bezeichnenden Titel &#8218;Stromausfall&#8216; &#8211; ist erschienen! Der neue Band<br \/>\nhandelt unter Anderem von den Umst\u00e4nden und N\u00f6ten des Kletterers, dem<br \/>\nNachwuchs ins Haus steht.  <\/p>\n<p>Diejenigen unter euch, denen so was auch schon passiert ist, d\u00fcrften da<br \/>\neiniges Wiedererkennen. Und die anderen k\u00f6nnen sich ein Bild davon machen, was<br \/>\nmal auf sie zukommt. In jedem Fall schl\u00e4gt&#8217;s auf die Form durch bis hin zum<br \/>\n&#8218;Stromausfall&#8217;&#8230;  <\/p>\n<p>21 x 29,7cm, 68-seitige Broschur. 2. Auflg. 2009  <\/p>","protected":false},"excerpt":{"rendered":"<p>Gute Nachrichten von der Comic-Front: der 5. Band von Erbses Klettercomics &#8211; mit dem bezeichnenden Titel &#8218;Stromausfall&#8216; &#8211; ist erschienen! Der neue Band handelt unter Anderem von den Umst\u00e4nden und N\u00f6ten des Kletterers, dem Nachwuchs ins Haus steht. Diejenigen unter euch, denen so was auch schon passiert ist, d\u00fcrften da einiges Wiedererkennen. Und die anderen [&#8230;]\n","protected":false},"featured_media":31602,"template":"","meta":[],"product_brand":[],"product_cat":[21881],"product_tag":[],"class_list":{"0":"post-149206","1":"product","2":"type-product","3":"status-publish","4":"has-post-thumbnail","6":"product_cat-comics","7":"pa_autor-koepf","8":"pa_erscheinungsjahr-21693","9":"pa_region-deutschland","10":"pa_sprache-de","12":"first","13":"outofstock","14":"taxable","15":"shipping-taxable","16":"purchasable","17":"product-type-simple"},"_links":{"self":[{"href":"https:\/\/pizbube.ch\/en\/wp-json\/wp\/v2\/product\/149206","targetHints":{"allow":["GET"]}}],"collection":[{"href":"https:\/\/pizbube.ch\/en\/wp-json\/wp\/v2\/product"}],"about":[{"href":"https:\/\/pizbube.ch\/en\/wp-json\/wp\/v2\/types\/product"}],"wp:featuredmedia":[{"embeddable":true,"href":"https:\/\/pizbube.ch\/en\/wp-json\/wp\/v2\/media\/31602"}],"wp:attachment":[{"href":"https:\/\/pizbube.ch\/en\/wp-json\/wp\/v2\/media?parent=149206"}],"wp:term":[{"taxonomy":"product_brand","embeddable":true,"href":"https:\/\/pizbube.ch\/en\/wp-json\/wp\/v2\/product_brand?post=149206"},{"taxonomy":"product_cat","embeddable":true,"href":"https:\/\/pizbube.ch\/en\/wp-json\/wp\/v2\/product_cat?post=149206"},{"taxonomy":"product_tag","embeddable":true,"href":"https:\/\/pizbube.ch\/en\/wp-json\/wp\/v2\/product_tag?post=149206"}],"curies":[{"name":"wp","href":"https:\/\/api.w.org\/{rel}","templated":true}]}}