{"id":149211,"date":"2021-01-15T10:59:04","date_gmt":"2021-01-15T10:59:04","guid":{"rendered":"https:\/\/codengine3.ch\/?product=import-placeholder-for-200601"},"modified":"2025-08-09T14:50:14","modified_gmt":"2025-08-09T12:50:14","slug":"engadin-50-skitouren","status":"publish","type":"product","link":"https:\/\/pizbube.ch\/en\/shop\/engadin-50-skitouren\/","title":{"rendered":"Engadin &#8211; 50 Skitouren"},"content":{"rendered":"<p>50 Skitouren im Unter- und Oberengadin (Scuol, Zernez, Ofenpass, Tschierv,<br \/>\nSamedan, Pontresina, Silvaplana, Sils, St. Moritz) f\u00fcr Einsteiger und<br \/>\nGeniesser.<\/p>\n<p>Von genussreichen Abfahrten durch stiebenden Pulverschnee bis hin zu<br \/>\naussichtsreichen hochalpinen Gletschertouren \u2013 das Engadin ist einfach ein<br \/>\nTraum f\u00fcr Skitourengeher. Weit und sonnendurchflutet ist das Gebiet rund um<br \/>\nScuol, Zernez, Samedan, Pontresina und Sankt Moritz; die Saison reicht von<br \/>\nDezember bis Juni. Der Rother Skitourenf\u00fchrer \u00bbEngadin\u00ab stellt 50 wundersch\u00f6ne<br \/>\nZiele f\u00fcr jedes K\u00f6nnen und f\u00fcr jeden Geschmack vor.<\/p>\n<p>Aufstiege auf Gipfel mit atemberaubenden Ausblicken und herrlichen Abfahrten<br \/>\nsind in der Auswahl enthalten, bekannte Berge als auch wahre Geheimtipps.<br \/>\nHochalpine Touren wie auf den Piz Pal\u00fc und den Piz Sesvenna sind besondere<br \/>\nHerausforderungen, daneben gibt es zahlreiche einfache bis mittelschwere<br \/>\nSkitourenvorschl\u00e4ge, die das Herz eines jeden Skitourengehers h\u00f6her schlagen<br \/>\nlassen.<\/p>\n<p>Jeder Tourenvorschlag enth\u00e4lt detaillierte Infos zu Hangausrichtung,<br \/>\nLawinengef\u00e4hrdung und g\u00fcnstigster Jahreszeit, nat\u00fcrlich auch zu Anforderungen,<br \/>\nGehzeiten und H\u00f6henunterschieden. Hinzu kommen genaue und zuverl\u00e4ssige<br \/>\nAnstiegsbeschreibung sowie Tourenk\u00e4rtchen mit Routeneintrag. Durch viele<br \/>\nVorschl\u00e4ge zu Varianten lassen sich die Touren abwechslungsreich und<br \/>\nindividuell gestalten. F\u00fcr die vierte Auflage wurde der Skitourenf\u00fchrer<br \/>\ngrundlegend aktualisiert und vier neue Touren wurden aufgenommen, sodass jeder<br \/>\nSkitourengeher jetzt auf dem neuesten Stand ist.<\/p>\n<p>4. Auflage 2018<br \/>\n144 Seiten mit 78 Farbabbildungen<br \/>\n50 Tourenk\u00e4rtchen im Ma\u00dfstab 1:100.000, eine \u00dcbersichtskarte im Ma\u00dfstab,<br \/>\n1:500.000<\/p>","protected":false},"excerpt":{"rendered":"<ul>\n<li><strong><a href=\"https:\/\/pizbube.ch\/wp-content\/uploads\/attachments\/a_024\/843DB5D4E9E623D12792E3DCCF84351A.pdf\" target=\"_blank\" rel=\"noopener\">PDF: engadin_skitouren_inhalt.pdf<\/a><\/strong><\/li>\n<\/ul>","protected":false},"featured_media":180841,"template":"","meta":[],"product_brand":[],"product_cat":[21540],"product_tag":[],"class_list":{"0":"post-149211","1":"product","2":"type-product","3":"status-publish","4":"has-post-thumbnail","6":"product_cat-fuehrerliteratur-alpin-winter","7":"pa_autor-weiss","8":"pa_erscheinungsjahr-21546","9":"pa_region-schweiz","10":"pa_sprache-de","12":"first","13":"instock","14":"taxable","15":"shipping-taxable","16":"purchasable","17":"product-type-simple"},"_links":{"self":[{"href":"https:\/\/pizbube.ch\/en\/wp-json\/wp\/v2\/product\/149211","targetHints":{"allow":["GET"]}}],"collection":[{"href":"https:\/\/pizbube.ch\/en\/wp-json\/wp\/v2\/product"}],"about":[{"href":"https:\/\/pizbube.ch\/en\/wp-json\/wp\/v2\/types\/product"}],"wp:featuredmedia":[{"embeddable":true,"href":"https:\/\/pizbube.ch\/en\/wp-json\/wp\/v2\/media\/180841"}],"wp:attachment":[{"href":"https:\/\/pizbube.ch\/en\/wp-json\/wp\/v2\/media?parent=149211"}],"wp:term":[{"taxonomy":"product_brand","embeddable":true,"href":"https:\/\/pizbube.ch\/en\/wp-json\/wp\/v2\/product_brand?post=149211"},{"taxonomy":"product_cat","embeddable":true,"href":"https:\/\/pizbube.ch\/en\/wp-json\/wp\/v2\/product_cat?post=149211"},{"taxonomy":"product_tag","embeddable":true,"href":"https:\/\/pizbube.ch\/en\/wp-json\/wp\/v2\/product_tag?post=149211"}],"curies":[{"name":"wp","href":"https:\/\/api.w.org\/{rel}","templated":true}]}}