{"id":149212,"date":"2021-01-15T10:59:05","date_gmt":"2021-01-15T10:59:05","guid":{"rendered":"https:\/\/codengine3.ch\/?product=import-placeholder-for-205149"},"modified":"2024-03-04T13:11:52","modified_gmt":"2024-03-04T12:11:52","slug":"skitouren-graubuenden-nord","status":"publish","type":"product","link":"https:\/\/pizbube.ch\/en\/shop\/skitouren-graubuenden-nord\/","title":{"rendered":"Skitouren Graub\u00fcnden Nord"},"content":{"rendered":"<p>Pr\u00e4ttigau \/ R\u00e4tikon, Surselva, Rheinwald.<\/p>\n<p>Der reich bebilderte und \u00fcbersichtliche Skitourenf\u00fchrer umfasst das Pr\u00e4ttigau, Schanfigg, Surselva, die T\u00e4ler Vals und Safien sowie Rheinwald und das Misox.<\/p>\n<p>Das Gebiet bietet mehr als 500 Routen, von der Genusstour bis zu anspruchsvollen Gipfelzielen. Bergf\u00fchrer Vital Eggenberger hat bei dieser 4. Auflage des bew\u00e4hrten F\u00fchrers wiederum auf seine grosse Gebietskompetenz zur\u00fcckgreifen k\u00f6nnen und sehr viele spezifische Informationen aktualisiert.<\/p>\n<p>Dieser Skitourenf\u00fchrer geh\u00f6rt zu den meistgefragten B\u00fcchern des SAC \u2013 kein Wunder bei einem Gebiet mit mehr als 500 Routen von der Genusstour bis zu anspruchsvollen Gipfelzielen. Bergf\u00fchrer Vital Eggenberger hat bei dieser zweiten Auflage wiederum auf seine grosse Gebietskompetenz zur\u00fcckgreifen k\u00f6nnen und den bew\u00e4hrten F\u00fchrer aktualisiert.<\/p>\n<p>464 Seiten, 119 Routenfotos, 10 Farbfotos und 3 \u00dcbersichtskarten, 4. Auflage<\/p>","protected":false},"excerpt":{"rendered":"<p>Pr\u00e4ttigau \/ R\u00e4tikon, Surselva, Rheinwald. Der reich bebilderte und \u00fcbersichtliche Skitourenf\u00fchrer umfasst das Pr\u00e4ttigau, Schanfigg, Surselva, die T\u00e4ler Vals und Safien sowie Rheinwald und das Misox. Das Gebiet bietet mehr als 500 Routen, von der Genusstour bis zu anspruchsvollen Gipfelzielen. Bergf\u00fchrer Vital Eggenberger hat bei dieser 4. Auflage des bew\u00e4hrten F\u00fchrers wiederum auf seine grosse [&#8230;]\n","protected":false},"featured_media":171461,"template":"","meta":[],"product_brand":[],"product_cat":[21540],"product_tag":[],"class_list":{"0":"post-149212","1":"product","2":"type-product","3":"status-publish","4":"has-post-thumbnail","6":"product_cat-fuehrerliteratur-alpin-winter","7":"pa_autor-eggenberger","8":"pa_erscheinungsjahr-21597","9":"pa_region-schweiz","10":"pa_sprache-de","12":"first","13":"outofstock","14":"taxable","15":"shipping-taxable","16":"purchasable","17":"product-type-simple"},"_links":{"self":[{"href":"https:\/\/pizbube.ch\/en\/wp-json\/wp\/v2\/product\/149212","targetHints":{"allow":["GET"]}}],"collection":[{"href":"https:\/\/pizbube.ch\/en\/wp-json\/wp\/v2\/product"}],"about":[{"href":"https:\/\/pizbube.ch\/en\/wp-json\/wp\/v2\/types\/product"}],"wp:featuredmedia":[{"embeddable":true,"href":"https:\/\/pizbube.ch\/en\/wp-json\/wp\/v2\/media\/171461"}],"wp:attachment":[{"href":"https:\/\/pizbube.ch\/en\/wp-json\/wp\/v2\/media?parent=149212"}],"wp:term":[{"taxonomy":"product_brand","embeddable":true,"href":"https:\/\/pizbube.ch\/en\/wp-json\/wp\/v2\/product_brand?post=149212"},{"taxonomy":"product_cat","embeddable":true,"href":"https:\/\/pizbube.ch\/en\/wp-json\/wp\/v2\/product_cat?post=149212"},{"taxonomy":"product_tag","embeddable":true,"href":"https:\/\/pizbube.ch\/en\/wp-json\/wp\/v2\/product_tag?post=149212"}],"curies":[{"name":"wp","href":"https:\/\/api.w.org\/{rel}","templated":true}]}}