{"id":149214,"date":"2021-01-15T10:59:05","date_gmt":"2021-01-15T10:59:05","guid":{"rendered":"https:\/\/codengine3.ch\/?product=import-placeholder-for-200912"},"modified":"2025-08-09T14:46:36","modified_gmt":"2025-08-09T12:46:36","slug":"rund-um-davos-skitourenfuehrer-praettigau-klosters-arosa-berguen-bivio","status":"publish","type":"product","link":"https:\/\/pizbube.ch\/en\/shop\/rund-um-davos-skitourenfuehrer-praettigau-klosters-arosa-berguen-bivio\/","title":{"rendered":"Rund um Davos Skitourenf\u00fchrer Pr\u00e4ttigau- Klosters- Arosa- Berg\u00fcn- Bivio"},"content":{"rendered":"<p>Skitouren f\u00fcr Einsteiger und Geniesser. 50 Skitouren zwischen R\u00e4tikon,<br \/>\nSilvretta und Albula.<\/p>\n<p>Neben der Landschaft Davos und dem Pr\u00e4ttigau nun auch das Schanfigg mit dem<br \/>\nber\u00fchmten Arosa, das Albulatal sowie das Oberhalbstein mit Touren an der<br \/>\nWestrampe des Julierpasses vertreten. Aus diesen f\u00fcnf prachtvollen und in<br \/>\nihrer Eigenart recht unterschiedlichen Tourengebieten haben die Autoren<br \/>\nwahrhafte Rosinen herausgepickt; steile s\u00fcdseitige Kare f\u00fcr butterweichen Firn<br \/>\nfinden sich ebenso wie schneesichere hochalpine Touren.<\/p>\n<p>Eine \u00dcbersichtskarte und eine farbige dreistufige Schwierigkeitsskala<br \/>\nerleichtern bereits auf den ersten Blick die Tourenauswahl. Die zuverl\u00e4ssigen<br \/>\nAnstiegsbeschreibungen sowie die zahlreichen Kurzinfos zu Ausgangspunkten und<br \/>\nderen Erreichbarkeit mit \u00f6ffentlichen Verkehrsmitteln, zu H\u00f6henunterschieden,<br \/>\nGehzeiten, Anforderungen, Orientierung, Hangausrichtung, Lawinengef\u00e4hrdung,<br \/>\ng\u00fcnstiger Jahreszeit und Varianten werden erg\u00e4nzt durch Detailk\u00e4rtchen mit<br \/>\neingetragenem Routenverlauf sowie zahlreiche Farbfotos.<\/p>\n<p>66 Farbfotos, 50 Tourenk\u00e4rtchen. 144 S. (3. Auflage 2014)<\/p>","protected":false},"excerpt":{"rendered":"<p>Skitouren f\u00fcr Einsteiger und Geniesser. 50 Skitouren zwischen R\u00e4tikon, Silvretta und Albula. Neben der Landschaft Davos und dem Pr\u00e4ttigau nun auch das Schanfigg mit dem ber\u00fchmten Arosa, das Albulatal sowie das Oberhalbstein mit Touren an der Westrampe des Julierpasses vertreten. Aus diesen f\u00fcnf prachtvollen und in ihrer Eigenart recht unterschiedlichen Tourengebieten haben die Autoren wahrhafte [&#8230;]\n","protected":false},"featured_media":180838,"template":"","meta":[],"product_brand":[],"product_cat":[21540],"product_tag":[],"class_list":{"0":"post-149214","1":"product","2":"type-product","3":"status-publish","4":"has-post-thumbnail","6":"product_cat-fuehrerliteratur-alpin-winter","7":"pa_autor-weiss","8":"pa_erscheinungsjahr-21550","9":"pa_region-schweiz","10":"pa_sprache-de","12":"first","13":"instock","14":"taxable","15":"shipping-taxable","16":"purchasable","17":"product-type-simple"},"_links":{"self":[{"href":"https:\/\/pizbube.ch\/en\/wp-json\/wp\/v2\/product\/149214","targetHints":{"allow":["GET"]}}],"collection":[{"href":"https:\/\/pizbube.ch\/en\/wp-json\/wp\/v2\/product"}],"about":[{"href":"https:\/\/pizbube.ch\/en\/wp-json\/wp\/v2\/types\/product"}],"wp:featuredmedia":[{"embeddable":true,"href":"https:\/\/pizbube.ch\/en\/wp-json\/wp\/v2\/media\/180838"}],"wp:attachment":[{"href":"https:\/\/pizbube.ch\/en\/wp-json\/wp\/v2\/media?parent=149214"}],"wp:term":[{"taxonomy":"product_brand","embeddable":true,"href":"https:\/\/pizbube.ch\/en\/wp-json\/wp\/v2\/product_brand?post=149214"},{"taxonomy":"product_cat","embeddable":true,"href":"https:\/\/pizbube.ch\/en\/wp-json\/wp\/v2\/product_cat?post=149214"},{"taxonomy":"product_tag","embeddable":true,"href":"https:\/\/pizbube.ch\/en\/wp-json\/wp\/v2\/product_tag?post=149214"}],"curies":[{"name":"wp","href":"https:\/\/api.w.org\/{rel}","templated":true}]}}