{"id":149215,"date":"2021-01-15T10:59:05","date_gmt":"2021-01-15T10:59:05","guid":{"rendered":"https:\/\/codengine3.ch\/?product=import-placeholder-for-205583"},"modified":"2023-02-10T08:49:38","modified_gmt":"2023-02-10T07:49:38","slug":"snow-trail-map-05-oberengadin-1-50-000","status":"publish","type":"product","link":"https:\/\/pizbube.ch\/en\/shop\/snow-trail-map-05-oberengadin-1-50-000\/","title":{"rendered":"Snow Trail Map 05: Oberengadin 1: 50 000"},"content":{"rendered":"<p>Reiss- und wasserfeste Schneeschuhkarte f\u00fcr das Oberengadin. Die Karte enth\u00e4lt<br \/>\ndie besten Schneeschuh-Routen, abgestuft in einfache und alpine Strecken. Als<br \/>\nKartenbasis dienen die Originalkarten von Siwsstopo im Massstab 1:50`000.<br \/>\nNeben den Routen sind alle Wildruhezonen (Betretungsverbot, ausser auf<br \/>\nKorridoren) und Wildschutzzonen (Betretung sollte vermieden werden)<br \/>\neingezeichnet.<br \/>\nHangneigungen \u00fcber 30 Grad sind rot eingef\u00e4rbt.<\/p>\n<p>R\u00fcckseite:<br \/>\nF\u00fcnf ausf\u00fchrlich beschriebene Touren, visualisert mit einem H\u00f6henprofil und<br \/>\nAngaben zu L\u00e4nge und Wanderzeit.<br \/>\nAusf\u00fchrliche Lawinen-Informationen<br \/>\nWichtige Adressen der Region (\u00dcbernachtungsm\u00f6glichkeiten, Schneeschuh-<br \/>\nVermietungen, Touren-Anbieter und Tourismusb\u00fcros)<\/p>\n<p>Gebiet:<br \/>\nDie Karte deckt das Oberengadin von Maloja \u00fcber St. Moritz bis nach Samaden<br \/>\nund Pontresina ab, sowie den Berninapass und Posciavo und Livigno.<\/p>\n<p>2. Auflage 2012<\/p>","protected":false},"excerpt":{"rendered":"<p>Reiss- und wasserfeste Schneeschuhkarte f\u00fcr das Oberengadin. Die Karte enth\u00e4lt die besten Schneeschuh-Routen, abgestuft in einfache und alpine Strecken. Als Kartenbasis dienen die Originalkarten von Siwsstopo im Massstab 1:50`000. Neben den Routen sind alle Wildruhezonen (Betretungsverbot, ausser auf Korridoren) und Wildschutzzonen (Betretung sollte vermieden werden) eingezeichnet. Hangneigungen \u00fcber 30 Grad sind rot eingef\u00e4rbt. R\u00fcckseite: F\u00fcnf [&#8230;]\n","protected":false},"featured_media":36954,"template":"","meta":[],"product_brand":[],"product_cat":[21543],"product_tag":[],"class_list":{"0":"post-149215","1":"product","2":"type-product","3":"status-publish","4":"has-post-thumbnail","6":"product_cat-landkarten","7":"pa_autor-ssp","8":"pa_erscheinungsjahr-21621","9":"pa_region-schweiz","10":"pa_sprache-de","12":"first","13":"outofstock","14":"taxable","15":"shipping-taxable","16":"purchasable","17":"product-type-simple"},"_links":{"self":[{"href":"https:\/\/pizbube.ch\/en\/wp-json\/wp\/v2\/product\/149215","targetHints":{"allow":["GET"]}}],"collection":[{"href":"https:\/\/pizbube.ch\/en\/wp-json\/wp\/v2\/product"}],"about":[{"href":"https:\/\/pizbube.ch\/en\/wp-json\/wp\/v2\/types\/product"}],"wp:featuredmedia":[{"embeddable":true,"href":"https:\/\/pizbube.ch\/en\/wp-json\/wp\/v2\/media\/36954"}],"wp:attachment":[{"href":"https:\/\/pizbube.ch\/en\/wp-json\/wp\/v2\/media?parent=149215"}],"wp:term":[{"taxonomy":"product_brand","embeddable":true,"href":"https:\/\/pizbube.ch\/en\/wp-json\/wp\/v2\/product_brand?post=149215"},{"taxonomy":"product_cat","embeddable":true,"href":"https:\/\/pizbube.ch\/en\/wp-json\/wp\/v2\/product_cat?post=149215"},{"taxonomy":"product_tag","embeddable":true,"href":"https:\/\/pizbube.ch\/en\/wp-json\/wp\/v2\/product_tag?post=149215"}],"curies":[{"name":"wp","href":"https:\/\/api.w.org\/{rel}","templated":true}]}}