{"id":149216,"date":"2021-01-15T10:59:05","date_gmt":"2021-01-15T10:59:05","guid":{"rendered":"https:\/\/codengine3.ch\/?product=import-placeholder-for-208356"},"modified":"2026-02-07T09:51:24","modified_gmt":"2026-02-07T08:51:24","slug":"skitouren-graubuenden-sued","status":"publish","type":"product","link":"https:\/\/pizbube.ch\/en\/shop\/skitouren-graubuenden-sued\/","title":{"rendered":"Skitouren Graub\u00fcnden S\u00fcd"},"content":{"rendered":"<p>Avers \/ Surs\u00e9s \/ Albula \/ Davos \/ Silvretta \/ Engiadina<\/p>\n<p>Dieser zweite Band Graub\u00fcndens beschreibt Gipfelziele zwischen Piz Platta und<br \/>\nPiz Buin, vom Piz Kesch bis zum Piz Pal\u00fc im Engadin.<\/p>\n<p>Neben diesen ber\u00fchmten Skibergen werden auch unz\u00e4hlige weniger bekannte, aber<br \/>\nnicht weniger interessante Gipfel beschrieben wie Bocktenhorn, Chrachenhorn<br \/>\noder Ils chalchogns. In dieser dreisprachigen Ecke der Schweiz findet jeder<br \/>\nSkitourist sein Ziel.<\/p>\n<p>Diese aktualisierte 4. Auflage des Skitourenf\u00fchrer Graub\u00fcnden S\u00fcd wurde<br \/>\ngrundlegend \u00fcberarbeitet: Aufteilung in 8 Regionen, \u00fcber 60 neue Gipfelziele,<br \/>\ntotal rund 800 Routen, neue Routenfotos, alle Angaben aktualisiert und<br \/>\nabgestimmt auf die aktuellen Landes- und Schneesportkarten von swisstopo \u2013 es<br \/>\ngibt keinen kompletteren \u00dcberblick \u00fcber das Skitourenangebot in diesem Gebiet.<br \/>\nZudem wurde der F\u00fchrer mit vielen neuen Routenbildern erg\u00e4nzt und aufgewertet.<\/p>\n<p>Der B\u00fcndner Bergf\u00fchrer Vital Eggenberger stellt in \u00abGraub\u00fcnden S\u00fcd\u00bb mit allen<br \/>\n(ski)touristischen Infos die s\u00fcd\u00f6stliche H\u00e4lfte der weissen B\u00fcndner Berge<br \/>\nzwischen Piz Buin und Piz Bernina, Piz Platta und Piz Chavalatsch, dem<br \/>\n\u00f6stlichsten Punkt der Schweiz, vor.<\/p>\n<p>4. Auflage 2020; 520 Seiten<\/p>","protected":false},"excerpt":{"rendered":"<ul>\n<li><a href=\"https:\/\/pizbube.ch\/wp-content\/uploads\/attachments\/a_025\/9A2BCC9506870F4956DEDDD3836F4FB5.pdf\" target=\"_blank\" rel=\"noopener\">PDF: Leseprobe_Graubuenden_Sued_Skitourenfuehrer<\/a><\/li>\n<\/ul>","protected":false},"featured_media":156470,"template":"","meta":[],"product_brand":[],"product_cat":[21540],"product_tag":[],"class_list":{"0":"post-149216","1":"product","2":"type-product","3":"status-publish","4":"has-post-thumbnail","6":"product_cat-fuehrerliteratur-alpin-winter","7":"pa_autor-eggenberger","8":"pa_erscheinungsjahr-21558","9":"pa_region-schweiz","10":"pa_sprache-de","12":"first","13":"instock","14":"taxable","15":"shipping-taxable","16":"purchasable","17":"product-type-simple"},"_links":{"self":[{"href":"https:\/\/pizbube.ch\/en\/wp-json\/wp\/v2\/product\/149216","targetHints":{"allow":["GET"]}}],"collection":[{"href":"https:\/\/pizbube.ch\/en\/wp-json\/wp\/v2\/product"}],"about":[{"href":"https:\/\/pizbube.ch\/en\/wp-json\/wp\/v2\/types\/product"}],"wp:featuredmedia":[{"embeddable":true,"href":"https:\/\/pizbube.ch\/en\/wp-json\/wp\/v2\/media\/156470"}],"wp:attachment":[{"href":"https:\/\/pizbube.ch\/en\/wp-json\/wp\/v2\/media?parent=149216"}],"wp:term":[{"taxonomy":"product_brand","embeddable":true,"href":"https:\/\/pizbube.ch\/en\/wp-json\/wp\/v2\/product_brand?post=149216"},{"taxonomy":"product_cat","embeddable":true,"href":"https:\/\/pizbube.ch\/en\/wp-json\/wp\/v2\/product_cat?post=149216"},{"taxonomy":"product_tag","embeddable":true,"href":"https:\/\/pizbube.ch\/en\/wp-json\/wp\/v2\/product_tag?post=149216"}],"curies":[{"name":"wp","href":"https:\/\/api.w.org\/{rel}","templated":true}]}}