{"id":149217,"date":"2021-01-15T10:59:05","date_gmt":"2021-01-15T10:59:05","guid":{"rendered":"https:\/\/codengine3.ch\/?product=import-placeholder-for-208803"},"modified":"2024-04-19T12:01:49","modified_gmt":"2024-04-19T10:01:49","slug":"skitouren-in-der-lombardei-und-in-graubuenden","status":"publish","type":"product","link":"https:\/\/pizbube.ch\/en\/shop\/skitouren-in-der-lombardei-und-in-graubuenden\/","title":{"rendered":"SKITOUREN IN DER LOMBARDEI UND IN GRAUB\u00dcNDEN"},"content":{"rendered":"<p>110 ausgew\u00e4hlte Touren zwischen Comer See, Valtellina, Ortler, Cevedale, Engadin und Graub\u00fcnden<\/p>\n<p>Seit der ersten Ausgabe des F\u00fchrers sind nun schon ein paar Jahre vergangen,<br \/>\nund Schnee unter den Skiern gab es nat\u00fcrlich immer \u2013 manchmal ausreichend,<br \/>\naber des \u00d6fteren leider auch recht wenig. Oft waren die Verh\u00e4ltnisse schwierig<br \/>\nund die Sicherheit lie\u00df zu w\u00fcnschen \u00fcbrig. Wir sa\u00dfen deshalb aber nicht daheim<br \/>\nvor dem Kamin und lie\u00dfen es uns gut gehen, nein, wir machten uns immer wieder<br \/>\nauf und nahmen auch weite Wege in Kauf. Es hat sich gelohnt, obwohl nicht oft<br \/>\nPulverschnee auf uns wartete. Sch\u00f6ne Fotos lie\u00dfen sich zumeist dennoch machen\u2026<\/p>\n<p>In dieser zweiten Ausgabe findet ihr 19 neue Touren, einige der schon<br \/>\nvorhandenen wurden \u00fcbe- rarbeitet und\/oder erfuhren Verbesserungen. Dazu haben<br \/>\nwir (und der Plural ist angebracht, denn der Beitrag der Verleger ist deutlich<br \/>\nzu erkennen!) das Layout verbessert und alle Landkarten komplett \u00fcberarbeitet,<br \/>\nmeiner Meinung nach in entscheidender Weise. Zu den weiteren Neu- igkeiten<br \/>\nz\u00e4hlen zum Beispiel auch die praktischen \u00dcbersichten am Schluss des F\u00fchrers.<br \/>\nUnd jetzt bleibt nur noch eines zu tun: Lesen, Tr\u00e4umen und Losfahren!<\/p>\n<p>440 Seiten<br \/>\n2. Auflage 2018<\/p>","protected":false},"excerpt":{"rendered":"<p>110 ausgew\u00e4hlte Touren zwischen Comer See, Valtellina, Ortler, Cevedale, Engadin und Graub\u00fcnden Seit der ersten Ausgabe des F\u00fchrers sind nun schon ein paar Jahre vergangen, und Schnee unter den Skiern gab es nat\u00fcrlich immer \u2013 manchmal ausreichend, aber des \u00d6fteren leider auch recht wenig. Oft waren die Verh\u00e4ltnisse schwierig und die Sicherheit lie\u00df zu w\u00fcnschen [&#8230;]\n","protected":false},"featured_media":165727,"template":"","meta":[],"product_brand":[],"product_cat":[21540],"product_tag":[],"class_list":{"0":"post-149217","1":"product","2":"type-product","3":"status-publish","4":"has-post-thumbnail","6":"product_cat-fuehrerliteratur-alpin-winter","7":"pa_autor-vale","8":"pa_erscheinungsjahr-21546","9":"pa_region-italien","10":"pa_sprache-de","12":"first","13":"instock","14":"taxable","15":"shipping-taxable","16":"purchasable","17":"product-type-simple"},"_links":{"self":[{"href":"https:\/\/pizbube.ch\/en\/wp-json\/wp\/v2\/product\/149217","targetHints":{"allow":["GET"]}}],"collection":[{"href":"https:\/\/pizbube.ch\/en\/wp-json\/wp\/v2\/product"}],"about":[{"href":"https:\/\/pizbube.ch\/en\/wp-json\/wp\/v2\/types\/product"}],"wp:featuredmedia":[{"embeddable":true,"href":"https:\/\/pizbube.ch\/en\/wp-json\/wp\/v2\/media\/165727"}],"wp:attachment":[{"href":"https:\/\/pizbube.ch\/en\/wp-json\/wp\/v2\/media?parent=149217"}],"wp:term":[{"taxonomy":"product_brand","embeddable":true,"href":"https:\/\/pizbube.ch\/en\/wp-json\/wp\/v2\/product_brand?post=149217"},{"taxonomy":"product_cat","embeddable":true,"href":"https:\/\/pizbube.ch\/en\/wp-json\/wp\/v2\/product_cat?post=149217"},{"taxonomy":"product_tag","embeddable":true,"href":"https:\/\/pizbube.ch\/en\/wp-json\/wp\/v2\/product_tag?post=149217"}],"curies":[{"name":"wp","href":"https:\/\/api.w.org\/{rel}","templated":true}]}}