{"id":149220,"date":"2021-01-15T10:59:05","date_gmt":"2021-01-15T10:59:05","guid":{"rendered":"https:\/\/codengine3.ch\/?product=import-placeholder-for-203736"},"modified":"2021-01-15T14:26:06","modified_gmt":"2021-01-15T14:26:06","slug":"premieres-courses-pour-bien-debuter-en-alpinisme","status":"publish","type":"product","link":"https:\/\/pizbube.ch\/en\/shop\/premieres-courses-pour-bien-debuter-en-alpinisme\/","title":{"rendered":"Premi\u00e8res courses Pour bien d\u00e9buter en alpinisme"},"content":{"rendered":"<p>Il pr\u00e9sente ici une s\u00e9lection de courses en montagne r\u00e9alisables par des<br \/>\nd\u00e9butants, chacune \u00e9tant l&#8217;occasion de d\u00e9couvrir une technique particuli\u00e8re.<br \/>\nPar exemple, telle course dans le massif du Mont- Blanc permet de se<br \/>\nfamiliariser avec les couloirs de glace, telle autre dans les Ecrins va \u00eatre<br \/>\nl&#8217;occasion de d\u00e9couvrir un terrain rocheux aventure dans lequel il faut<br \/>\napprendre \u00e0 s&#8217;assurer avec des \u00e9l\u00e9ments naturels. Ce livre est donc \u00e0 la fois<br \/>\nun manuel pratique et un topo guide. Les photos de grande qualit\u00e9 feront r\u00eaver<br \/>\nles alpinistes d\u00e9butants et renforceront encore leur envie de se lancer dans<br \/>\nleurs premi\u00e8res courses.<br \/>\nAiguille du Midi, Petite Aiguille Verte, Pic de La Grave, Aiguille du Tour,<br \/>\nAiguille de la Vanoise, Grand Paradis, Chemin du Roy, T\u00eate de la Maye, Petite<br \/>\ndent de Veisivi, Pointe des Chamois, Pointes duMidi, Petit Arcellin, Mont-<br \/>\nBlanc de Cheilon, Mont Maudit<\/p>","protected":false},"excerpt":{"rendered":"<p>Il pr\u00e9sente ici une s\u00e9lection de courses en montagne r\u00e9alisables par des d\u00e9butants, chacune \u00e9tant l&#8217;occasion de d\u00e9couvrir une technique particuli\u00e8re. Par exemple, telle course dans le massif du Mont- Blanc permet de se familiariser avec les couloirs de glace, telle autre dans les Ecrins va \u00eatre l&#8217;occasion de d\u00e9couvrir un terrain rocheux aventure dans [&#8230;]\n","protected":false},"featured_media":31407,"template":"","meta":[],"product_brand":[],"product_cat":[21542],"product_tag":[],"class_list":{"0":"post-149220","1":"product","2":"type-product","3":"status-publish","4":"has-post-thumbnail","6":"product_cat-sachbuecher-dokumentationen","7":"pa_autor-gardien","8":"pa_erscheinungsjahr-21750","9":"pa_region-frankreich","10":"pa_sprache-fr","12":"first","13":"instock","14":"taxable","15":"shipping-taxable","16":"purchasable","17":"product-type-simple"},"_links":{"self":[{"href":"https:\/\/pizbube.ch\/en\/wp-json\/wp\/v2\/product\/149220","targetHints":{"allow":["GET"]}}],"collection":[{"href":"https:\/\/pizbube.ch\/en\/wp-json\/wp\/v2\/product"}],"about":[{"href":"https:\/\/pizbube.ch\/en\/wp-json\/wp\/v2\/types\/product"}],"wp:featuredmedia":[{"embeddable":true,"href":"https:\/\/pizbube.ch\/en\/wp-json\/wp\/v2\/media\/31407"}],"wp:attachment":[{"href":"https:\/\/pizbube.ch\/en\/wp-json\/wp\/v2\/media?parent=149220"}],"wp:term":[{"taxonomy":"product_brand","embeddable":true,"href":"https:\/\/pizbube.ch\/en\/wp-json\/wp\/v2\/product_brand?post=149220"},{"taxonomy":"product_cat","embeddable":true,"href":"https:\/\/pizbube.ch\/en\/wp-json\/wp\/v2\/product_cat?post=149220"},{"taxonomy":"product_tag","embeddable":true,"href":"https:\/\/pizbube.ch\/en\/wp-json\/wp\/v2\/product_tag?post=149220"}],"curies":[{"name":"wp","href":"https:\/\/api.w.org\/{rel}","templated":true}]}}