{"id":149221,"date":"2021-01-15T10:59:05","date_gmt":"2021-01-15T10:59:05","guid":{"rendered":"https:\/\/codengine3.ch\/?product=import-placeholder-for-208608"},"modified":"2021-01-15T17:55:52","modified_gmt":"2021-01-15T17:55:52","slug":"glaces-des-alpes-ascensions-classiques","status":"publish","type":"product","link":"https:\/\/pizbube.ch\/en\/shop\/glaces-des-alpes-ascensions-classiques\/","title":{"rendered":"Glaces des Alpes &#8211; Ascensions classiques"},"content":{"rendered":"<p>La glace a toujours attir\u00e9 les alpinistes. Les grandes pentes, les profonds<br \/>\ncouloirs, les s\u00e9racs ou les fines goulottes capturent forc\u00e9ment le regard avec<br \/>\nleurs formes \u00e9l\u00e9gantes, comme si la nature nous sugg\u00e9rait des lignes, des<br \/>\nitin\u00e9raires parfaits.<\/p>\n<p>105 routes de glace de Mont Vis \u00e0 Grossglockner:<br \/>\nMonviso, Les Bans, Mont Pelvoux, Barre des \u00c9crins, Grande Ciamarella, Grande<br \/>\nCasse, Becca di Monciair, Ciarforon, Gran Paradiso, Roccia Viva, Domes de<br \/>\nMiage, Monte Bianco, Tour Ronde, Mont Blanc du Tacul, Aiguille du Midi,<br \/>\nGrandes Jorasses, Aiguille Verte, Les Droites, Aiguille d\u2019Argenti\u00e8re, Combin<br \/>\nde Valsorey, Breithorn Occidentale,<\/p>\n<p>Lyskamm Orientale, Lenzspitze, Allalinhorn, Fletschhorn, M\u00f6nch, Monte<br \/>\nDisgrazia, Piz Roseg, Piz Bernina, Pizzo di Coca, Monte Cristallo, Ortles,<br \/>\nGran Zebr\u00f9, Punta San Matteo, Cima Presanella, Cima Brenta, Cima Tosa, Palla<br \/>\nBianca, Wildspitze, Marmolada, Grossglockner  <\/p>","protected":false},"excerpt":{"rendered":"<p>La glace a toujours attir\u00e9 les alpinistes. Les grandes pentes, les profonds couloirs, les s\u00e9racs ou les fines goulottes capturent forc\u00e9ment le regard avec leurs formes \u00e9l\u00e9gantes, comme si la nature nous sugg\u00e9rait des lignes, des itin\u00e9raires parfaits. 105 routes de glace de Mont Vis \u00e0 Grossglockner: Monviso, Les Bans, Mont Pelvoux, Barre des \u00c9crins, [&#8230;]\n","protected":false},"featured_media":40701,"template":"","meta":[],"product_brand":[],"product_cat":[21540],"product_tag":[],"class_list":{"0":"post-149221","1":"product","2":"type-product","3":"status-publish","4":"has-post-thumbnail","6":"product_cat-fuehrerliteratur-alpin-winter","7":"pa_autor-romelli","8":"pa_erscheinungsjahr-21574","9":"pa_region-uebrigers-europa","10":"pa_sprache-fr","12":"first","13":"instock","14":"taxable","15":"shipping-taxable","16":"purchasable","17":"product-type-simple"},"_links":{"self":[{"href":"https:\/\/pizbube.ch\/en\/wp-json\/wp\/v2\/product\/149221","targetHints":{"allow":["GET"]}}],"collection":[{"href":"https:\/\/pizbube.ch\/en\/wp-json\/wp\/v2\/product"}],"about":[{"href":"https:\/\/pizbube.ch\/en\/wp-json\/wp\/v2\/types\/product"}],"wp:featuredmedia":[{"embeddable":true,"href":"https:\/\/pizbube.ch\/en\/wp-json\/wp\/v2\/media\/40701"}],"wp:attachment":[{"href":"https:\/\/pizbube.ch\/en\/wp-json\/wp\/v2\/media?parent=149221"}],"wp:term":[{"taxonomy":"product_brand","embeddable":true,"href":"https:\/\/pizbube.ch\/en\/wp-json\/wp\/v2\/product_brand?post=149221"},{"taxonomy":"product_cat","embeddable":true,"href":"https:\/\/pizbube.ch\/en\/wp-json\/wp\/v2\/product_cat?post=149221"},{"taxonomy":"product_tag","embeddable":true,"href":"https:\/\/pizbube.ch\/en\/wp-json\/wp\/v2\/product_tag?post=149221"}],"curies":[{"name":"wp","href":"https:\/\/api.w.org\/{rel}","templated":true}]}}