{"id":149222,"date":"2021-01-15T10:59:05","date_gmt":"2021-01-15T10:59:05","guid":{"rendered":"https:\/\/codengine3.ch\/?product=import-placeholder-for-200603"},"modified":"2026-02-05T10:22:17","modified_gmt":"2026-02-05T09:22:17","slug":"escalade-les-calanques","status":"publish","type":"product","link":"https:\/\/pizbube.ch\/en\/shop\/escalade-les-calanques\/","title":{"rendered":"Escalade Les Calanques"},"content":{"rendered":"<p>Le nouveau topo des Calanques \u00e9dition 2023<\/p>\n<p>Ce topo est une s\u00e9lection \u00e9largie des escalades dans le massif des Calanques.<br \/>\nIl s\u2019inscrit dans la lign\u00e9e des pr\u00e9c\u00e9dents topos publi\u00e9s par le CD 13 FFME.<\/p>\n<p>Nous nous sommes efforc\u00e9s de respecter plusieurs crit\u00e8res : ne pas d\u00e9passer le<br \/>\ncadre d\u2019une publication en un seul volume, assurer une couverture du massif la<br \/>\nplus compl\u00e8te possible, r\u00e9pondre \u00e0 la diversit\u00e9 des attentes et des go\u00fbts du<br \/>\npublic grimpeur, susciter de l\u2019int\u00e9r\u00eat pour tous les types de pratique. C\u2019est<br \/>\npourquoi nous avons choisi de pr\u00e9senter plusieurs sites non d\u00e9crits dans le<br \/>\ntopo pr\u00e9c\u00e9dent.<\/p>\n<p>Le massif b\u00e9n\u00e9ficie d\u2019une r\u00e9putation internationale depuis plusieurs dizaines<br \/>\nd\u2019ann\u00e9es et la cr\u00e9ation du Parc national est venue ajouter \u00e0 cette notori\u00e9t\u00e9.<\/p>\n<p>616 pages, \u00e9dition 2023<\/p>\n<p>&nbsp;<\/p>\n<p>Umfassendster und aktuellster Kletterf\u00fchrer von den Calanques:<br \/>\nmit Lagepl\u00e4nen, Topos und Angaben \u00fcber Ausr\u00fcstungsstand.<\/p>\n<p>Ausgabe 2023;<br \/>\n616 Seiten<\/p>","protected":false},"excerpt":{"rendered":"<p>Le nouveau topo des Calanques \u00e9dition 2023 Ce topo est une s\u00e9lection \u00e9largie des escalades dans le massif des Calanques. Il s\u2019inscrit dans la lign\u00e9e des pr\u00e9c\u00e9dents topos publi\u00e9s par le CD 13 FFME. Nous nous sommes efforc\u00e9s de respecter plusieurs crit\u00e8res : ne pas d\u00e9passer le cadre d\u2019une publication en un seul volume, assurer [&#8230;]\n","protected":false},"featured_media":174740,"template":"","meta":[],"product_brand":[],"product_cat":[21539],"product_tag":[],"class_list":{"0":"post-149222","1":"product","2":"type-product","3":"status-publish","4":"has-post-thumbnail","6":"product_cat-fuehrerliteratur-sportklettern-bouldern","7":"pa_autor-bernard-ffme","8":"pa_erscheinungsjahr-27129","9":"pa_region-frankreich","10":"pa_sprache-fr","12":"first","13":"instock","14":"taxable","15":"shipping-taxable","16":"purchasable","17":"product-type-simple"},"_links":{"self":[{"href":"https:\/\/pizbube.ch\/en\/wp-json\/wp\/v2\/product\/149222","targetHints":{"allow":["GET"]}}],"collection":[{"href":"https:\/\/pizbube.ch\/en\/wp-json\/wp\/v2\/product"}],"about":[{"href":"https:\/\/pizbube.ch\/en\/wp-json\/wp\/v2\/types\/product"}],"wp:featuredmedia":[{"embeddable":true,"href":"https:\/\/pizbube.ch\/en\/wp-json\/wp\/v2\/media\/174740"}],"wp:attachment":[{"href":"https:\/\/pizbube.ch\/en\/wp-json\/wp\/v2\/media?parent=149222"}],"wp:term":[{"taxonomy":"product_brand","embeddable":true,"href":"https:\/\/pizbube.ch\/en\/wp-json\/wp\/v2\/product_brand?post=149222"},{"taxonomy":"product_cat","embeddable":true,"href":"https:\/\/pizbube.ch\/en\/wp-json\/wp\/v2\/product_cat?post=149222"},{"taxonomy":"product_tag","embeddable":true,"href":"https:\/\/pizbube.ch\/en\/wp-json\/wp\/v2\/product_tag?post=149222"}],"curies":[{"name":"wp","href":"https:\/\/api.w.org\/{rel}","templated":true}]}}