{"id":149223,"date":"2021-01-15T10:59:05","date_gmt":"2021-01-15T10:59:05","guid":{"rendered":"https:\/\/codengine3.ch\/?product=import-placeholder-for-205829"},"modified":"2025-11-13T17:59:59","modified_gmt":"2025-11-13T16:59:59","slug":"vtopo-calanques-escalade","status":"publish","type":"product","link":"https:\/\/pizbube.ch\/en\/shop\/vtopo-calanques-escalade\/","title":{"rendered":"VTOPO Calanques Escalade"},"content":{"rendered":"<p>Voici le premier topo d`escalade sign\u00e9 VTOPO. De Marseille \u00e0 la Ciotat, parcourez les sites majeurs des Calanques et du Cap Canaille avec les toutes derni\u00e8res voies! 6c maxi!<\/p>\n<p>Nouvelle \u00e9dition du topo Calanques Escalade. De Marseille \u00e0 la Ciotat, parcourez les sites majeurs des Calanques et du Cap Canaille avec les toutes derni\u00e8res voies ! Inclus rando p\u00e9destres, travers\u00e9es, deep water solo&#8230; En plus par rapport \u00e0 l&#8217;\u00e9dition 2009 : impression sur papier PEFC et label Imprim&#8217;Vert, nouveaux r\u00e9\u00e9quipements, nouveaux secteurs couennes et grandes voies, le topo int\u00e9gral du cap Canaille, section Deep Water Solo, rubrique Expression libre, nouveaux onglets pour une navigation rapide&#8230;<\/p>\n<ul>\n<li>Format pratique : A5<\/li>\n<li>Transportable : 430 g<\/li>\n<li>320 pages en couleur<\/li>\n<li>6c maxi obligatoire<\/li>\n<li>1110 voies r\u00e9pertori\u00e9es dont 418 grandes voies et 15 travers\u00e9es<\/li>\n<li>33 travers\u00e9es en sscalade aquatique &#171;Deep water solo&#187;<\/li>\n<li>70 aquarelles originales, 200 photos<\/li>\n<li>Nouveaux r\u00e9\u00e9quipements, derni\u00e8res voies, secteurs r\u00e9cents<\/li>\n<li>22 randos p\u00e9destres, 10 VertiRandos, 2 travers\u00e9es p\u00e9destres int\u00e9grales<\/li>\n<li>G\u00e9olocalisation par photos a\u00e9riennes<\/li>\n<\/ul>\n<p>Un topo pratique, complet, adapt\u00e9 \u00e0 tous les grimpeurs avec un niveau plaisir 6c max en couennes et 6b max en grandes voies. Illustr\u00e9 de photos, de prises de vues a\u00e9riennes, de belles aquarelles, ce VTOPO Roc d\u00e9crit avec pr\u00e9cision les voies, les acc\u00e8s, propose 24 rando p\u00e9destres pour d\u00e9couvrir le massif, dont 2 travers\u00e9es int\u00e9grales du massif, mais aussi 10 VertiRando pour les amateurs de corniches a\u00e9riennes! Un ouvrage beau, complet et technique \u00e0 la fois. Le couteau-suisse des Calanques \u00e0 avoir dans sa biblioth\u00e8que de grimpeur!<\/p>\n<p>2i\u00e8me \u00e9dit. 2011<\/p>","protected":false},"excerpt":{"rendered":"<p>Voici le premier topo d`escalade sign\u00e9 VTOPO. De Marseille \u00e0 la Ciotat, parcourez les sites majeurs des Calanques et du Cap Canaille avec les toutes derni\u00e8res voies! 6c maxi! Nouvelle \u00e9dition du topo Calanques Escalade. De Marseille \u00e0 la Ciotat, parcourez les sites majeurs des Calanques et du Cap Canaille avec les toutes derni\u00e8res voies [&#8230;]\n","protected":false},"featured_media":172689,"template":"","meta":[],"product_brand":[],"product_cat":[21539],"product_tag":[],"class_list":{"0":"post-149223","1":"product","2":"type-product","3":"status-publish","4":"has-post-thumbnail","6":"product_cat-fuehrerliteratur-sportklettern-bouldern","7":"pa_autor-tassan-fenouil","8":"pa_erscheinungsjahr-21610","9":"pa_region-frankreich","10":"pa_sprache-fr","12":"first","13":"instock","14":"taxable","15":"shipping-taxable","16":"purchasable","17":"product-type-simple"},"_links":{"self":[{"href":"https:\/\/pizbube.ch\/en\/wp-json\/wp\/v2\/product\/149223","targetHints":{"allow":["GET"]}}],"collection":[{"href":"https:\/\/pizbube.ch\/en\/wp-json\/wp\/v2\/product"}],"about":[{"href":"https:\/\/pizbube.ch\/en\/wp-json\/wp\/v2\/types\/product"}],"wp:featuredmedia":[{"embeddable":true,"href":"https:\/\/pizbube.ch\/en\/wp-json\/wp\/v2\/media\/172689"}],"wp:attachment":[{"href":"https:\/\/pizbube.ch\/en\/wp-json\/wp\/v2\/media?parent=149223"}],"wp:term":[{"taxonomy":"product_brand","embeddable":true,"href":"https:\/\/pizbube.ch\/en\/wp-json\/wp\/v2\/product_brand?post=149223"},{"taxonomy":"product_cat","embeddable":true,"href":"https:\/\/pizbube.ch\/en\/wp-json\/wp\/v2\/product_cat?post=149223"},{"taxonomy":"product_tag","embeddable":true,"href":"https:\/\/pizbube.ch\/en\/wp-json\/wp\/v2\/product_tag?post=149223"}],"curies":[{"name":"wp","href":"https:\/\/api.w.org\/{rel}","templated":true}]}}