{"id":149224,"date":"2021-01-15T10:59:05","date_gmt":"2021-01-15T10:59:05","guid":{"rendered":"https:\/\/codengine3.ch\/?product=import-placeholder-for-207169"},"modified":"2025-06-12T14:44:00","modified_gmt":"2025-06-12T12:44:00","slug":"escalades-phoceenne","status":"publish","type":"product","link":"https:\/\/pizbube.ch\/en\/shop\/escalades-phoceenne\/","title":{"rendered":"Escalades Phoc\u00e9ennes"},"content":{"rendered":"<p>38 sites autour de Marseille<\/p>\n<p>Attendu depuis plus de six ans ce nouveau topo d\u00e9crit 38 sites autour de<br \/>\nMarseille!<\/p>\n<p>435 pages in\u00e9dites pour grimper autour de la cit\u00e9e Phoc\u00e9enne. De l\u2019\u00e9tang de<br \/>\nBerre \u00e0 Aubagne en passant par la C\u00f4te Bleue et<br \/>\nla Cha\u00eene de l\u2019Etoile, ce topo d\u00e9crit 2063 voies dans les sites phares de:<br \/>\nCh\u00e2teau Virant, Lascours, le vallon du Saut, la Grande \u00c9toile, la Matrice et<br \/>\nde tr\u00e8s nombreux in\u00e9dits.<\/p>\n<p>50% des b\u00e9n\u00e9fices de ce topo sont revers\u00e9s \u00e0 l&#8217;association Les Grimpeurs pour<br \/>\nl&#8217;aide au financement de l&#8217;\u00e9quipement et du r\u00e9\u00e9quipement des sites d&#8217;escalade<br \/>\ndes Bouches du Rh\u00f4nes<\/p>","protected":false},"excerpt":{"rendered":"<p>38 sites autour de Marseille Attendu depuis plus de six ans ce nouveau topo d\u00e9crit 38 sites autour de Marseille! 435 pages in\u00e9dites pour grimper autour de la cit\u00e9e Phoc\u00e9enne. De l\u2019\u00e9tang de Berre \u00e0 Aubagne en passant par la C\u00f4te Bleue et la Cha\u00eene de l\u2019Etoile, ce topo d\u00e9crit 2063 voies dans les sites [&#8230;]\n","protected":false},"featured_media":159205,"template":"","meta":[],"product_brand":[],"product_cat":[21539],"product_tag":[],"class_list":{"0":"post-149224","1":"product","2":"type-product","3":"status-publish","4":"has-post-thumbnail","6":"product_cat-fuehrerliteratur-sportklettern-bouldern","7":"pa_autor-bernard-drouot-guigliarelli","8":"pa_erscheinungsjahr-21621","9":"pa_region-frankreich","10":"pa_sprache-fr","12":"first","13":"onbackorder","14":"taxable","15":"shipping-taxable","16":"purchasable","17":"product-type-simple"},"_links":{"self":[{"href":"https:\/\/pizbube.ch\/en\/wp-json\/wp\/v2\/product\/149224","targetHints":{"allow":["GET"]}}],"collection":[{"href":"https:\/\/pizbube.ch\/en\/wp-json\/wp\/v2\/product"}],"about":[{"href":"https:\/\/pizbube.ch\/en\/wp-json\/wp\/v2\/types\/product"}],"wp:featuredmedia":[{"embeddable":true,"href":"https:\/\/pizbube.ch\/en\/wp-json\/wp\/v2\/media\/159205"}],"wp:attachment":[{"href":"https:\/\/pizbube.ch\/en\/wp-json\/wp\/v2\/media?parent=149224"}],"wp:term":[{"taxonomy":"product_brand","embeddable":true,"href":"https:\/\/pizbube.ch\/en\/wp-json\/wp\/v2\/product_brand?post=149224"},{"taxonomy":"product_cat","embeddable":true,"href":"https:\/\/pizbube.ch\/en\/wp-json\/wp\/v2\/product_cat?post=149224"},{"taxonomy":"product_tag","embeddable":true,"href":"https:\/\/pizbube.ch\/en\/wp-json\/wp\/v2\/product_tag?post=149224"}],"curies":[{"name":"wp","href":"https:\/\/api.w.org\/{rel}","templated":true}]}}