{"id":149225,"date":"2021-01-15T10:59:05","date_gmt":"2021-01-15T10:59:05","guid":{"rendered":"https:\/\/codengine3.ch\/?product=import-placeholder-for-200829"},"modified":"2021-01-15T11:01:17","modified_gmt":"2021-01-15T11:01:17","slug":"escalades-autour-de-toulon-tome-1","status":"publish","type":"product","link":"https:\/\/pizbube.ch\/en\/shop\/escalades-autour-de-toulon-tome-1\/","title":{"rendered":"Escalades autour de Toulon Tome 1"},"content":{"rendered":"<p>Tome 1: Cimai- Coudon- Destel- Faron- Jaume- Gros Cerveau- Cride- Cima\u00ef:<br \/>\nregroupement de plusieurs sites d`escalade dans un seul ouvrage! Toulon n`est<br \/>\npas que le chef lieu administratif du d\u00e9partement du Var, il y a aussi<br \/>\nquelques longueurs \u00e0 parcourir. plus de 1000, du Cimai au Baou en passant par<br \/>\nle Coudon et le Faron!<br \/>\nFormat 15&#215;21, 208 pages  <\/p>\n<p>Topof\u00fchrer; beschrieben sind folgende Gebiete:<br \/>\nCimai- Coudon- Destel- Faron- Jaume- Gros Cerveau- Cride- Cima\u00ef<\/p>","protected":false},"excerpt":{"rendered":"<p>Tome 1: Cimai- Coudon- Destel- Faron- Jaume- Gros Cerveau- Cride- Cima\u00ef: regroupement de plusieurs sites d`escalade dans un seul ouvrage! Toulon n`est pas que le chef lieu administratif du d\u00e9partement du Var, il y a aussi quelques longueurs \u00e0 parcourir. plus de 1000, du Cimai au Baou en passant par le Coudon et le Faron! [&#8230;]\n","protected":false},"featured_media":27907,"template":"","meta":[],"product_brand":[],"product_cat":[21539],"product_tag":[],"class_list":{"0":"post-149225","1":"product","2":"type-product","3":"status-publish","4":"has-post-thumbnail","6":"product_cat-fuehrerliteratur-sportklettern-bouldern","7":"pa_autor-garnier","8":"pa_erscheinungsjahr-21920","9":"pa_region-frankreich","10":"pa_sprache-d","11":"pa_sprache-e","12":"pa_sprache-f","13":"pa_sprache-i","14":"pa_sprache-sp","16":"first","17":"outofstock","18":"taxable","19":"shipping-taxable","20":"purchasable","21":"product-type-simple"},"_links":{"self":[{"href":"https:\/\/pizbube.ch\/en\/wp-json\/wp\/v2\/product\/149225","targetHints":{"allow":["GET"]}}],"collection":[{"href":"https:\/\/pizbube.ch\/en\/wp-json\/wp\/v2\/product"}],"about":[{"href":"https:\/\/pizbube.ch\/en\/wp-json\/wp\/v2\/types\/product"}],"wp:featuredmedia":[{"embeddable":true,"href":"https:\/\/pizbube.ch\/en\/wp-json\/wp\/v2\/media\/27907"}],"wp:attachment":[{"href":"https:\/\/pizbube.ch\/en\/wp-json\/wp\/v2\/media?parent=149225"}],"wp:term":[{"taxonomy":"product_brand","embeddable":true,"href":"https:\/\/pizbube.ch\/en\/wp-json\/wp\/v2\/product_brand?post=149225"},{"taxonomy":"product_cat","embeddable":true,"href":"https:\/\/pizbube.ch\/en\/wp-json\/wp\/v2\/product_cat?post=149225"},{"taxonomy":"product_tag","embeddable":true,"href":"https:\/\/pizbube.ch\/en\/wp-json\/wp\/v2\/product_tag?post=149225"}],"curies":[{"name":"wp","href":"https:\/\/api.w.org\/{rel}","templated":true}]}}