{"id":149226,"date":"2021-01-15T10:59:05","date_gmt":"2021-01-15T10:59:05","guid":{"rendered":"https:\/\/codengine3.ch\/?product=import-placeholder-for-205286"},"modified":"2021-01-15T14:40:07","modified_gmt":"2021-01-15T14:40:07","slug":"voyage-aux-calanques","status":"publish","type":"product","link":"https:\/\/pizbube.ch\/en\/shop\/voyage-aux-calanques\/","title":{"rendered":"Voyage aux calanques"},"content":{"rendered":"<p>L&#8217;histoire, toute simple, de six jours d&#8217;escapade en barquette entre Marseille<br \/>\net Cassis&#8230;  <\/p>\n<p>Un voyage po\u00e9tique, racont\u00e9 par un Marseillais pur cru, pour d\u00e9couvrir les<br \/>\nrichesses de l&#8217;un des plus beaux sites de la M\u00e9diterran\u00e9e- voire du monde !  <\/p>\n<p>Des hauteurs du mont Puget jusqu&#8217;aux profondeurs marines de l&#8217;\u00eele de Riou ou<br \/>\ndu cap Devenson, depuis les falaises de Casteviel jusqu&#8217;aux eaux cristallines<br \/>\nde Sormiou ou d&#8217;En Vau, l&#8217;univers prodigieux des calanques se d\u00e9cline \u00e0<br \/>\ntravers plusieurs approches compl\u00e9mentaires : la g\u00e9ographie, l&#8217;histoire, la<br \/>\ng\u00e9ologie, la faune et flore terrestres et sous-marines.  <\/p>\n<p>Pour aller \u00e0 la rencontre de ces merveilles, le lecteur est invit\u00e9 \u00e0 bord<br \/>\nd&#8217;une ancienne petite barquette de p\u00eache pour six jours et six nuits d&#8217;\u00e9vasion<br \/>\ntotale en fusion parfaite avec la nature, au tout d\u00e9but de l&#8217;\u00e9t\u00e9. Outre un<br \/>\n\u00e9merveillement de chaque instant, il ouvre la porte \u00e0 diverses activit\u00e9s qui,<br \/>\nsi elles sont effectu\u00e9es dans le plus grand respect de l&#8217;environnement, font<br \/>\ndes calanques un formidable terrain de d\u00e9couverte : promenade et randonn\u00e9e<br \/>\np\u00e9destre, navigation d&#8217;un mouillage \u00e0 l&#8217;autre, escalade, balade en kayak ou en<br \/>\ncano\u00eb, plong\u00e9e sous-marine, mais aussi promenade en surface avec pour seul<br \/>\n\u00e9quipement, un masque, un tuba et des palmes.  <\/p>","protected":false},"excerpt":{"rendered":"<p>L&#8217;histoire, toute simple, de six jours d&#8217;escapade en barquette entre Marseille et Cassis&#8230; Un voyage po\u00e9tique, racont\u00e9 par un Marseillais pur cru, pour d\u00e9couvrir les richesses de l&#8217;un des plus beaux sites de la M\u00e9diterran\u00e9e- voire du monde ! Des hauteurs du mont Puget jusqu&#8217;aux profondeurs marines de l&#8217;\u00eele de Riou ou du cap Devenson, [&#8230;]\n","protected":false},"featured_media":33951,"template":"","meta":[],"product_brand":[],"product_cat":[21542],"product_tag":[],"class_list":{"0":"post-149226","1":"product","2":"type-product","3":"status-publish","4":"has-post-thumbnail","6":"product_cat-sachbuecher-dokumentationen","7":"pa_autor-mouton","8":"pa_erscheinungsjahr-21591","9":"pa_region-frankreich","10":"pa_sprache-fr","12":"first","13":"instock","14":"taxable","15":"shipping-taxable","16":"purchasable","17":"product-type-simple"},"_links":{"self":[{"href":"https:\/\/pizbube.ch\/en\/wp-json\/wp\/v2\/product\/149226","targetHints":{"allow":["GET"]}}],"collection":[{"href":"https:\/\/pizbube.ch\/en\/wp-json\/wp\/v2\/product"}],"about":[{"href":"https:\/\/pizbube.ch\/en\/wp-json\/wp\/v2\/types\/product"}],"wp:featuredmedia":[{"embeddable":true,"href":"https:\/\/pizbube.ch\/en\/wp-json\/wp\/v2\/media\/33951"}],"wp:attachment":[{"href":"https:\/\/pizbube.ch\/en\/wp-json\/wp\/v2\/media?parent=149226"}],"wp:term":[{"taxonomy":"product_brand","embeddable":true,"href":"https:\/\/pizbube.ch\/en\/wp-json\/wp\/v2\/product_brand?post=149226"},{"taxonomy":"product_cat","embeddable":true,"href":"https:\/\/pizbube.ch\/en\/wp-json\/wp\/v2\/product_cat?post=149226"},{"taxonomy":"product_tag","embeddable":true,"href":"https:\/\/pizbube.ch\/en\/wp-json\/wp\/v2\/product_tag?post=149226"}],"curies":[{"name":"wp","href":"https:\/\/api.w.org\/{rel}","templated":true}]}}