{"id":149228,"date":"2021-01-15T10:59:05","date_gmt":"2021-01-15T10:59:05","guid":{"rendered":"https:\/\/codengine3.ch\/?product=import-placeholder-for-204106"},"modified":"2021-01-15T14:29:52","modified_gmt":"2021-01-15T14:29:52","slug":"escalade-a-roquevaire","status":"publish","type":"product","link":"https:\/\/pizbube.ch\/en\/shop\/escalade-a-roquevaire\/","title":{"rendered":"Escalade \u00e0 Roquevaire"},"content":{"rendered":"<p>Il s&#8217;agit des falaises grimpables dans le site Le Grand Vallon qui se situe \u00e0<br \/>\n2 km de Roquevaire et \u00e0 25 km \u00e0 l&#8217;est de Marseille. Le site a \u00e9t\u00e9<br \/>\nconventionn\u00e9, et est int\u00e9gralement inscrit dans le site Natura 2000 des<br \/>\nmassifs de l&#8217;Etoile et du Garlaban. Quelques 105 voies sont d\u00e9crites dans ce<br \/>\ntopo et la cotation va du 3c au 8c ce qui permet \u00e0 chacun de trouver voie \u00e0<br \/>\nson pied !  <\/p>","protected":false},"excerpt":{"rendered":"<p>Il s&#8217;agit des falaises grimpables dans le site Le Grand Vallon qui se situe \u00e0 2 km de Roquevaire et \u00e0 25 km \u00e0 l&#8217;est de Marseille. Le site a \u00e9t\u00e9 conventionn\u00e9, et est int\u00e9gralement inscrit dans le site Natura 2000 des massifs de l&#8217;Etoile et du Garlaban. Quelques 105 voies sont d\u00e9crites dans ce [&#8230;]\n","protected":false},"featured_media":31859,"template":"","meta":[],"product_brand":[],"product_cat":[21539],"product_tag":[],"class_list":{"0":"post-149228","1":"product","2":"type-product","3":"status-publish","4":"has-post-thumbnail","6":"product_cat-fuehrerliteratur-sportklettern-bouldern","7":"pa_autor-gorgeon-dalbavie","8":"pa_erscheinungsjahr-21920","9":"pa_region-frankreich","10":"pa_sprache-fr","12":"first","13":"instock","14":"taxable","15":"shipping-taxable","16":"purchasable","17":"product-type-simple"},"_links":{"self":[{"href":"https:\/\/pizbube.ch\/en\/wp-json\/wp\/v2\/product\/149228","targetHints":{"allow":["GET"]}}],"collection":[{"href":"https:\/\/pizbube.ch\/en\/wp-json\/wp\/v2\/product"}],"about":[{"href":"https:\/\/pizbube.ch\/en\/wp-json\/wp\/v2\/types\/product"}],"wp:featuredmedia":[{"embeddable":true,"href":"https:\/\/pizbube.ch\/en\/wp-json\/wp\/v2\/media\/31859"}],"wp:attachment":[{"href":"https:\/\/pizbube.ch\/en\/wp-json\/wp\/v2\/media?parent=149228"}],"wp:term":[{"taxonomy":"product_brand","embeddable":true,"href":"https:\/\/pizbube.ch\/en\/wp-json\/wp\/v2\/product_brand?post=149228"},{"taxonomy":"product_cat","embeddable":true,"href":"https:\/\/pizbube.ch\/en\/wp-json\/wp\/v2\/product_cat?post=149228"},{"taxonomy":"product_tag","embeddable":true,"href":"https:\/\/pizbube.ch\/en\/wp-json\/wp\/v2\/product_tag?post=149228"}],"curies":[{"name":"wp","href":"https:\/\/api.w.org\/{rel}","templated":true}]}}