{"id":149229,"date":"2021-01-15T10:59:05","date_gmt":"2021-01-15T10:59:05","guid":{"rendered":"https:\/\/codengine3.ch\/?product=import-placeholder-for-204732"},"modified":"2025-03-28T11:35:10","modified_gmt":"2025-03-28T10:35:10","slug":"escalade-les-calanques-marseille-cassis-la-ciotat","status":"publish","type":"product","link":"https:\/\/pizbube.ch\/en\/shop\/escalade-les-calanques-marseille-cassis-la-ciotat\/","title":{"rendered":"Escalade Les Calanques &#8211; Marseille Cassis La Ciotat"},"content":{"rendered":"<p>Le massif des Calanques est une succession ininterrompue de pointes, de faces,<br \/>\nde roches nues, et de falaises \u00e0 pic sur la mer omnipr\u00e9sente. Blotti entre la<br \/>\nm\u00e9tropole marseillaise au nord-ouest, et le port de Cassis puis de La Ciotat<br \/>\nau sud-est, cet espace naturel exceptionnel est devenu Parc National en avril<br \/>\n2012.<\/p>\n<p>D\u00e8s le tout d\u00e9but du XX\u00e8me si\u00e8cle, cette concentration unique de falaises<br \/>\ncalcaire \u00e0 proximit\u00e9 de la mer, a attir\u00e9 les grimpeurs de toutes r\u00e9gions.<br \/>\nDepuis plusieurs dizaines d\u2019ann\u00e9es Jean-Louis Fenouil et Papick Bracco sont<br \/>\ndes acteurs actifs de la \u2018grimpe marseillaise\u2019. Grace \u00e0 leur parfaite<br \/>\nconnaissance des Calanques et du Cap Canaille, ces deux grimpeurs et ouvreurs<br \/>\npassionn\u00e9s ont unis leurs talents de photographe et d\u2019aquarelliste pour cr\u00e9er<br \/>\nun ouvrage original, aussi artistique que technique.<\/p>\n<p>Ils ont fait le choix personnel de s\u00e9lectionner 157 grandes voies et<br \/>\ntravers\u00e9es de tout niveau, qui traduisent si bien \u2018l\u2019Esprit Calanques\u2019 qui<br \/>\nleur est cher. Ils nous guident ainsi \u00e0 travers 50 secteurs diff\u00e9rents de<br \/>\nMarseille et La Ciotat, d\u00e9crivant longueur apr\u00e8s longueur ces presque 20.000 m<br \/>\nd\u2019escalade maritime. Les 100 photos in\u00e9dites, souvent pleine page, et les 50<br \/>\naquarelles o\u00f9 sont trac\u00e9es les voies comme dans un carnet de course, font de<br \/>\nce recueil un livre incontournable.<\/p>\n<p>Format : 30&#215;24 &#8211; Couverture rigide; 168 pages<\/p>","protected":false},"excerpt":{"rendered":"<p>Le massif des Calanques est une succession ininterrompue de pointes, de faces, de roches nues, et de falaises \u00e0 pic sur la mer omnipr\u00e9sente. Blotti entre la m\u00e9tropole marseillaise au nord-ouest, et le port de Cassis puis de La Ciotat au sud-est, cet espace naturel exceptionnel est devenu Parc National en avril 2012. D\u00e8s le [&#8230;]\n","protected":false},"featured_media":33123,"template":"","meta":[],"product_brand":[],"product_cat":[21542],"product_tag":[],"class_list":{"0":"post-149229","1":"product","2":"type-product","3":"status-publish","4":"has-post-thumbnail","6":"product_cat-sachbuecher-dokumentationen","7":"pa_autor-fenouil-bracco","8":"pa_erscheinungsjahr-21571","9":"pa_region-frankreich","10":"pa_sprache-fr","12":"first","13":"outofstock","14":"taxable","15":"shipping-taxable","16":"purchasable","17":"product-type-simple"},"_links":{"self":[{"href":"https:\/\/pizbube.ch\/en\/wp-json\/wp\/v2\/product\/149229","targetHints":{"allow":["GET"]}}],"collection":[{"href":"https:\/\/pizbube.ch\/en\/wp-json\/wp\/v2\/product"}],"about":[{"href":"https:\/\/pizbube.ch\/en\/wp-json\/wp\/v2\/types\/product"}],"wp:featuredmedia":[{"embeddable":true,"href":"https:\/\/pizbube.ch\/en\/wp-json\/wp\/v2\/media\/33123"}],"wp:attachment":[{"href":"https:\/\/pizbube.ch\/en\/wp-json\/wp\/v2\/media?parent=149229"}],"wp:term":[{"taxonomy":"product_brand","embeddable":true,"href":"https:\/\/pizbube.ch\/en\/wp-json\/wp\/v2\/product_brand?post=149229"},{"taxonomy":"product_cat","embeddable":true,"href":"https:\/\/pizbube.ch\/en\/wp-json\/wp\/v2\/product_cat?post=149229"},{"taxonomy":"product_tag","embeddable":true,"href":"https:\/\/pizbube.ch\/en\/wp-json\/wp\/v2\/product_tag?post=149229"}],"curies":[{"name":"wp","href":"https:\/\/api.w.org\/{rel}","templated":true}]}}